{"id":240,"date":"2023-02-16T04:43:33","date_gmt":"2023-02-16T04:43:33","guid":{"rendered":"https:\/\/bybatt.com\/?post_type=product&#038;p=240"},"modified":"2023-03-05T16:17:25","modified_gmt":"2023-03-05T16:17:25","slug":"byd-lifepo4-lead-acid-replacement-battery-for-solar-system","status":"publish","type":"product","link":"https:\/\/bybatt.com\/fr\/produit\/byd-lifepo4-lead-acid-replacement-battery-for-solar-system\/","title":{"rendered":"BYD LiFePO4 batterie de remplacement au plomb pour syst\u00e8me solaire"},"content":{"rendered":"","protected":false},"excerpt":{"rendered":"<p>Pr\u00e9sentation de notre batterie de remplacement au plomb, parfaite pour les syst\u00e8mes solaires et le remplacement des batteries au plomb. Nos batteries sont fabriqu\u00e9es avec de nouvelles cellules 100%, garantissant des performances et une fiabilit\u00e9 maximales. Avec une tension nominale de 12,8 V et une gamme de capacit\u00e9s parmi lesquelles choisir, notamment 60 Ah, 100 Ah, 150 Ah, 200 Ah et 250 Ah, vous pouvez trouver la solution id\u00e9ale pour vos besoins sp\u00e9cifiques.<br \/>\nNos batteries au lithium 12 V sont id\u00e9ales pour les syst\u00e8mes solaires, fournissant une source d&#039;\u00e9nergie fiable pour vos besoins \u00e9nerg\u00e9tiques. Avec une capacit\u00e9 nominale de 200Ah\/2560Wh, vous pouvez profiter d&#039;une puissance longue dur\u00e9e qui ne vous laissera pas tomber.<br \/>\nNos batteries sont faciles \u00e0 installer et peuvent \u00eatre connect\u00e9es en parall\u00e8le ou en s\u00e9rie pour atteindre une tension de 25,6V. De plus, avec notre syst\u00e8me de gestion de batterie (BMS) avanc\u00e9 int\u00e9gr\u00e9 \u00e0 chaque batterie, vous pouvez \u00eatre assur\u00e9 que votre batterie fonctionne toujours de mani\u00e8re optimale et en toute s\u00e9curit\u00e9.<br \/>\nNos batteries sont \u00e9galement fabriqu\u00e9es avec un mat\u00e9riau ABS + PC durable, assurant une protection durable contre les \u00e9l\u00e9ments et toute usure. Si vous recherchez une batterie fiable et efficace pour votre syst\u00e8me solaire ou d&#039;autres besoins \u00e9nerg\u00e9tiques, notre batterie au lithium 12V est le choix parfait.<\/p>","protected":false},"featured_media":241,"template":"","meta":{"_kad_post_transparent":"default","_kad_post_title":"","_kad_post_layout":"default","_kad_post_sidebar_id":"","_kad_post_content_style":"default","_kad_post_vertical_padding":"default","_kad_post_feature":"","_kad_post_feature_position":"","_kad_post_header":false,"_kad_post_footer":false},"product_cat":[32],"product_tag":[64,61,60,62,63],"class_list":["post-240","product","type-product","status-publish","has-post-thumbnail","hentry","product_cat-lead-acid-replacement-battery","product_tag-byd-battery","product_tag-byd-lifepo4-battery","product_tag-lead-acid-replacement-battery","product_tag-lifepo4-solar-lithium-battery","product_tag-solar-lithium-battery","entry","content-bg","loop-entry"],"_links":{"self":[{"href":"https:\/\/bybatt.com\/fr\/wp-json\/wp\/v2\/product\/240","targetHints":{"allow":["GET"]}}],"collection":[{"href":"https:\/\/bybatt.com\/fr\/wp-json\/wp\/v2\/product"}],"about":[{"href":"https:\/\/bybatt.com\/fr\/wp-json\/wp\/v2\/types\/product"}],"wp:featuredmedia":[{"embeddable":true,"href":"https:\/\/bybatt.com\/fr\/wp-json\/wp\/v2\/media\/241"}],"wp:attachment":[{"href":"https:\/\/bybatt.com\/fr\/wp-json\/wp\/v2\/media?parent=240"}],"wp:term":[{"taxonomy":"product_cat","embeddable":true,"href":"https:\/\/bybatt.com\/fr\/wp-json\/wp\/v2\/product_cat?post=240"},{"taxonomy":"product_tag","embeddable":true,"href":"https:\/\/bybatt.com\/fr\/wp-json\/wp\/v2\/product_tag?post=240"}],"curies":[{"name":"wp","href":"https:\/\/api.w.org\/{rel}","templated":true}]}}