{"id":248,"date":"2023-02-16T08:09:47","date_gmt":"2023-02-16T08:09:47","guid":{"rendered":"https:\/\/bybatt.com\/?post_type=product&#038;p=248"},"modified":"2023-02-16T08:32:07","modified_gmt":"2023-02-16T08:32:07","slug":"12v-lifepo4-lithium-iron-phosphate-battery-with-bluetooth","status":"publish","type":"product","link":"https:\/\/bybatt.com\/fr\/produit\/12v-lifepo4-lithium-iron-phosphate-battery-with-bluetooth\/","title":{"rendered":"Batterie 12V LiFePO4 Lithium Fer Phosphate avec Bluetooth"},"content":{"rendered":"","protected":false},"excerpt":{"rendered":"<p>Pr\u00e9sentation de notre nouveau syst\u00e8me de batterie am\u00e9lior\u00e9 qui promet d&#039;offrir une performance in\u00e9gal\u00e9e\u00a0! Notre syst\u00e8me de batterie est construit \u00e0 l&#039;aide de nouvelles cellules 100%, ce qui en fait une option fiable et durable pour tous vos besoins en \u00e9nergie. Avec une tension nominale de 12V et une capacit\u00e9 nominale de 200Ah\/2560Wh, notre syst\u00e8me de batterie est adapt\u00e9 \u00e0 une large gamme d&#039;applications. Il peut \u00eatre install\u00e9 en parall\u00e8le ou en s\u00e9rie pour 25,6 V, offrant une plus grande flexibilit\u00e9 pour vos besoins.<br \/>\nNotre syst\u00e8me de batterie comprend \u00e9galement un syst\u00e8me de gestion de batterie (BMS) de pointe int\u00e9gr\u00e9 pour garantir des performances fiables. Le BMS offre une protection contre les courts-circuits, les surcharges et les surchauffes, tout en maintenant une tension \u00e9quilibr\u00e9e sur toutes les cellules. L&#039;une des principales caract\u00e9ristiques de notre syst\u00e8me de batterie est l&#039;option de mise \u00e0 niveau facile. Vous pouvez passer au lithium de mani\u00e8re transparente avec la taille de groupe BCI standard, mais avec une plus grande densit\u00e9 d&#039;\u00e9nergie, une capacit\u00e9 de d\u00e9charge plus profonde, une efficacit\u00e9 aller-retour plus \u00e9lev\u00e9e et une vitesse de charge plus rapide. Notre syst\u00e8me de batterie est \u00e9galement con\u00e7u pour un entretien facile. La fonction d&#039;auto-\u00e9quilibrage vous permet de connecter plusieurs batteries en parall\u00e8le, am\u00e9liorant ainsi l&#039;efficacit\u00e9 de charge moyenne de vos batteries \u00e0 long terme. Vous pouvez \u00e9galement surveiller l&#039;\u00e9tat de fonctionnement de la batterie sur les appareils mobiles en temps r\u00e9el avec le module Bluetooth int\u00e9gr\u00e9, ce qui vous donne un meilleur contr\u00f4le et un meilleur aper\u00e7u de votre consommation d&#039;\u00e9nergie.<\/p>","protected":false},"featured_media":249,"template":"","meta":{"_kad_post_transparent":"default","_kad_post_title":"","_kad_post_layout":"default","_kad_post_sidebar_id":"","_kad_post_content_style":"default","_kad_post_vertical_padding":"default","_kad_post_feature":"","_kad_post_feature_position":"","_kad_post_header":false,"_kad_post_footer":false},"product_cat":[32],"product_tag":[69,60,66,68,67,65,70],"class_list":["post-248","product","type-product","status-publish","has-post-thumbnail","hentry","product_cat-lead-acid-replacement-battery","product_tag-12v-200ah-100ah-lithium-ion-battery","product_tag-lead-acid-replacement-battery","product_tag-lifepo4-battery","product_tag-lifepo4-lithium-battery","product_tag-lithium-iron-battery","product_tag-lithium-iron-phosphate-battery","product_tag-solar-energy-storage-system-kit","entry","content-bg","loop-entry"],"_links":{"self":[{"href":"https:\/\/bybatt.com\/fr\/wp-json\/wp\/v2\/product\/248","targetHints":{"allow":["GET"]}}],"collection":[{"href":"https:\/\/bybatt.com\/fr\/wp-json\/wp\/v2\/product"}],"about":[{"href":"https:\/\/bybatt.com\/fr\/wp-json\/wp\/v2\/types\/product"}],"wp:featuredmedia":[{"embeddable":true,"href":"https:\/\/bybatt.com\/fr\/wp-json\/wp\/v2\/media\/249"}],"wp:attachment":[{"href":"https:\/\/bybatt.com\/fr\/wp-json\/wp\/v2\/media?parent=248"}],"wp:term":[{"taxonomy":"product_cat","embeddable":true,"href":"https:\/\/bybatt.com\/fr\/wp-json\/wp\/v2\/product_cat?post=248"},{"taxonomy":"product_tag","embeddable":true,"href":"https:\/\/bybatt.com\/fr\/wp-json\/wp\/v2\/product_tag?post=248"}],"curies":[{"name":"wp","href":"https:\/\/api.w.org\/{rel}","templated":true}]}}