{"id":256,"date":"2023-02-17T07:35:14","date_gmt":"2023-02-17T07:35:14","guid":{"rendered":"https:\/\/bybatt.com\/?post_type=product&#038;p=256"},"modified":"2023-02-17T08:02:08","modified_gmt":"2023-02-17T08:02:08","slug":"12-8v-200ah-camper-boat-marine-lifepo4-deep-cycle-battery","status":"publish","type":"product","link":"https:\/\/bybatt.com\/fr\/produit\/12-8v-200ah-camper-boat-marine-lifepo4-deep-cycle-battery\/","title":{"rendered":"Batterie \u00e0 cycle profond LiFePO4 marine pour bateau de camping-car 12.8V 200Ah"},"content":{"rendered":"","protected":false},"excerpt":{"rendered":"<p>Pr\u00e9sentation de notre batterie \u00e0 cycle profond LiFePO4 12,8 V 200 Ah pour bateau de camping-car, con\u00e7ue pour fournir une alimentation fiable et durable pour tous vos besoins marins et de camping-car. Notre batterie est fabriqu\u00e9e avec de nouvelles cellules 100%, garantissant la plus haute qualit\u00e9 et fiabilit\u00e9.<br \/>\nAvec une tension nominale de batterie de 51,2 V-16S2P et une capacit\u00e9 nominale de 80 Ah, cette batterie est un coup de poing dans une taille compacte, mesurant 520*310*170 mm. La technologie LiFePO4 offre des performances exceptionnelles, offrant jusqu&#039;\u00e0 6000 cycles \u00e0 une profondeur de d\u00e9charge (DOD) de 80% et plus, comme indiqu\u00e9 dans notre tableau des cycles.<br \/>\nNotre batterie est \u00e9galement con\u00e7ue pour durer, avec un bo\u00eetier robuste en m\u00e9tal ou en acier inoxydable pour prot\u00e9ger les cellules. \u00c0 42 kg environ, il est l\u00e9ger et facile \u00e0 manipuler, ce qui en fait la solution parfaite pour tous vos besoins d&#039;alimentation en d\u00e9placement.<br \/>\nLes cellules utilis\u00e9es dans notre batterie sont des cellules LiFePO4 de grade A+ de la plus haute qualit\u00e9, garantissant des performances et une long\u00e9vit\u00e9 optimales. Investissez dans notre batterie \u00e0 d\u00e9charge profonde LiFePO4 12,8 V 200 Ah pour bateau de camping-car pour une source d&#039;alimentation fiable et performante qui vous emm\u00e8nera plus loin.<\/p>","protected":false},"featured_media":257,"template":"","meta":{"_kad_post_transparent":"default","_kad_post_title":"","_kad_post_layout":"default","_kad_post_sidebar_id":"","_kad_post_content_style":"default","_kad_post_vertical_padding":"default","_kad_post_feature":"","_kad_post_feature_position":"","_kad_post_header":false,"_kad_post_footer":false},"product_cat":[25,29],"product_tag":[72,71,74,76,75,73],"class_list":["post-256","product","type-product","status-publish","has-post-thumbnail","hentry","product_cat-home-storage-battery","product_cat-lifepo4-battery-pack","product_tag-36v-100ah-for-agv-car-golf-cart","product_tag-36v-lithium-golf-cart-battery","product_tag-deep-cycle-rv-batteries","product_tag-lifepo4-deep-cycle-battery","product_tag-marine-deep-cycle-batteries","product_tag-rechargeable-lfp-battery","entry","content-bg","loop-entry"],"_links":{"self":[{"href":"https:\/\/bybatt.com\/fr\/wp-json\/wp\/v2\/product\/256","targetHints":{"allow":["GET"]}}],"collection":[{"href":"https:\/\/bybatt.com\/fr\/wp-json\/wp\/v2\/product"}],"about":[{"href":"https:\/\/bybatt.com\/fr\/wp-json\/wp\/v2\/types\/product"}],"wp:featuredmedia":[{"embeddable":true,"href":"https:\/\/bybatt.com\/fr\/wp-json\/wp\/v2\/media\/257"}],"wp:attachment":[{"href":"https:\/\/bybatt.com\/fr\/wp-json\/wp\/v2\/media?parent=256"}],"wp:term":[{"taxonomy":"product_cat","embeddable":true,"href":"https:\/\/bybatt.com\/fr\/wp-json\/wp\/v2\/product_cat?post=256"},{"taxonomy":"product_tag","embeddable":true,"href":"https:\/\/bybatt.com\/fr\/wp-json\/wp\/v2\/product_tag?post=256"}],"curies":[{"name":"wp","href":"https:\/\/api.w.org\/{rel}","templated":true}]}}