{"id":261,"date":"2023-02-17T07:48:53","date_gmt":"2023-02-17T07:48:53","guid":{"rendered":"https:\/\/bybatt.com\/?post_type=product&#038;p=261"},"modified":"2023-02-17T08:00:46","modified_gmt":"2023-02-17T08:00:46","slug":"48v-lifepo4-deep-cycle-golf-cart-lithium-batteries-kits","status":"publish","type":"product","link":"https:\/\/bybatt.com\/fr\/produit\/48v-lifepo4-deep-cycle-golf-cart-lithium-batteries-kits\/","title":{"rendered":"Kits de batteries au lithium pour chariot de golf \u00e0 cycle profond LiFePo4 48V"},"content":{"rendered":"","protected":false},"excerpt":{"rendered":"<p>Pr\u00e9sentation de notre batterie LiFEPO4 48V de haute qualit\u00e9, sp\u00e9cialement con\u00e7ue pour une utilisation dans les voiturettes de golf EZGO et CLUB CAR. Fabriqu\u00e9e avec de nouvelles cellules 100%, cette batterie lithium-ion offre des performances sup\u00e9rieures et une durabilit\u00e9 \u00e0 long terme.<br \/>\nAvec une tension nominale de 51,2 V et une capacit\u00e9 nominale de 80 Ah ou 100 Ah, cette batterie est con\u00e7ue pour r\u00e9pondre facilement aux exigences de votre voiturette de golf. Mesurant 520 mm de longueur, 310 mm de largeur et 170 mm de hauteur, cette batterie est suffisamment compacte pour tenir dans votre voiturette de golf sans prendre trop de place.<br \/>\nNotre batterie est con\u00e7ue pour durer jusqu&#039;\u00e0 6000 cycles \u00e0 une profondeur de d\u00e9charge (DoD) de 80%, ce qui en fait une source d&#039;alimentation fiable et durable pour votre voiturette de golf. Pesant environ 42 kg, cette batterie est suffisamment l\u00e9g\u00e8re pour \u00eatre manipul\u00e9e facilement tout en fournissant la puissance et la capacit\u00e9 n\u00e9cessaires pour une journ\u00e9e compl\u00e8te sur les greens.<br \/>\nAvec un bo\u00eetier robuste en m\u00e9tal ou en acier inoxydable, vous pouvez \u00eatre s\u00fbr que notre batterie est con\u00e7ue pour r\u00e9sister aux exigences d&#039;une utilisation en ext\u00e9rieur et fournir des performances fiables dans une gamme de conditions m\u00e9t\u00e9orologiques. Les cellules utilis\u00e9es dans cette batterie sont toutes des cellules LiFePO4 de grade A+ de haute qualit\u00e9, garantissant des performances sup\u00e9rieures et une durabilit\u00e9 \u00e0 long terme.<br \/>\nAm\u00e9liorez votre chariot de golf avec notre batterie LiFEPO4 48V de haute qualit\u00e9 aujourd&#039;hui et profitez d&#039;une alimentation fiable et de performances durables sur le parcours.<\/p>","protected":false},"featured_media":262,"template":"","meta":{"_kad_post_transparent":"default","_kad_post_title":"","_kad_post_layout":"default","_kad_post_sidebar_id":"","_kad_post_content_style":"default","_kad_post_vertical_padding":"default","_kad_post_feature":"","_kad_post_feature_position":"","_kad_post_header":false,"_kad_post_footer":false},"product_cat":[29,25],"product_tag":[84,81,83,52,77,79,78,80,82],"class_list":["post-261","product","type-product","status-publish","has-post-thumbnail","hentry","product_cat-lifepo4-battery-pack","product_cat-home-storage-battery","product_tag-48v-80ah-golf-cart-battery","product_tag-48v-lifepo4-batteries","product_tag-48v-lithium-golf-cart-battery","product_tag-battery","product_tag-golf-cart-lithium-batteries","product_tag-lithium-batteries-for-golf-carts","product_tag-lithium-golf-cart-batteries-kits","product_tag-lithium-ion-golf-cart-batteries","product_tag-powerful-48-volt-lifepo4-batteries","entry","content-bg","loop-entry"],"_links":{"self":[{"href":"https:\/\/bybatt.com\/fr\/wp-json\/wp\/v2\/product\/261","targetHints":{"allow":["GET"]}}],"collection":[{"href":"https:\/\/bybatt.com\/fr\/wp-json\/wp\/v2\/product"}],"about":[{"href":"https:\/\/bybatt.com\/fr\/wp-json\/wp\/v2\/types\/product"}],"wp:featuredmedia":[{"embeddable":true,"href":"https:\/\/bybatt.com\/fr\/wp-json\/wp\/v2\/media\/262"}],"wp:attachment":[{"href":"https:\/\/bybatt.com\/fr\/wp-json\/wp\/v2\/media?parent=261"}],"wp:term":[{"taxonomy":"product_cat","embeddable":true,"href":"https:\/\/bybatt.com\/fr\/wp-json\/wp\/v2\/product_cat?post=261"},{"taxonomy":"product_tag","embeddable":true,"href":"https:\/\/bybatt.com\/fr\/wp-json\/wp\/v2\/product_tag?post=261"}],"curies":[{"name":"wp","href":"https:\/\/api.w.org\/{rel}","templated":true}]}}