{"id":268,"date":"2023-02-17T08:08:39","date_gmt":"2023-02-17T08:08:39","guid":{"rendered":"https:\/\/bybatt.com\/?post_type=product&#038;p=268"},"modified":"2023-02-17T08:15:14","modified_gmt":"2023-02-17T08:15:14","slug":"12v-24v-36v-rechargeable-lifepo4-lithium-solar-battery-pack","status":"publish","type":"product","link":"https:\/\/bybatt.com\/fr\/produit\/12v-24v-36v-rechargeable-lifepo4-lithium-solar-battery-pack\/","title":{"rendered":"Batterie solaire au lithium rechargeable LiFePO4 12V 24V 36V"},"content":{"rendered":"","protected":false},"excerpt":{"rendered":"<p>Pr\u00e9sentation de la batterie solaire au lithium LiFePO4 rechargeable 12V 24V 36V, la solution parfaite pour vos besoins de stockage d&#039;\u00e9nergie. Construite \u00e0 l&#039;aide de la chimie brevet\u00e9e Lithium Fer Phosphate (LiFePO\u2084), cette batterie est tr\u00e8s polyvalente et peut \u00eatre utilis\u00e9e pour une large gamme d&#039;applications.<br \/>\nLe LFP-3650 dispose d&#039;un syst\u00e8me de gestion de batterie (BMS) int\u00e9gr\u00e9 qui garantit des performances optimales tout en emp\u00eachant la surchauffe, la surcharge et en maximisant la dur\u00e9e de vie du cycle cellulaire. Avec le BMS interne (puce \u00e9lectronique), la batterie est surveill\u00e9e en temps r\u00e9el et alerte l&#039;utilisateur si des anomalies de tension ou de capacit\u00e9 sont d\u00e9tect\u00e9es.<br \/>\nAvec seulement la moiti\u00e9 \u00e0 un tiers du poids d&#039;une batterie au plomb, la batterie LiFePO4 est le choix id\u00e9al pour les applications marines, camping-cars, voiturettes de golf, motos et hors r\u00e9seau. Nos batteries au lithium lifepo4 sont \u00e9galement plus respectueuses de l&#039;environnement que les batteries SLA, car elles ne contiennent pas de m\u00e9taux lourds corrosifs ou nocifs.<br \/>\nLes batteries Lifepo4 ont un faible taux de d\u00e9charge et une longue dur\u00e9e de vie, avec une esp\u00e9rance de vie moyenne d&#039;environ 5 \u00e0 10 ans. Ils peuvent g\u00e9rer jusqu&#039;\u00e0 85% de capacit\u00e9 pour 6 000 cycles dans les conditions recommand\u00e9es - 8 000 fois (40% dod).<br \/>\nLa batterie au lithium 36V 50Ah est construite \u00e0 l&#039;aide de cellules de batterie LifePo4 de qualit\u00e9 A 3,2V, d&#039;un BMS de haute qualit\u00e9, d&#039;un bo\u00eetier en m\u00e9tal\/SS et d&#039;un \u00e9cran LCD (affichage) pour une surveillance facile. Il est con\u00e7u pour fournir des performances durables et fiables, ce qui en fait un produit le plus vendu.<br \/>\nAm\u00e9liorez votre stockage d&#039;\u00e9nergie avec la batterie lithium-ion 36 V 50 Ah et profitez des avantages d&#039;une source d&#039;alimentation l\u00e9g\u00e8re, respectueuse de l&#039;environnement et durable.<\/p>","protected":false},"featured_media":269,"template":"","meta":{"_kad_post_transparent":"default","_kad_post_title":"","_kad_post_layout":"default","_kad_post_sidebar_id":"","_kad_post_content_style":"default","_kad_post_vertical_padding":"default","_kad_post_feature":"","_kad_post_feature_position":"","_kad_post_header":false,"_kad_post_footer":false},"product_cat":[25,30],"product_tag":[86,66,88,92,87,91,89,90,85],"class_list":["post-268","product","type-product","status-publish","has-post-thumbnail","hentry","product_cat-home-storage-battery","product_cat-solar-battery","product_tag-grade-a-36v-lithium-battery","product_tag-lifepo4-battery","product_tag-lifepo4-battery-for-electric-vehicle","product_tag-lifepo4-battery-packs","product_tag-lifepo4-lfp4-battery-50ah","product_tag-lifepo4-lithium-battery-for-solar","product_tag-lithium-battery-solar","product_tag-lithium-solar-batteries","product_tag-lithium-solar-battery","entry","content-bg","loop-entry"],"_links":{"self":[{"href":"https:\/\/bybatt.com\/fr\/wp-json\/wp\/v2\/product\/268","targetHints":{"allow":["GET"]}}],"collection":[{"href":"https:\/\/bybatt.com\/fr\/wp-json\/wp\/v2\/product"}],"about":[{"href":"https:\/\/bybatt.com\/fr\/wp-json\/wp\/v2\/types\/product"}],"wp:featuredmedia":[{"embeddable":true,"href":"https:\/\/bybatt.com\/fr\/wp-json\/wp\/v2\/media\/269"}],"wp:attachment":[{"href":"https:\/\/bybatt.com\/fr\/wp-json\/wp\/v2\/media?parent=268"}],"wp:term":[{"taxonomy":"product_cat","embeddable":true,"href":"https:\/\/bybatt.com\/fr\/wp-json\/wp\/v2\/product_cat?post=268"},{"taxonomy":"product_tag","embeddable":true,"href":"https:\/\/bybatt.com\/fr\/wp-json\/wp\/v2\/product_tag?post=268"}],"curies":[{"name":"wp","href":"https:\/\/api.w.org\/{rel}","templated":true}]}}