{"id":271,"date":"2023-02-17T13:19:40","date_gmt":"2023-02-17T13:19:40","guid":{"rendered":"https:\/\/bybatt.com\/?post_type=product&#038;p=271"},"modified":"2023-02-17T13:39:53","modified_gmt":"2023-02-17T13:39:53","slug":"high-voltage-home-storage-system-stackable-lifepo4-battery","status":"publish","type":"product","link":"https:\/\/bybatt.com\/fr\/produit\/high-voltage-home-storage-system-stackable-lifepo4-battery\/","title":{"rendered":"Batterie LiFePo4 empilable pour syst\u00e8me de stockage domestique haute tension"},"content":{"rendered":"","protected":false},"excerpt":{"rendered":"<p>Pr\u00e9sentation de la batterie LiFePo4 empilable du syst\u00e8me de stockage domestique haute tension - la solution parfaite pour vos besoins d&#039;alimentation domestique\u00a0! Cette batterie de stockage d&#039;\u00e9nergie pour maison mobile b\u00e9n\u00e9ficie d&#039;une incroyable dur\u00e9e de vie en cycle profond de plus de 6 000 fois, ce qui lui assure une dur\u00e9e de vie des ann\u00e9es \u00e0 venir.<br \/>\nCon\u00e7ue pour votre commodit\u00e9, cette batterie prend en charge la communication et la personnalisation de l&#039;onduleur, afin que vous puissiez l&#039;adapter \u00e0 vos besoins sp\u00e9cifiques. Avec une seule batterie fournissant une puissante \u00e9nergie de 10 kWh, cette batterie est parfaite pour les syst\u00e8mes d&#039;alimentation domestiques et la charge des applications domestiques.<br \/>\nAvec sa conception s\u00fbre et sa garantie sans fuite, vous pouvez \u00eatre assur\u00e9 que cette batterie est un choix fiable et sans souci. De plus, sa conception sans entretien le rend incroyablement facile \u00e0 utiliser et \u00e0 entretenir.<br \/>\nCon\u00e7ue pour \u00eatre utilis\u00e9e avec les syst\u00e8mes solaires domestiques, cette batterie offre une densit\u00e9 d&#039;\u00e9nergie plus \u00e9lev\u00e9e et une dur\u00e9e de vie extr\u00eame, garantissant qu&#039;elle dure plus longtemps et fournit plus de puissance que jamais. Et avec sa conception de roue de pouss\u00e9e inf\u00e9rieure, vous n&#039;aurez pas \u00e0 vous soucier de l&#039;installation - c&#039;est aussi simple que de le mettre en place\u00a0!<br \/>\nCon\u00e7ue pour une efficacit\u00e9 maximale, cette batterie prend en charge une utilisation parall\u00e8le et offre plus de 6 000 cycles de performances fiables. Son syst\u00e8me de gestion de la batterie garantit qu&#039;il fonctionne toujours \u00e0 son meilleur, et avec 95% DOD et plus de capacit\u00e9 utilisable, vous aurez toute la puissance dont vous avez besoin pour assurer le bon fonctionnement de votre maison.<\/p>","protected":false},"featured_media":272,"template":"","meta":{"_kad_post_transparent":"default","_kad_post_title":"","_kad_post_layout":"default","_kad_post_sidebar_id":"","_kad_post_content_style":"default","_kad_post_vertical_padding":"default","_kad_post_feature":"","_kad_post_feature_position":"","_kad_post_header":false,"_kad_post_footer":false},"product_cat":[25,28],"product_tag":[95,99,96,97,94,93,98],"class_list":["post-271","product","type-product","status-publish","has-post-thumbnail","hentry","product_cat-home-storage-battery","product_cat-base-station-battery","product_tag-50kw-51-2v-lithium-battery","product_tag-home-storage-battery","product_tag-life-power-station","product_tag-prismatic-primary-off-lithium-battery-for-cycle","product_tag-stackable-energy-storage-systems","product_tag-stackable-lifepo4-battery","product_tag-stackable-lithium-battery","entry","content-bg","loop-entry"],"_links":{"self":[{"href":"https:\/\/bybatt.com\/fr\/wp-json\/wp\/v2\/product\/271","targetHints":{"allow":["GET"]}}],"collection":[{"href":"https:\/\/bybatt.com\/fr\/wp-json\/wp\/v2\/product"}],"about":[{"href":"https:\/\/bybatt.com\/fr\/wp-json\/wp\/v2\/types\/product"}],"wp:featuredmedia":[{"embeddable":true,"href":"https:\/\/bybatt.com\/fr\/wp-json\/wp\/v2\/media\/272"}],"wp:attachment":[{"href":"https:\/\/bybatt.com\/fr\/wp-json\/wp\/v2\/media?parent=271"}],"wp:term":[{"taxonomy":"product_cat","embeddable":true,"href":"https:\/\/bybatt.com\/fr\/wp-json\/wp\/v2\/product_cat?post=271"},{"taxonomy":"product_tag","embeddable":true,"href":"https:\/\/bybatt.com\/fr\/wp-json\/wp\/v2\/product_tag?post=271"}],"curies":[{"name":"wp","href":"https:\/\/api.w.org\/{rel}","templated":true}]}}