{"id":277,"date":"2023-02-17T13:41:35","date_gmt":"2023-02-17T13:41:35","guid":{"rendered":"https:\/\/bybatt.com\/?post_type=product&#038;p=277"},"modified":"2023-02-17T13:53:19","modified_gmt":"2023-02-17T13:53:19","slug":"lithium-iron-phosphate-lifepo4-solar-server-rack-batteries","status":"publish","type":"product","link":"https:\/\/bybatt.com\/fr\/produit\/lithium-iron-phosphate-lifepo4-solar-server-rack-batteries\/","title":{"rendered":"Batteries de rack de serveur solaire au lithium fer phosphate LiFePO4"},"content":{"rendered":"","protected":false},"excerpt":{"rendered":"<p>Pr\u00e9sentation de nos batteries de rack de serveur solaire au lithium fer phosphate (LiFePO4), con\u00e7ues pour fournir un stockage d&#039;\u00e9nergie fiable et efficace pour votre syst\u00e8me d&#039;\u00e9nergie solaire. Toutes les cellules utilis\u00e9es dans nos batteries sont 100% neuves, garantissant des performances et une long\u00e9vit\u00e9 optimales.<br \/>\nAvec une tension nominale de 240 V et une capacit\u00e9 nominale de 100 Ah, ces batteries offrent une puissance suffisante pour assurer le bon fonctionnement de votre syst\u00e8me. Ils peuvent g\u00e9rer un courant de charge maximum de 100 A et un courant de d\u00e9charge maximum de 100 A, ce qui les rend adapt\u00e9s \u00e0 une large gamme d&#039;applications.<br \/>\nNos batteries disposent d&#039;un mode de charge CC\/CV et sont livr\u00e9es avec un \u00e9cran d&#039;affichage en option pour vous aider \u00e0 surveiller l&#039;\u00e9tat de la batterie. Ils prennent \u00e9galement en charge la communication via RS485\/CAN, ce qui vous permet de les int\u00e9grer dans un syst\u00e8me de gestion de l&#039;\u00e9nergie plus vaste.<br \/>\nConstruites avec un bo\u00eetier m\u00e9tallique robuste, nos batteries peuvent r\u00e9sister \u00e0 une large gamme de temp\u00e9ratures et de conditions environnementales. Les dimensions de la batterie sont de 600*600*1530 mm, ce qui les rend adapt\u00e9es \u00e0 une installation dans des racks de serveurs. Le poids de la batterie est d&#039;environ 190 kg, ce qui la rend facile \u00e0 transporter et \u00e0 installer.<br \/>\nNos batteries sont \u00e9quip\u00e9es d&#039;une gamme de fonctions de protection, y compris une protection contre les surcharges, une protection contre les d\u00e9charges excessives, une protection contre les surintensit\u00e9s, etc., garantissant la s\u00e9curit\u00e9 et la long\u00e9vit\u00e9 de votre syst\u00e8me.<\/p>","protected":false},"featured_media":278,"template":"","meta":{"_kad_post_transparent":"default","_kad_post_title":"","_kad_post_layout":"default","_kad_post_sidebar_id":"","_kad_post_content_style":"default","_kad_post_vertical_padding":"default","_kad_post_feature":"","_kad_post_feature_position":"","_kad_post_header":false,"_kad_post_footer":false},"product_cat":[25,28],"product_tag":[102,103,105,100,101,104],"class_list":["post-277","product","type-product","status-publish","has-post-thumbnail","hentry","product_cat-home-storage-battery","product_cat-base-station-battery","product_tag-48v-100ah-lifepo4-cart-battery","product_tag-communication-base-station","product_tag-lithium-ion-phosphate-battery","product_tag-server-rack-batteries","product_tag-server-rack-lifepo4-solar-batteries","product_tag-solar-pack-battery","entry","content-bg","loop-entry"],"_links":{"self":[{"href":"https:\/\/bybatt.com\/fr\/wp-json\/wp\/v2\/product\/277","targetHints":{"allow":["GET"]}}],"collection":[{"href":"https:\/\/bybatt.com\/fr\/wp-json\/wp\/v2\/product"}],"about":[{"href":"https:\/\/bybatt.com\/fr\/wp-json\/wp\/v2\/types\/product"}],"wp:featuredmedia":[{"embeddable":true,"href":"https:\/\/bybatt.com\/fr\/wp-json\/wp\/v2\/media\/278"}],"wp:attachment":[{"href":"https:\/\/bybatt.com\/fr\/wp-json\/wp\/v2\/media?parent=277"}],"wp:term":[{"taxonomy":"product_cat","embeddable":true,"href":"https:\/\/bybatt.com\/fr\/wp-json\/wp\/v2\/product_cat?post=277"},{"taxonomy":"product_tag","embeddable":true,"href":"https:\/\/bybatt.com\/fr\/wp-json\/wp\/v2\/product_tag?post=277"}],"curies":[{"name":"wp","href":"https:\/\/api.w.org\/{rel}","templated":true}]}}