{"id":280,"date":"2023-02-17T14:31:23","date_gmt":"2023-02-17T14:31:23","guid":{"rendered":"https:\/\/bybatt.com\/?post_type=product&#038;p=280"},"modified":"2023-03-05T16:17:53","modified_gmt":"2023-03-05T16:17:53","slug":"48v-telecom-base-station-battery-pack-power-system-solution","status":"publish","type":"product","link":"https:\/\/bybatt.com\/fr\/produit\/48v-telecom-base-station-battery-pack-power-system-solution\/","title":{"rendered":"Solution de syst\u00e8me d&#039;alimentation de bloc de batterie de station de base de t\u00e9l\u00e9com 48V"},"content":{"rendered":"","protected":false},"excerpt":{"rendered":"<p>Pr\u00e9sentation de notre solution de syst\u00e8me d&#039;alimentation de bloc de batterie de station de base de t\u00e9l\u00e9communications 48V - la solution ultime pour vos besoins d&#039;alimentation en t\u00e9l\u00e9communications.<br \/>\nNotre batterie est fabriqu\u00e9e avec de nouvelles cellules 100%, garantissant que vous obtenez la meilleure qualit\u00e9 et les meilleures performances de votre batterie. Le type de batterie LiFePO4 est tr\u00e8s efficace et fiable, ce qui en fait le choix parfait pour votre station de base de t\u00e9l\u00e9communications.<br \/>\nAvec une tension nominale de 240 V et une capacit\u00e9 nominale de 100 Ah, cette batterie est capable de fournir une alimentation fiable \u00e0 votre station de base t\u00e9l\u00e9com. La batterie est \u00e9quip\u00e9e d&#039;un courant de charge maximal de 100 A et d&#039;un courant de d\u00e9charge maximal de 100 A, vous permettant de charger et de d\u00e9charger rapidement et efficacement.<br \/>\nLa batterie est livr\u00e9e avec un mode de charge CC\/CV, garantissant que votre batterie est charg\u00e9e en toute s\u00e9curit\u00e9 et efficacement. L&#039;\u00e9cran d&#039;affichage est en option, vous permettant de surveiller facilement les performances de la batterie. Le type de communication RS485\/CAN permet une communication transparente avec votre station de base t\u00e9l\u00e9com.<br \/>\nNotre batterie est con\u00e7ue pour fonctionner dans une large gamme de temp\u00e9ratures et d&#039;environnements, sa construction m\u00e9tallique robuste assurant sa durabilit\u00e9 et sa long\u00e9vit\u00e9. Avec des dimensions de 600*600*1530mm et un poids de 190kg (environ), cette batterie est compacte et facile \u00e0 installer.<br \/>\nLa batterie est \u00e9quip\u00e9e d&#039;une gamme de fonctions de protection, y compris une protection contre les surcharges, la protection contre les d\u00e9charges excessives, la protection contre les surintensit\u00e9s, etc. Avec ces protections en place, vous pouvez \u00eatre s\u00fbr que votre batterie est s\u00fbre et fiable.<\/p>","protected":false},"featured_media":281,"template":"","meta":{"_kad_post_transparent":"default","_kad_post_title":"","_kad_post_layout":"default","_kad_post_sidebar_id":"","_kad_post_content_style":"default","_kad_post_vertical_padding":"default","_kad_post_feature":"","_kad_post_feature_position":"","_kad_post_header":false,"_kad_post_footer":false},"product_cat":[25,28],"product_tag":[111,110,106,108,107,112,109],"class_list":["post-280","product","type-product","status-publish","has-post-thumbnail","hentry","product_cat-home-storage-battery","product_cat-base-station-battery","product_tag-48v-50ah-lifepo4-battery","product_tag-48v-lifepo4-battery-pack","product_tag-base-station-battery","product_tag-base-station-battery-kit","product_tag-base-station-battery-packs","product_tag-battery-pack-rack-type","product_tag-lifepo4-battery-pack","entry","content-bg","loop-entry"],"_links":{"self":[{"href":"https:\/\/bybatt.com\/fr\/wp-json\/wp\/v2\/product\/280","targetHints":{"allow":["GET"]}}],"collection":[{"href":"https:\/\/bybatt.com\/fr\/wp-json\/wp\/v2\/product"}],"about":[{"href":"https:\/\/bybatt.com\/fr\/wp-json\/wp\/v2\/types\/product"}],"wp:featuredmedia":[{"embeddable":true,"href":"https:\/\/bybatt.com\/fr\/wp-json\/wp\/v2\/media\/281"}],"wp:attachment":[{"href":"https:\/\/bybatt.com\/fr\/wp-json\/wp\/v2\/media?parent=280"}],"wp:term":[{"taxonomy":"product_cat","embeddable":true,"href":"https:\/\/bybatt.com\/fr\/wp-json\/wp\/v2\/product_cat?post=280"},{"taxonomy":"product_tag","embeddable":true,"href":"https:\/\/bybatt.com\/fr\/wp-json\/wp\/v2\/product_tag?post=280"}],"curies":[{"name":"wp","href":"https:\/\/api.w.org\/{rel}","templated":true}]}}