{"id":288,"date":"2023-02-18T03:13:02","date_gmt":"2023-02-18T03:13:02","guid":{"rendered":"https:\/\/bybatt.com\/?post_type=product&#038;p=288"},"modified":"2023-02-18T03:19:31","modified_gmt":"2023-02-18T03:19:31","slug":"server-mount-lifepo4-battery-solar-energy-storage-system","status":"publish","type":"product","link":"https:\/\/bybatt.com\/fr\/produit\/server-mount-lifepo4-battery-solar-energy-storage-system\/","title":{"rendered":"Syst\u00e8me de stockage d&#039;\u00e9nergie solaire de batterie LiFePO4 de b\u00e2ti de serveur"},"content":{"rendered":"","protected":false},"excerpt":{"rendered":"<p>Pr\u00e9sentation de notre syst\u00e8me de stockage d&#039;\u00e9nergie solaire \u00e0 batterie LiFePO4 \u00e0 montage sur serveur, une solution de stockage d&#039;\u00e9nergie fiable et haute performance con\u00e7ue pour r\u00e9pondre aux besoins exigeants des serveurs et des centres de donn\u00e9es modernes.<br \/>\nConstruite avec seulement de nouvelles cellules 100%, notre technologie de batterie LiFePO4 garantit des performances et une long\u00e9vit\u00e9 exceptionnelles, fournissant une puissance de sortie stable et un stockage d&#039;\u00e9nergie constant pour tous vos besoins en mati\u00e8re de serveur.<br \/>\nAvec une tension nominale de 240V et une capacit\u00e9 nominale de 100Ah, notre syst\u00e8me de batterie dispose d&#039;un courant de charge maximum de 100A et d&#039;un courant de d\u00e9charge maximum de 100A. Notre technologie avanc\u00e9e de mode de charge CC\/CV garantit une charge plus s\u00fbre et plus efficace pour votre syst\u00e8me de batterie.<br \/>\nNotre syst\u00e8me est \u00e9quip\u00e9 d&#039;un \u00e9cran d&#039;affichage en option et de capacit\u00e9s de communication RS485\/CAN, ce qui vous permet de surveiller facilement les performances de votre batterie et de communiquer avec d&#039;autres appareils de votre r\u00e9seau.<br \/>\nCon\u00e7u pour r\u00e9sister \u00e0 des conditions de travail difficiles, notre syst\u00e8me de stockage d&#039;\u00e9nergie solaire \u00e0 batterie LiFePO4 \u00e0 montage sur serveur est enferm\u00e9 dans une coque m\u00e9tallique robuste, garantissant durabilit\u00e9 et long\u00e9vit\u00e9. \u00c0 600*600*1530mm, il est suffisamment compact pour s&#039;int\u00e9grer dans n&#039;importe quelle salle de serveurs ou centre de donn\u00e9es.<br \/>\nPesant environ 190 kg, notre syst\u00e8me offre une installation et une manipulation faciles, avec une protection contre les surcharges, une protection contre les d\u00e9charges excessives, une protection contre les surintensit\u00e9s et d&#039;autres caract\u00e9ristiques de s\u00e9curit\u00e9 essentielles int\u00e9gr\u00e9es pour garantir l&#039;utilisation s\u00fbre et s\u00e9curis\u00e9e de notre syst\u00e8me de batterie.<br \/>\nAvec une capacit\u00e9 de batterie unique de 5KWH, notre syst\u00e8me peut \u00eatre empil\u00e9 jusqu&#039;\u00e0 15KWH pour r\u00e9pondre \u00e0 vos besoins de stockage d&#039;\u00e9nergie. Notre syst\u00e8me de stockage d&#039;\u00e9nergie solaire \u00e0 batterie LiFePO4 \u00e0 montage sur serveur est la solution de stockage d&#039;\u00e9nergie id\u00e9ale pour tous vos besoins en mati\u00e8re de serveur et de centre de donn\u00e9es.<\/p>","protected":false},"featured_media":289,"template":"","meta":{"_kad_post_transparent":"default","_kad_post_title":"","_kad_post_layout":"default","_kad_post_sidebar_id":"","_kad_post_content_style":"default","_kad_post_vertical_padding":"default","_kad_post_feature":"","_kad_post_feature_position":"","_kad_post_header":false,"_kad_post_footer":false},"product_cat":[25,28],"product_tag":[120,119,118,117,116,113,115,101,114],"class_list":["post-288","product","type-product","status-publish","has-post-thumbnail","hentry","product_cat-home-storage-battery","product_cat-base-station-battery","product_tag-energy-storage-container","product_tag-lifepo4-energy-battery","product_tag-lithium-battery-51-2v-100ah","product_tag-rack-mount-lifepo4-battery","product_tag-rack-mounted-lithium-battery","product_tag-server-mount-lifepo4-battery","product_tag-server-rack-battery","product_tag-server-rack-lifepo4-solar-batteries","product_tag-solar-lithium-battery-server-rack","entry","content-bg","loop-entry"],"_links":{"self":[{"href":"https:\/\/bybatt.com\/fr\/wp-json\/wp\/v2\/product\/288","targetHints":{"allow":["GET"]}}],"collection":[{"href":"https:\/\/bybatt.com\/fr\/wp-json\/wp\/v2\/product"}],"about":[{"href":"https:\/\/bybatt.com\/fr\/wp-json\/wp\/v2\/types\/product"}],"wp:featuredmedia":[{"embeddable":true,"href":"https:\/\/bybatt.com\/fr\/wp-json\/wp\/v2\/media\/289"}],"wp:attachment":[{"href":"https:\/\/bybatt.com\/fr\/wp-json\/wp\/v2\/media?parent=288"}],"wp:term":[{"taxonomy":"product_cat","embeddable":true,"href":"https:\/\/bybatt.com\/fr\/wp-json\/wp\/v2\/product_cat?post=288"},{"taxonomy":"product_tag","embeddable":true,"href":"https:\/\/bybatt.com\/fr\/wp-json\/wp\/v2\/product_tag?post=288"}],"curies":[{"name":"wp","href":"https:\/\/api.w.org\/{rel}","templated":true}]}}