{"id":291,"date":"2023-02-18T03:25:01","date_gmt":"2023-02-18T03:25:01","guid":{"rendered":"https:\/\/bybatt.com\/?post_type=product&#038;p=291"},"modified":"2023-02-18T03:32:11","modified_gmt":"2023-02-18T03:32:11","slug":"ups-battery-base-station-backup-battery-power-system-solution","status":"publish","type":"product","link":"https:\/\/bybatt.com\/fr\/produit\/ups-battery-base-station-backup-battery-power-system-solution\/","title":{"rendered":"Solution de syst\u00e8me d&#039;alimentation de batterie de secours pour station de base de batterie UPS"},"content":{"rendered":"","protected":false},"excerpt":{"rendered":"<p>Pr\u00e9sentation de notre solution de syst\u00e8me d&#039;alimentation de batterie de secours pour station de base de batterie UPS de pointe, con\u00e7ue pour vous fournir une solution de secours fiable et efficace pour tous vos besoins en \u00e9nergie. Nos batteries sont construites avec de nouvelles cellules 100%, utilisant la derni\u00e8re technologie de batterie LiFePO4 pour assurer une alimentation longue dur\u00e9e et performante.<br \/>\nAvec une tension nominale de 240 V et une capacit\u00e9 nominale de 100 Ah, notre syst\u00e8me de batterie est capable de g\u00e9rer facilement de lourdes charges. Notre syst\u00e8me de batterie a un courant de charge maximum de 100A et un courant de d\u00e9charge maximum de 100A, permettant des temps de charge et de d\u00e9charge rapides.<br \/>\nNos batteries sont con\u00e7ues avec un mode de charge CC\/CV et sont livr\u00e9es avec un \u00e9cran d&#039;affichage en option pour surveiller et contr\u00f4ler les niveaux de puissance. Notre syst\u00e8me comprend \u00e9galement une communication RS485\/CAN, permettant une int\u00e9gration facile avec vos syst\u00e8mes d&#039;alimentation existants.<br \/>\nConstruit \u00e0 partir de mat\u00e9riaux m\u00e9talliques durables, notre syst\u00e8me de batterie est con\u00e7u pour r\u00e9sister \u00e0 des temp\u00e9ratures extr\u00eames et \u00e0 des conditions environnementales difficiles. Les dimensions de notre syst\u00e8me sont de 6006001530 mm et il p\u00e8se environ 190 kg, ce qui en fait une solution pratique et pratique pour une large gamme de besoins en \u00e9nergie.<br \/>\nNotre syst\u00e8me est \u00e9quip\u00e9 d&#039;une protection contre les surcharges, d&#039;une protection contre les d\u00e9charges excessives, d&#039;une protection contre les surintensit\u00e9s et d&#039;autres fonctions de s\u00e9curit\u00e9 avanc\u00e9es, garantissant que votre syst\u00e8me d&#039;alimentation est toujours prot\u00e9g\u00e9 et s\u00e9curis\u00e9.<\/p>","protected":false},"featured_media":292,"template":"","meta":{"_kad_post_transparent":"default","_kad_post_title":"","_kad_post_layout":"default","_kad_post_sidebar_id":"","_kad_post_content_style":"default","_kad_post_vertical_padding":"default","_kad_post_feature":"","_kad_post_feature_position":"","_kad_post_header":false,"_kad_post_footer":false},"product_cat":[25,28],"product_tag":[124,123,126,125,122,121,127],"class_list":["post-291","product","type-product","status-publish","has-post-thumbnail","hentry","product_cat-home-storage-battery","product_cat-base-station-battery","product_tag-51-2v-energy-storage-solar-base-station-power","product_tag-base-station-backup-battery","product_tag-battery-200ah","product_tag-supply-48v-100ah-gyll-lifepo4-solar-battery-rack","product_tag-ups-base-station-backup-battery","product_tag-ups-battery","product_tag-ups-communication-base-station","entry","content-bg","loop-entry"],"_links":{"self":[{"href":"https:\/\/bybatt.com\/fr\/wp-json\/wp\/v2\/product\/291","targetHints":{"allow":["GET"]}}],"collection":[{"href":"https:\/\/bybatt.com\/fr\/wp-json\/wp\/v2\/product"}],"about":[{"href":"https:\/\/bybatt.com\/fr\/wp-json\/wp\/v2\/types\/product"}],"wp:featuredmedia":[{"embeddable":true,"href":"https:\/\/bybatt.com\/fr\/wp-json\/wp\/v2\/media\/292"}],"wp:attachment":[{"href":"https:\/\/bybatt.com\/fr\/wp-json\/wp\/v2\/media?parent=291"}],"wp:term":[{"taxonomy":"product_cat","embeddable":true,"href":"https:\/\/bybatt.com\/fr\/wp-json\/wp\/v2\/product_cat?post=291"},{"taxonomy":"product_tag","embeddable":true,"href":"https:\/\/bybatt.com\/fr\/wp-json\/wp\/v2\/product_tag?post=291"}],"curies":[{"name":"wp","href":"https:\/\/api.w.org\/{rel}","templated":true}]}}