{"id":296,"date":"2023-02-18T03:39:37","date_gmt":"2023-02-18T03:39:37","guid":{"rendered":"https:\/\/bybatt.com\/?post_type=product&#038;p=296"},"modified":"2023-02-18T03:48:57","modified_gmt":"2023-02-18T03:48:57","slug":"48v-power-wall-mounted-lithium-battery-energy-storage-system","status":"publish","type":"product","link":"https:\/\/bybatt.com\/fr\/produit\/48v-power-wall-mounted-lithium-battery-energy-storage-system\/","title":{"rendered":"Syst\u00e8me de stockage d&#039;\u00e9nergie de batterie au lithium fix\u00e9 au mur de 48V"},"content":{"rendered":"","protected":false},"excerpt":{"rendered":"<p>Pr\u00e9sentation de notre syst\u00e8me de stockage d&#039;\u00e9nergie de batterie au lithium mural de 48 V, con\u00e7u pour fournir un stockage d&#039;\u00e9nergie fiable et efficace pour les maisons et les entreprises. Nos batteries sont fabriqu\u00e9es avec de nouvelles cellules 100%, garantissant des performances de qualit\u00e9 sup\u00e9rieure et durables.<br \/>\nChoisissez parmi une gamme de capacit\u00e9s adapt\u00e9es \u00e0 vos besoins \u00e9nerg\u00e9tiques\u00a0: 50\u00a0Ah, 100\u00a0Ah, 150\u00a0Ah ou 200\u00a0Ah, avec des sorties d&#039;\u00e9nergie allant de 2,56\u00a0KWH \u00e0 10,24\u00a0KWH. Avec une puissance de sortie maximale de 10 240 W, notre syst\u00e8me de batterie fournit une puissance suffisante pour tous vos besoins \u00e9nerg\u00e9tiques.<br \/>\nNotre syst\u00e8me de batterie est con\u00e7u pour durer, avec une dur\u00e9e de vie allant jusqu&#039;\u00e0 6000 cycles \u00e0 une profondeur de d\u00e9charge 80% et une plage de temp\u00e9rature de -20\u00b0C \u00e0 60\u00b0C. La batterie peut \u00eatre stock\u00e9e jusqu&#039;\u00e0 5 mois \u00e0 25\u00b0C, 3 mois \u00e0 35\u00b0C et 1 mois \u00e0 45\u00b0C, ce qui la rend adapt\u00e9e \u00e0 diverses conditions environnementales.<br \/>\nLa conception murale de notre syst\u00e8me de batterie permet une installation facile et \u00e9conomise de l&#039;espace au sol pr\u00e9cieux. Avec des dimensions de 360*140*570 mm, il est compact et peut tenir dans des espaces restreints.<\/p>","protected":false},"featured_media":297,"template":"","meta":{"_kad_post_transparent":"default","_kad_post_title":"","_kad_post_layout":"default","_kad_post_sidebar_id":"","_kad_post_content_style":"default","_kad_post_vertical_padding":"default","_kad_post_feature":"","_kad_post_feature_position":"","_kad_post_header":false,"_kad_post_footer":false},"product_cat":[25,27],"product_tag":[136,135,131,137,129,132,134,130,128,133],"class_list":["post-296","product","type-product","status-publish","has-post-thumbnail","hentry","product_cat-home-storage-battery","product_cat-home-battery-powerwall","product_tag-10kwh-7kwh-5kwh-energy-storage-battery","product_tag-48v-wall-mounted-power-battery","product_tag-energy-storage-system","product_tag-lifepo4-lithium-battery-powerwall","product_tag-lithium-battery-wall-mount","product_tag-powerwall-battery","product_tag-rechargeable-lifepo4-lithium-ion-battery","product_tag-wall-mounted-battery","product_tag-wall-mounted-lithium-battery","product_tag-wall-mounted-power-battery","entry","content-bg","loop-entry"],"_links":{"self":[{"href":"https:\/\/bybatt.com\/fr\/wp-json\/wp\/v2\/product\/296","targetHints":{"allow":["GET"]}}],"collection":[{"href":"https:\/\/bybatt.com\/fr\/wp-json\/wp\/v2\/product"}],"about":[{"href":"https:\/\/bybatt.com\/fr\/wp-json\/wp\/v2\/types\/product"}],"wp:featuredmedia":[{"embeddable":true,"href":"https:\/\/bybatt.com\/fr\/wp-json\/wp\/v2\/media\/297"}],"wp:attachment":[{"href":"https:\/\/bybatt.com\/fr\/wp-json\/wp\/v2\/media?parent=296"}],"wp:term":[{"taxonomy":"product_cat","embeddable":true,"href":"https:\/\/bybatt.com\/fr\/wp-json\/wp\/v2\/product_cat?post=296"},{"taxonomy":"product_tag","embeddable":true,"href":"https:\/\/bybatt.com\/fr\/wp-json\/wp\/v2\/product_tag?post=296"}],"curies":[{"name":"wp","href":"https:\/\/api.w.org\/{rel}","templated":true}]}}