{"id":300,"date":"2023-02-18T03:55:53","date_gmt":"2023-02-18T03:55:53","guid":{"rendered":"https:\/\/bybatt.com\/?post_type=product&#038;p=300"},"modified":"2023-02-18T05:26:41","modified_gmt":"2023-02-18T05:26:41","slug":"home-solar-wall-mounted-lithium-battery-lifepo4-battery","status":"publish","type":"product","link":"https:\/\/bybatt.com\/fr\/produit\/home-solar-wall-mounted-lithium-battery-lifepo4-battery\/","title":{"rendered":"Accueil Batterie au lithium murale solaire Batterie LiFePO4"},"content":{"rendered":"","protected":false},"excerpt":{"rendered":"<p>Pr\u00e9sentation de notre batterie au lithium murale solaire domestique LiFePO4, con\u00e7ue pour alimenter votre maison avec de l&#039;\u00e9nergie renouvelable. Cette batterie innovante est fabriqu\u00e9e \u00e0 partir de nouvelles cellules 100%, garantissant une efficacit\u00e9 maximale et une fiabilit\u00e9 durable.<br \/>\nAvec une capacit\u00e9 de 48 V et quatre options de stockage d&#039;\u00e9nergie - 50 Ah, 100 Ah, 150 Ah et 200 Ah - vous pouvez choisir la taille id\u00e9ale pour r\u00e9pondre \u00e0 vos besoins \u00e9nerg\u00e9tiques. La batterie peut stocker de 2,56 KWH \u00e0 10,24 KWH d&#039;\u00e9nergie, vous permettant d&#039;alimenter votre maison sans d\u00e9pendre des sources d&#039;\u00e9nergie traditionnelles.<br \/>\nLa puissance de sortie maximale varie de 2560W \u00e0 10240W, vous donnant la puissance dont vous avez besoin pour assurer le bon fonctionnement de votre maison. De plus, la batterie est con\u00e7ue pour durer jusqu&#039;\u00e0 6 000 cycles lorsqu&#039;elle est d\u00e9charg\u00e9e \u00e0 une profondeur de d\u00e9charge (DOD) 80% \u00e0 une temp\u00e9rature de 25 \u00b0C, offrant une fiabilit\u00e9 durable.<br \/>\nCette batterie est id\u00e9ale pour un usage domestique et peut \u00eatre mont\u00e9e au mur, occupant un minimum d&#039;espace. Il a \u00e9t\u00e9 con\u00e7u pour r\u00e9sister \u00e0 une plage de temp\u00e9ratures allant de -20\u00b0C \u00e0 60\u00b0C et peut fonctionner avec une humidit\u00e9 relative de 60+\/-25%. De plus, il a une dur\u00e9e de conservation de 5 mois \u00e0 25\u00b0C, 3 mois \u00e0 35\u00b0C et 1 mois \u00e0 45\u00b0C.<br \/>\nLa batterie a une taille compacte de 360*140*570 mm, ce qui la rend facile \u00e0 installer dans votre maison. Notre batterie au lithium murale solaire domestique LiFePO4 est un moyen \u00e9cologique et \u00e9conomique d&#039;alimenter votre maison en \u00e9nergie renouvelable. Investissez d\u00e8s aujourd&#039;hui dans cette batterie innovante et contr\u00f4lez votre consommation d&#039;\u00e9nergie.<\/p>","protected":false},"featured_media":301,"template":"","meta":{"_kad_post_transparent":"default","_kad_post_title":"","_kad_post_layout":"default","_kad_post_sidebar_id":"","_kad_post_content_style":"default","_kad_post_vertical_padding":"default","_kad_post_feature":"","_kad_post_feature_position":"","_kad_post_header":false,"_kad_post_footer":false},"product_cat":[25,27],"product_tag":[140,139,62,141,128,138],"class_list":["post-300","product","type-product","status-publish","has-post-thumbnail","hentry","product_cat-home-storage-battery","product_cat-home-battery-powerwall","product_tag-home-energy-storage","product_tag-home-power-wall-mounted-battery","product_tag-lifepo4-solar-lithium-battery","product_tag-power-wall","product_tag-wall-mounted-lithium-battery","product_tag-wall-mounted-lithium-home-battery","entry","content-bg","loop-entry"],"_links":{"self":[{"href":"https:\/\/bybatt.com\/fr\/wp-json\/wp\/v2\/product\/300","targetHints":{"allow":["GET"]}}],"collection":[{"href":"https:\/\/bybatt.com\/fr\/wp-json\/wp\/v2\/product"}],"about":[{"href":"https:\/\/bybatt.com\/fr\/wp-json\/wp\/v2\/types\/product"}],"wp:featuredmedia":[{"embeddable":true,"href":"https:\/\/bybatt.com\/fr\/wp-json\/wp\/v2\/media\/301"}],"wp:attachment":[{"href":"https:\/\/bybatt.com\/fr\/wp-json\/wp\/v2\/media?parent=300"}],"wp:term":[{"taxonomy":"product_cat","embeddable":true,"href":"https:\/\/bybatt.com\/fr\/wp-json\/wp\/v2\/product_cat?post=300"},{"taxonomy":"product_tag","embeddable":true,"href":"https:\/\/bybatt.com\/fr\/wp-json\/wp\/v2\/product_tag?post=300"}],"curies":[{"name":"wp","href":"https:\/\/api.w.org\/{rel}","templated":true}]}}