{"id":306,"date":"2023-02-18T05:30:26","date_gmt":"2023-02-18T05:30:26","guid":{"rendered":"https:\/\/bybatt.com\/?post_type=product&#038;p=306"},"modified":"2023-02-18T05:40:06","modified_gmt":"2023-02-18T05:40:06","slug":"cheap-48v-100ah-lifepo4-powerwall-lithium-ion-home-battery","status":"publish","type":"product","link":"https:\/\/bybatt.com\/fr\/produit\/cheap-48v-100ah-lifepo4-powerwall-lithium-ion-home-battery\/","title":{"rendered":"Batterie au lithium-ion Powerwall 48V 100AH LiFePO4 bon march\u00e9"},"content":{"rendered":"","protected":false},"excerpt":{"rendered":"<p>La batterie domestique au lithium-ion Powerwall 48V 100AH LiFePO4 est une solution avanc\u00e9e pour l&#039;alimentation de secours domestique. Ce produit de haute technologie est con\u00e7u pour s&#039;int\u00e9grer parfaitement dans votre maison gr\u00e2ce \u00e0 son design moderne et sa construction miniaturis\u00e9e et l\u00e9g\u00e8re. Il est intelligent, standardis\u00e9 et respectueux de l&#039;environnement, ce qui en fait un excellent choix pour ceux qui souhaitent r\u00e9duire leur empreinte carbone.<br \/>\nLa batterie domestique powerwall a une capacit\u00e9 de stockage de batterie au lithium (LiFePO4) de 5 kWh, fournissant une puissance suffisante pour vous \u00e9loigner du r\u00e9seau quand vous le souhaitez. Cette batterie est la solution de stockage d&#039;\u00e9nergie la plus populaire au monde, offrant une alimentation de secours domestique fiable sur laquelle vous pouvez compter. M\u00eame si votre voyage solaire n&#039;a pas commenc\u00e9 avec les fabricants, vous pouvez toujours profiter des avantages de ce syst\u00e8me de batterie domestique et de ce syst\u00e8me d&#039;alimentation de secours par batterie domestique.<br \/>\nToutes les cellules utilis\u00e9es dans ces batteries sont 100% neuves, garantissant des performances durables. La batterie est disponible en diff\u00e9rentes capacit\u00e9s et tailles, avec des sorties d&#039;\u00e9nergie de 2,56\u00a0KWH, 5,12\u00a0KWH, 7,68\u00a0KWH et 10,24\u00a0KWH, et des puissances de sortie maximales de 2\u00a0560\u00a0W, 5\u00a0120\u00a0W, 7\u00a0680\u00a0W et 10\u00a0240\u00a0W. La batterie a une longue dur\u00e9e de vie de 6000 cycles (\u00e0 80% DOD, 25\u00b0C), permettant une utilisation fiable \u00e0 long terme.<br \/>\nCette batterie peut \u00eatre stock\u00e9e jusqu&#039;\u00e0 5 mois \u00e0 25\u00b0C, 3 mois \u00e0 35\u00b0C et 1 mois \u00e0 45\u00b0C, ce qui en fait une solution flexible pour vos besoins d&#039;alimentation de secours. Il peut fonctionner dans une plage de temp\u00e9rature de -20\u00b0C \u00e0 60\u00b0C \u00e0 une humidit\u00e9 relative de 60+\/-25%, garantissant qu&#039;il peut bien fonctionner dans une vari\u00e9t\u00e9 de conditions. Les dimensions de la batterie sont de 360*140*570mm, ce qui facilite son int\u00e9gration dans votre maison.<\/p>","protected":false},"featured_media":307,"template":"","meta":{"_kad_post_transparent":"default","_kad_post_title":"","_kad_post_layout":"default","_kad_post_sidebar_id":"","_kad_post_content_style":"default","_kad_post_vertical_padding":"default","_kad_post_feature":"","_kad_post_feature_position":"","_kad_post_header":false,"_kad_post_footer":false},"product_cat":[25,27],"product_tag":[147,149,144,143,145,146,142,148],"class_list":["post-306","product","type-product","status-publish","has-post-thumbnail","hentry","product_cat-home-storage-battery","product_cat-home-battery-powerwall","product_tag-6000-cycles-life-lithium-ion-battery","product_tag-home-battery-lithium-powerwall","product_tag-lifepo4-home-battery","product_tag-lithium-ion-home-battery","product_tag-powerwall-home-battery","product_tag-powerwall-lithium-ion-battery","product_tag-powerwall-lithium-ion-home-battery","product_tag-powerwall-tesla-10kwh","entry","content-bg","loop-entry"],"_links":{"self":[{"href":"https:\/\/bybatt.com\/fr\/wp-json\/wp\/v2\/product\/306","targetHints":{"allow":["GET"]}}],"collection":[{"href":"https:\/\/bybatt.com\/fr\/wp-json\/wp\/v2\/product"}],"about":[{"href":"https:\/\/bybatt.com\/fr\/wp-json\/wp\/v2\/types\/product"}],"wp:featuredmedia":[{"embeddable":true,"href":"https:\/\/bybatt.com\/fr\/wp-json\/wp\/v2\/media\/307"}],"wp:attachment":[{"href":"https:\/\/bybatt.com\/fr\/wp-json\/wp\/v2\/media?parent=306"}],"wp:term":[{"taxonomy":"product_cat","embeddable":true,"href":"https:\/\/bybatt.com\/fr\/wp-json\/wp\/v2\/product_cat?post=306"},{"taxonomy":"product_tag","embeddable":true,"href":"https:\/\/bybatt.com\/fr\/wp-json\/wp\/v2\/product_tag?post=306"}],"curies":[{"name":"wp","href":"https:\/\/api.w.org\/{rel}","templated":true}]}}