{"id":311,"date":"2023-02-18T08:35:21","date_gmt":"2023-02-18T08:35:21","guid":{"rendered":"https:\/\/bybatt.com\/?post_type=product&#038;p=311"},"modified":"2023-02-18T08:41:37","modified_gmt":"2023-02-18T08:41:37","slug":"grid-hybrid-inverter-wall-mounted-battery-home-solar-system","status":"publish","type":"product","link":"https:\/\/bybatt.com\/fr\/produit\/grid-hybrid-inverter-wall-mounted-battery-home-solar-system\/","title":{"rendered":"Syst\u00e8me solaire domestique \u00e0 batterie murale \u00e0 onduleur hybride de r\u00e9seau"},"content":{"rendered":"","protected":false},"excerpt":{"rendered":"<p>Ce syst\u00e8me solaire domestique \u00e0 batterie \u00e0 onduleur hybride \u00e0 grille est con\u00e7u pour un usage r\u00e9sidentiel et se compose d&#039;un banc de batteries, d&#039;un onduleur hybride et de panneaux solaires. Le banc de batteries a une capacit\u00e9 de 48 V et est disponible en quatre tailles diff\u00e9rentes - 50 Ah, 100 Ah, 150 Ah et 200 Ah, avec un stockage d&#039;\u00e9nergie correspondant de 2,56 KWH, 5,12 KWH, 7,68 KWH et 10,24 KWH, respectivement. Les cellules de batterie utilis\u00e9es sont toutes neuves, garantissant des performances de haute qualit\u00e9.<br \/>\nLa puissance de sortie maximale du syst\u00e8me varie en fonction de la taille de la batterie, avec la capacit\u00e9 la plus \u00e9lev\u00e9e de 200 Ah capable de produire une puissance maximale de 10240 W. La batterie a une longue dur\u00e9e de vie allant jusqu&#039;\u00e0 6000 cycles lorsqu&#039;elle est d\u00e9charg\u00e9e jusqu&#039;\u00e0 80% de sa capacit\u00e9 \u00e0 une temp\u00e9rature de 25\u00b0C.<br \/>\nLa batterie peut \u00eatre stock\u00e9e jusqu&#039;\u00e0 5 mois \u00e0 une temp\u00e9rature de 25\u00b0C, 3 mois \u00e0 35\u00b0C et 1 mois \u00e0 45\u00b0C, offrant aux utilisateurs flexibilit\u00e9 et commodit\u00e9. Le syst\u00e8me peut fonctionner dans une plage de temp\u00e9rature de -20\u00b0C \u00e0 60\u00b0C, avec une humidit\u00e9 relative de 60+\/-25%.<br \/>\nLes dimensions du banc de batteries sont de 360*140*570 mm, ce qui facilite son montage sur un mur pour une installation peu encombrante. Ce syst\u00e8me solaire est une solution id\u00e9ale pour les m\u00e9nages qui cherchent \u00e0 r\u00e9duire leurs factures d&#039;\u00e9lectricit\u00e9 et leur d\u00e9pendance au r\u00e9seau tout en ayant un impact positif sur l&#039;environnement.<\/p>","protected":false},"featured_media":312,"template":"","meta":{"_kad_post_transparent":"default","_kad_post_title":"","_kad_post_layout":"default","_kad_post_sidebar_id":"","_kad_post_content_style":"default","_kad_post_vertical_padding":"default","_kad_post_feature":"","_kad_post_feature_position":"","_kad_post_header":false,"_kad_post_footer":false},"product_cat":[25,27],"product_tag":[151,131,68,152,153,155,150,154,130],"class_list":["post-311","product","type-product","status-publish","has-post-thumbnail","hentry","product_cat-home-storage-battery","product_cat-home-battery-powerwall","product_tag-battery-storage","product_tag-energy-storage-system","product_tag-lifepo4-lithium-battery","product_tag-power-battery-wall","product_tag-power-storage","product_tag-power-wall-hybrid-grid","product_tag-powerwall-energy","product_tag-solar-battery-storage-system","product_tag-wall-mounted-battery","entry","content-bg","loop-entry"],"_links":{"self":[{"href":"https:\/\/bybatt.com\/fr\/wp-json\/wp\/v2\/product\/311","targetHints":{"allow":["GET"]}}],"collection":[{"href":"https:\/\/bybatt.com\/fr\/wp-json\/wp\/v2\/product"}],"about":[{"href":"https:\/\/bybatt.com\/fr\/wp-json\/wp\/v2\/types\/product"}],"wp:featuredmedia":[{"embeddable":true,"href":"https:\/\/bybatt.com\/fr\/wp-json\/wp\/v2\/media\/312"}],"wp:attachment":[{"href":"https:\/\/bybatt.com\/fr\/wp-json\/wp\/v2\/media?parent=311"}],"wp:term":[{"taxonomy":"product_cat","embeddable":true,"href":"https:\/\/bybatt.com\/fr\/wp-json\/wp\/v2\/product_cat?post=311"},{"taxonomy":"product_tag","embeddable":true,"href":"https:\/\/bybatt.com\/fr\/wp-json\/wp\/v2\/product_tag?post=311"}],"curies":[{"name":"wp","href":"https:\/\/api.w.org\/{rel}","templated":true}]}}