{"id":316,"date":"2023-02-18T08:42:14","date_gmt":"2023-02-18T08:42:14","guid":{"rendered":"https:\/\/bybatt.com\/?post_type=product&#038;p=316"},"modified":"2023-03-05T16:19:15","modified_gmt":"2023-03-05T16:19:15","slug":"lifepo4-tesla-powerwall-lithium-battery-for-solar-system","status":"publish","type":"product","link":"https:\/\/bybatt.com\/fr\/produit\/lifepo4-tesla-powerwall-lithium-battery-for-solar-system\/","title":{"rendered":"Batterie au lithium LiFePO4 Tesla Powerwall pour syst\u00e8me solaire"},"content":{"rendered":"","protected":false},"excerpt":{"rendered":"<p>La batterie au lithium LiFePO4 Tesla Powerwall est con\u00e7ue pour \u00eatre utilis\u00e9e dans les syst\u00e8mes solaires et est disponible en plusieurs options de capacit\u00e9 : 48V 50Ah, 48V 100Ah, 48V 150Ah et 48V 200Ah. La batterie a une capacit\u00e9 \u00e9nerg\u00e9tique maximale de 2,56\u00a0KWH, 5,12\u00a0KWH, 7,68\u00a0KWH et 10,24\u00a0KWH, respectivement, et peut fournir une puissance de sortie maximale de 2\u00a0560\u00a0W, 5\u00a0120\u00a0W, 7\u00a0680\u00a0W et 10\u00a0240\u00a0W, respectivement.<br \/>\nLa batterie est fabriqu\u00e9e \u00e0 partir de nouvelles cellules 100% et a une longue dur\u00e9e de vie, avec une dur\u00e9e de vie nominale de 6000 cycles \u00e0 une profondeur de d\u00e9charge 80% et une temp\u00e9rature de 25\u00b0C. Il se conserve jusqu&#039;\u00e0 5 mois \u00e0 une temp\u00e9rature de 25\u00b0C, 3 mois \u00e0 35\u00b0C et 1 mois \u00e0 45\u00b0C. La batterie est con\u00e7ue pour fonctionner \u00e0 des temp\u00e9ratures allant de -20\u00b0C \u00e0 60\u00b0C, avec une humidit\u00e9 relative de 60+\/-25%. Les dimensions de la batterie sont de 360 mm x 140 mm x 570 mm (longueur x largeur x hauteur).<br \/>\nDans l&#039;ensemble, cette batterie au lithium LiFePO4 Tesla Powerwall est une solution haute performance, durable et fiable pour alimenter les syst\u00e8mes solaires, et est capable de fournir un stockage d&#039;\u00e9nergie et une puissance de sortie substantiels pendant de longues p\u00e9riodes.<\/p>","protected":false},"featured_media":317,"template":"","meta":{"_kad_post_transparent":"default","_kad_post_title":"","_kad_post_layout":"default","_kad_post_sidebar_id":"","_kad_post_content_style":"default","_kad_post_vertical_padding":"default","_kad_post_feature":"","_kad_post_feature_position":"","_kad_post_header":false,"_kad_post_footer":false},"product_cat":[25,27],"product_tag":[157,68,158,159,156],"class_list":["post-316","product","type-product","status-publish","has-post-thumbnail","hentry","product_cat-home-storage-battery","product_cat-home-battery-powerwall","product_tag-6000-cycles-80-dod-lifepo4-48v-100ah-5kwh-powerwall","product_tag-lifepo4-lithium-battery","product_tag-power-wall-lithium-battery","product_tag-tesla-powerwall-alternative","product_tag-tesla-powerwall-lithium-battery","entry","content-bg","loop-entry"],"_links":{"self":[{"href":"https:\/\/bybatt.com\/fr\/wp-json\/wp\/v2\/product\/316","targetHints":{"allow":["GET"]}}],"collection":[{"href":"https:\/\/bybatt.com\/fr\/wp-json\/wp\/v2\/product"}],"about":[{"href":"https:\/\/bybatt.com\/fr\/wp-json\/wp\/v2\/types\/product"}],"wp:featuredmedia":[{"embeddable":true,"href":"https:\/\/bybatt.com\/fr\/wp-json\/wp\/v2\/media\/317"}],"wp:attachment":[{"href":"https:\/\/bybatt.com\/fr\/wp-json\/wp\/v2\/media?parent=316"}],"wp:term":[{"taxonomy":"product_cat","embeddable":true,"href":"https:\/\/bybatt.com\/fr\/wp-json\/wp\/v2\/product_cat?post=316"},{"taxonomy":"product_tag","embeddable":true,"href":"https:\/\/bybatt.com\/fr\/wp-json\/wp\/v2\/product_tag?post=316"}],"curies":[{"name":"wp","href":"https:\/\/api.w.org\/{rel}","templated":true}]}}