{"id":333,"date":"2023-02-18T10:07:36","date_gmt":"2023-02-18T10:07:36","guid":{"rendered":"https:\/\/bybatt.com\/?post_type=product&#038;p=333"},"modified":"2023-02-18T10:15:53","modified_gmt":"2023-02-18T10:15:53","slug":"rechargeable-customized-home-solar-system-battery-storage","status":"publish","type":"product","link":"https:\/\/bybatt.com\/fr\/produit\/rechargeable-customized-home-solar-system-battery-storage\/","title":{"rendered":"Stockage de batterie de syst\u00e8me solaire domestique rechargeable et personnalis\u00e9"},"content":{"rendered":"","protected":false},"excerpt":{"rendered":"<p>Le stockage de batterie de syst\u00e8me solaire domestique personnalis\u00e9 rechargeable est un syst\u00e8me de batterie solaire con\u00e7u pour un usage r\u00e9sidentiel. Il se compose d&#039;un ensemble de batteries lithium-ion haute capacit\u00e9 d&#039;une capacit\u00e9 de 24V100AH\/48V50AH\/48V100AH\/48V200AH, selon le mod\u00e8le sp\u00e9cifique choisi.<br \/>\nLe syst\u00e8me de batterie est rechargeable et con\u00e7u pour fonctionner avec des panneaux solaires pour stocker l&#039;\u00e9nergie g\u00e9n\u00e9r\u00e9e par la lumi\u00e8re du soleil. Cela en fait une solution \u00e9cologique et \u00e9conomique pour alimenter les maisons.<br \/>\nLes batteries sont fabriqu\u00e9es avec de nouvelles cellules 100% pour assurer des performances et une fiabilit\u00e9 optimales. Le syst\u00e8me est personnalisable pour r\u00e9pondre aux besoins et aux pr\u00e9f\u00e9rences de chacun, avec diff\u00e9rentes tailles disponibles en fonction des exigences sp\u00e9cifiques du propri\u00e9taire. Les options de taille sont 400*110*520mm, 400*110*520mm, 360*175*520mm, 540*200*950mm.<br \/>\nLe poids de la batterie varie \u00e9galement en fonction de la capacit\u00e9 et de la taille s\u00e9lectionn\u00e9es. Les options de poids sont 24KG\/45KG\/24KG. Dans l&#039;ensemble, le stockage de batterie de syst\u00e8me solaire domestique personnalis\u00e9 rechargeable est une solution de haute qualit\u00e9 et polyvalente pour les besoins r\u00e9sidentiels en \u00e9nergie solaire.<\/p>","protected":false},"featured_media":334,"template":"","meta":{"_kad_post_transparent":"default","_kad_post_title":"","_kad_post_layout":"default","_kad_post_sidebar_id":"","_kad_post_content_style":"default","_kad_post_vertical_padding":"default","_kad_post_feature":"","_kad_post_feature_position":"","_kad_post_header":false,"_kad_post_footer":false},"product_cat":[25,27],"product_tag":[167,168,170,154,166,169],"class_list":["post-333","product","type-product","status-publish","has-post-thumbnail","hentry","product_cat-home-storage-battery","product_cat-home-battery-powerwall","product_tag-home-solar-system-battery-power-storage","product_tag-lithium-ion-solar-energy-storage-system-battery","product_tag-solar-battery-storage","product_tag-solar-battery-storage-system","product_tag-solar-system-battery-storage","product_tag-wall-mount-10kw-256v-battery-pack","entry","content-bg","loop-entry"],"_links":{"self":[{"href":"https:\/\/bybatt.com\/fr\/wp-json\/wp\/v2\/product\/333","targetHints":{"allow":["GET"]}}],"collection":[{"href":"https:\/\/bybatt.com\/fr\/wp-json\/wp\/v2\/product"}],"about":[{"href":"https:\/\/bybatt.com\/fr\/wp-json\/wp\/v2\/types\/product"}],"wp:featuredmedia":[{"embeddable":true,"href":"https:\/\/bybatt.com\/fr\/wp-json\/wp\/v2\/media\/334"}],"wp:attachment":[{"href":"https:\/\/bybatt.com\/fr\/wp-json\/wp\/v2\/media?parent=333"}],"wp:term":[{"taxonomy":"product_cat","embeddable":true,"href":"https:\/\/bybatt.com\/fr\/wp-json\/wp\/v2\/product_cat?post=333"},{"taxonomy":"product_tag","embeddable":true,"href":"https:\/\/bybatt.com\/fr\/wp-json\/wp\/v2\/product_tag?post=333"}],"curies":[{"name":"wp","href":"https:\/\/api.w.org\/{rel}","templated":true}]}}