{"id":346,"date":"2023-02-18T10:26:58","date_gmt":"2023-02-18T10:26:58","guid":{"rendered":"https:\/\/bybatt.com\/?post_type=product&#038;p=346"},"modified":"2023-02-18T11:03:04","modified_gmt":"2023-02-18T11:03:04","slug":"best-lithium-custom-portable-solar-generator-power-station","status":"publish","type":"product","link":"https:\/\/bybatt.com\/fr\/produit\/best-lithium-custom-portable-solar-generator-power-station\/","title":{"rendered":"Meilleure centrale \u00e9lectrique de g\u00e9n\u00e9rateur solaire portatif personnalis\u00e9 au lithium"},"content":{"rendered":"","protected":false},"excerpt":{"rendered":"<p>Pr\u00e9sentation de notre meilleure centrale \u00e9lectrique de g\u00e9n\u00e9rateur solaire portable au lithium, une solution d&#039;alimentation fiable et polyvalente pour vos besoins d&#039;alimentation en ext\u00e9rieur et d&#039;urgence. Notre centrale \u00e9lectrique est \u00e9quip\u00e9e de cellules au lithium de haute qualit\u00e9 100% flambant neuves, garantissant des performances durables et stables.<br \/>\nAvec une grande capacit\u00e9 de 249 600 mAh \/ 923,52 Wh, notre centrale \u00e9lectrique est capable d&#039;alimenter plusieurs appareils simultan\u00e9ment. Il dispose d&#039;une entr\u00e9e de 12-24V\/6A, et il peut \u00eatre compl\u00e8tement charg\u00e9 en 7-8 heures. La centrale \u00e9lectrique prend \u00e9galement en charge la charge solaire, avec une entr\u00e9e maximale de 18-23 V\/100 W, ce qui la rend id\u00e9ale pour les activit\u00e9s de plein air.<br \/>\nLa centrale est livr\u00e9e avec plusieurs ports de sortie, dont 2 ports USB (5V\/3A, 9V\/2,5A, 12V\/2A), 1 port Type-C (5V\/9V\/15V20V\/3A) avec sortie unidirectionnelle de PD 60W, 1 Port de type C (5V\/9V\/15V20V\/3A) avec sortie bidirectionnelle de PD 60W, 2 ports DC (12V\/10A) et 1 port allume-cigare (12V\/10A). De plus, la centrale \u00e9lectrique prend en charge la charge sans fil avec une sortie de 15 W et une sortie continue CA de 1000 W avec la technologie Pure Black Wave.<br \/>\nLa centrale dispose d&#039;un \u00e9cran LCD qui affiche la dur\u00e9e de vie restante de la batterie et l&#039;\u00e9tat de la puissance de sortie, ce qui vous permet de surveiller facilement les performances de la centrale. Il a un design compact et durable avec des dimensions de 328*238*285mm, ce qui le rend facile \u00e0 transporter et \u00e0 ranger.<br \/>\nNotre centrale \u00e9lectrique est livr\u00e9e avec un chargeur adaptateur 150W, vous permettant de recharger efficacement la centrale \u00e9lectrique. Investissez dans notre meilleure centrale solaire portable personnalis\u00e9e au lithium et vous n&#039;aurez jamais \u00e0 vous soucier de manquer d&#039;\u00e9nergie pendant vos aventures en plein air ou vos urgences.<\/p>","protected":false},"featured_media":347,"template":"","meta":{"_kad_post_transparent":"default","_kad_post_title":"","_kad_post_layout":"default","_kad_post_sidebar_id":"","_kad_post_content_style":"default","_kad_post_vertical_padding":"default","_kad_post_feature":"","_kad_post_feature_position":"","_kad_post_header":false,"_kad_post_footer":false},"product_cat":[25,26],"product_tag":[180,179,177,175,181,176,178],"class_list":["post-346","product","type-product","status-publish","has-post-thumbnail","hentry","product_cat-home-storage-battery","product_cat-portable-power-station","product_tag-110v-240v-700watt-ac-outlet-12v-car-usb-output","product_tag-bluetti-rechargeable-lithium-battery-pack-station","product_tag-portable-power-stations","product_tag-portable-solar-generator","product_tag-portable-solar-generator-lithium-ion-battery-500-watt","product_tag-protable-solar-power-generator","product_tag-solar-generators","entry","content-bg","loop-entry"],"_links":{"self":[{"href":"https:\/\/bybatt.com\/fr\/wp-json\/wp\/v2\/product\/346","targetHints":{"allow":["GET"]}}],"collection":[{"href":"https:\/\/bybatt.com\/fr\/wp-json\/wp\/v2\/product"}],"about":[{"href":"https:\/\/bybatt.com\/fr\/wp-json\/wp\/v2\/types\/product"}],"wp:featuredmedia":[{"embeddable":true,"href":"https:\/\/bybatt.com\/fr\/wp-json\/wp\/v2\/media\/347"}],"wp:attachment":[{"href":"https:\/\/bybatt.com\/fr\/wp-json\/wp\/v2\/media?parent=346"}],"wp:term":[{"taxonomy":"product_cat","embeddable":true,"href":"https:\/\/bybatt.com\/fr\/wp-json\/wp\/v2\/product_cat?post=346"},{"taxonomy":"product_tag","embeddable":true,"href":"https:\/\/bybatt.com\/fr\/wp-json\/wp\/v2\/product_tag?post=346"}],"curies":[{"name":"wp","href":"https:\/\/api.w.org\/{rel}","templated":true}]}}