{"id":354,"date":"2023-02-18T14:14:30","date_gmt":"2023-02-18T14:14:30","guid":{"rendered":"https:\/\/bybatt.com\/?post_type=product&#038;p=354"},"modified":"2023-02-18T14:30:29","modified_gmt":"2023-02-18T14:30:29","slug":"multi-function-lithium-portable-power-station-solar-generator","status":"publish","type":"product","link":"https:\/\/bybatt.com\/fr\/produit\/multi-function-lithium-portable-power-station-solar-generator\/","title":{"rendered":"G\u00e9n\u00e9rateur solaire de centrale \u00e9lectrique portable au lithium multifonction"},"content":{"rendered":"","protected":false},"excerpt":{"rendered":"<p>Le g\u00e9n\u00e9rateur solaire portable multifonction au lithium est une source d&#039;alimentation polyvalente de grande capacit\u00e9 con\u00e7ue pour \u00eatre utilis\u00e9e dans divers contextes. Il dispose d&#039;une nouvelle batterie 100% d&#039;une capacit\u00e9 de 208800 mAh \u00e0 3,7 V, fournissant un total de 772 wattheures (WH) de puissance.<br \/>\nLa centrale \u00e9lectrique peut \u00eatre charg\u00e9e en 7-8 heures en utilisant une entr\u00e9e de 25,2 V\/5 A, ou via une charge solaire avec une entr\u00e9e maximale de 18-23 V\/100 W. La centrale \u00e9lectrique est \u00e9galement livr\u00e9e avec divers ports de sortie, dont 3 ports USB avec capacit\u00e9 de charge rapide QC3.0, 1 port Type-C avec capacit\u00e9 de charge PD 60 W, 2 ports CC avec sortie 14,4 V\/7 A et 1 port allume-cigare avec 14,4 Sortie V\/7A.<br \/>\nEn plus de ses ports de sortie CC, la centrale dispose \u00e9galement d&#039;une sortie continue CA d&#039;onde noire pure 1000W avec des options de sortie de tension de 110(100-120)\/230(220-240)V. La centrale \u00e9lectrique est dot\u00e9e d&#039;un indicateur d&#039;alimentation LCD et a une taille compacte de 334*167*204mm, ce qui la rend facile \u00e0 transporter et \u00e0 ranger.<br \/>\nDans l&#039;ensemble, le g\u00e9n\u00e9rateur solaire portable multifonction au lithium est une source d&#039;alimentation fiable et efficace qui peut \u00eatre utilis\u00e9e pour diverses applications, y compris les aventures en plein air, l&#039;alimentation de secours d&#039;urgence, etc.<\/p>","protected":false},"featured_media":355,"template":"","meta":{"_kad_post_transparent":"default","_kad_post_title":"","_kad_post_layout":"default","_kad_post_sidebar_id":"","_kad_post_content_style":"default","_kad_post_vertical_padding":"default","_kad_post_feature":"","_kad_post_feature_position":"","_kad_post_header":false,"_kad_post_footer":false},"product_cat":[25,26],"product_tag":[186,185,184,182,188,183,176,187],"class_list":["post-354","product","type-product","status-publish","has-post-thumbnail","hentry","product_cat-home-storage-battery","product_cat-portable-power-station","product_tag-1000w-solar-power-generator","product_tag-2000wh-portable-acdc-power-station-outdoor","product_tag-generator-solar-charging-banks","product_tag-portable-power-station","product_tag-portable-power-station-manufacturer","product_tag-power-station-with-solar-panels","product_tag-protable-solar-power-generator","product_tag-solar-power-generator","entry","content-bg","loop-entry"],"_links":{"self":[{"href":"https:\/\/bybatt.com\/fr\/wp-json\/wp\/v2\/product\/354","targetHints":{"allow":["GET"]}}],"collection":[{"href":"https:\/\/bybatt.com\/fr\/wp-json\/wp\/v2\/product"}],"about":[{"href":"https:\/\/bybatt.com\/fr\/wp-json\/wp\/v2\/types\/product"}],"wp:featuredmedia":[{"embeddable":true,"href":"https:\/\/bybatt.com\/fr\/wp-json\/wp\/v2\/media\/355"}],"wp:attachment":[{"href":"https:\/\/bybatt.com\/fr\/wp-json\/wp\/v2\/media?parent=354"}],"wp:term":[{"taxonomy":"product_cat","embeddable":true,"href":"https:\/\/bybatt.com\/fr\/wp-json\/wp\/v2\/product_cat?post=354"},{"taxonomy":"product_tag","embeddable":true,"href":"https:\/\/bybatt.com\/fr\/wp-json\/wp\/v2\/product_tag?post=354"}],"curies":[{"name":"wp","href":"https:\/\/api.w.org\/{rel}","templated":true}]}}