{"id":361,"date":"2023-02-18T14:32:26","date_gmt":"2023-02-18T14:32:26","guid":{"rendered":"https:\/\/bybatt.com\/?post_type=product&#038;p=361"},"modified":"2023-03-05T16:18:35","modified_gmt":"2023-03-05T16:18:35","slug":"portable-power-station-solar-generator-manufacturer-in-china","status":"publish","type":"product","link":"https:\/\/bybatt.com\/fr\/produit\/portable-power-station-solar-generator-manufacturer-in-china\/","title":{"rendered":"Fabricant de g\u00e9n\u00e9rateur solaire de centrale \u00e9lectrique portable en Chine"},"content":{"rendered":"","protected":false},"excerpt":{"rendered":"<p>Ce g\u00e9n\u00e9rateur solaire de centrale \u00e9lectrique portable est une source d&#039;alimentation fiable et efficace con\u00e7ue pour les activit\u00e9s de plein air ou les situations d&#039;urgence. Il est fabriqu\u00e9 en Chine et utilise de nouvelles cellules 100% pour des performances durables.<br \/>\nLa capacit\u00e9 de la batterie est de 83200mAh avec une tension de 3,7V et une capacit\u00e9 \u00e9nerg\u00e9tique totale de 300WH. L&#039;entr\u00e9e requise pour la charge est de 16,8 V\/5 A, et il faut 5 \u00e0 6 heures pour une charge compl\u00e8te. Cette centrale \u00e9lectrique a \u00e9galement une capacit\u00e9 de charge solaire avec une plage d&#039;entr\u00e9e de 18-23V\/100W Max.<br \/>\nIl dispose de plusieurs sorties DC dont 2x USB (5V\/9V\/2A, \/12V\/1.5A avec QC3.0), 1x Type-C (5V\/9V\/15V20V\/3A) PD 60W, 2x DC12V\/10A et 1x cigarette plus l\u00e9ger (14,4V\/10A). De plus, la centrale \u00e9lectrique a une sortie continue AC d&#039;onde noire pure 300W avec une sortie de tension AC de 110(100-120)\/230(220-240)V AC fr\u00e9quence de sortie 50Hz\/60Hz\u00b15%.<br \/>\nLa centrale est \u00e9quip\u00e9e d&#039;un \u00e9cran LCD indicateur de puissance pour une surveillance facile, et elle a une taille compacte de 270*154*242 mm. La centrale est livr\u00e9e avec un adaptateur 80W pour la recharge. Dans l&#039;ensemble, ce g\u00e9n\u00e9rateur solaire de centrale \u00e9lectrique portable est une source d&#039;alimentation de haute qualit\u00e9 et polyvalente qui convient \u00e0 diverses situations ext\u00e9rieures et d&#039;urgence.<\/p>","protected":false},"featured_media":362,"template":"","meta":{"_kad_post_transparent":"default","_kad_post_title":"","_kad_post_layout":"default","_kad_post_sidebar_id":"","_kad_post_content_style":"default","_kad_post_vertical_padding":"default","_kad_post_feature":"","_kad_post_feature_position":"","_kad_post_header":false,"_kad_post_footer":false},"product_cat":[25,26],"product_tag":[191,192,190,182,197,199,195,196,194,188,198,193,189],"class_list":["post-361","product","type-product","status-publish","has-post-thumbnail","hentry","product_cat-home-storage-battery","product_cat-portable-power-station","product_tag-300w-power-station","product_tag-500w-power-station","product_tag-lifepo4-power-station","product_tag-portable-power-station","product_tag-portable-power-station-brand","product_tag-portable-power-station-camping","product_tag-portable-power-station-europe","product_tag-portable-power-station-factory","product_tag-portable-power-station-germany","product_tag-portable-power-station-manufacturer","product_tag-portable-power-station-market","product_tag-portable-power-station-usa","product_tag-power-station","entry","content-bg","loop-entry"],"_links":{"self":[{"href":"https:\/\/bybatt.com\/fr\/wp-json\/wp\/v2\/product\/361","targetHints":{"allow":["GET"]}}],"collection":[{"href":"https:\/\/bybatt.com\/fr\/wp-json\/wp\/v2\/product"}],"about":[{"href":"https:\/\/bybatt.com\/fr\/wp-json\/wp\/v2\/types\/product"}],"wp:featuredmedia":[{"embeddable":true,"href":"https:\/\/bybatt.com\/fr\/wp-json\/wp\/v2\/media\/362"}],"wp:attachment":[{"href":"https:\/\/bybatt.com\/fr\/wp-json\/wp\/v2\/media?parent=361"}],"wp:term":[{"taxonomy":"product_cat","embeddable":true,"href":"https:\/\/bybatt.com\/fr\/wp-json\/wp\/v2\/product_cat?post=361"},{"taxonomy":"product_tag","embeddable":true,"href":"https:\/\/bybatt.com\/fr\/wp-json\/wp\/v2\/product_tag?post=361"}],"curies":[{"name":"wp","href":"https:\/\/api.w.org\/{rel}","templated":true}]}}