{"id":369,"date":"2023-02-18T14:44:28","date_gmt":"2023-02-18T14:44:28","guid":{"rendered":"https:\/\/bybatt.com\/?post_type=product&#038;p=369"},"modified":"2023-02-18T14:56:30","modified_gmt":"2023-02-18T14:56:30","slug":"catl-prismatic-3-2v-300ah-lithium-lifepo4-battery-cells","status":"publish","type":"product","link":"https:\/\/bybatt.com\/fr\/produit\/catl-prismatic-3-2v-300ah-lithium-lifepo4-battery-cells\/","title":{"rendered":"Cellules de batterie au lithium LiFePO4 prismatiques CATL 3.2V 300AH"},"content":{"rendered":"","protected":false},"excerpt":{"rendered":"<p>Les cellules de batterie au lithium LiFePO4 CATL Prismatic 3.2V 300AH sont des cellules solaires de haute qualit\u00e9 con\u00e7ues pour la construction de banques d&#039;alimentation pour caravanes, camping-cars, camping-cars ou conversions de v\u00e9hicules \u00e9lectriques. Ces toutes nouvelles cellules ne sont pas fabriqu\u00e9es \u00e0 partir de mat\u00e9riaux recycl\u00e9s, ce qui garantit leur long\u00e9vit\u00e9 et leur fiabilit\u00e9.<br \/>\nChaque cellule mesure 174l x 208h x 72d (mm) et p\u00e8se 5,4 kg. Ils p\u00e8sent presque la moiti\u00e9 du poids des batteries AGM ou plomb-acide et offrent des cycles de charge plus \u00e9lev\u00e9s, ce qui en fait un choix id\u00e9al pour les syst\u00e8mes d&#039;\u00e9nergie renouvelable.<br \/>\nVeuillez noter qu&#039;il s&#039;agit d&#039;une seule cellule de 3,2 V et que pour cr\u00e9er une batterie de 12 V, vous devrez connecter quatre cellules en s\u00e9rie, ou huit cellules pour un syst\u00e8me 24 V. Pour assurer la s\u00e9curit\u00e9 et la long\u00e9vit\u00e9, il est indispensable d&#039;utiliser un BMS (Battery Management System) avec un capteur de temp\u00e9rature lors de la connexion des cellules en s\u00e9rie.<br \/>\nSi vous \u00eates int\u00e9ress\u00e9 par l&#039;achat d&#039;un ensemble de batteries compatible, nous proposons des syst\u00e8mes 12 V, 24 V, 36 V et 48 V avec BMS, soit s\u00e9par\u00e9ment, soit sous forme d&#039;ensemble. Choisissez le pack qui correspond le mieux \u00e0 vos besoins pour cr\u00e9er une banque d&#039;alimentation fiable et efficace pour votre syst\u00e8me d&#039;\u00e9nergie renouvelable.<\/p>","protected":false},"featured_media":370,"template":"","meta":{"_kad_post_transparent":"default","_kad_post_title":"","_kad_post_layout":"default","_kad_post_sidebar_id":"","_kad_post_content_style":"default","_kad_post_vertical_padding":"default","_kad_post_feature":"","_kad_post_feature_position":"","_kad_post_header":false,"_kad_post_footer":false},"product_cat":[24],"product_tag":[204,205,200,109,203,201,202],"class_list":["post-369","product","type-product","status-publish","has-post-thumbnail","hentry","product_cat-battery-cell","product_tag-catl-3-2v-300ah","product_tag-lifepo4-battery-cell","product_tag-lifepo4-battery-cells","product_tag-lifepo4-battery-pack","product_tag-lifepo4-cells","product_tag-lifepo4-prismatic-cells","product_tag-lithium-battery-cells","entry","content-bg","loop-entry"],"_links":{"self":[{"href":"https:\/\/bybatt.com\/fr\/wp-json\/wp\/v2\/product\/369","targetHints":{"allow":["GET"]}}],"collection":[{"href":"https:\/\/bybatt.com\/fr\/wp-json\/wp\/v2\/product"}],"about":[{"href":"https:\/\/bybatt.com\/fr\/wp-json\/wp\/v2\/types\/product"}],"wp:featuredmedia":[{"embeddable":true,"href":"https:\/\/bybatt.com\/fr\/wp-json\/wp\/v2\/media\/370"}],"wp:attachment":[{"href":"https:\/\/bybatt.com\/fr\/wp-json\/wp\/v2\/media?parent=369"}],"wp:term":[{"taxonomy":"product_cat","embeddable":true,"href":"https:\/\/bybatt.com\/fr\/wp-json\/wp\/v2\/product_cat?post=369"},{"taxonomy":"product_tag","embeddable":true,"href":"https:\/\/bybatt.com\/fr\/wp-json\/wp\/v2\/product_tag?post=369"}],"curies":[{"name":"wp","href":"https:\/\/api.w.org\/{rel}","templated":true}]}}