{"id":387,"date":"2023-02-18T15:28:18","date_gmt":"2023-02-18T15:28:18","guid":{"rendered":"https:\/\/bybatt.com\/?post_type=product&#038;p=387"},"modified":"2023-03-05T16:18:23","modified_gmt":"2023-03-05T16:18:23","slug":"3-2v-230ah-lifepo4-rechargeable-prismatic-battery-cells","status":"publish","type":"product","link":"https:\/\/bybatt.com\/fr\/produit\/3-2v-230ah-lifepo4-rechargeable-prismatic-battery-cells\/","title":{"rendered":"Cellules de batterie prismatiques rechargeables 3.2V 230AH LiFePO4"},"content":{"rendered":"","protected":false},"excerpt":{"rendered":"<div class=\"A3dMNc\" data-initial-text=\"\">Les cellules de batterie prismatiques rechargeables 3.2V 230AH LiFePO4 sont une solution de stockage d&#039;\u00e9nergie de haute qualit\u00e9 qui offre une gamme d&#039;avantages. Chaque cellule utilis\u00e9e dans les batteries est 100% neuve, garantissant des performances et une fiabilit\u00e9 constantes. Ces batteries sont \u00e9galement respectueuses de l&#039;environnement et ont une haute densit\u00e9 d&#039;\u00e9nergie, ce qui signifie qu&#039;elles peuvent fournir une alimentation durable dans un bo\u00eetier compact et l\u00e9ger. L&#039;un des principaux avantages de ces batteries est leur faible taux d&#039;autod\u00e9charge, ce qui garantit qu&#039;elles conservent leur charge pendant de plus longues p\u00e9riodes. Ils ont \u00e9galement une faible r\u00e9sistance interne, ce qui signifie qu&#039;ils peuvent fournir de l&#039;\u00e9nergie rapidement et efficacement. De plus, les batteries ont une longue dur\u00e9e de vie et peuvent \u00eatre charg\u00e9es jusqu&#039;\u00e0 1000 fois sans subir d&#039;effet m\u00e9moire. Ces batteries sont \u00e9galement dot\u00e9es de fonctions de s\u00e9curit\u00e9 int\u00e9gr\u00e9es telles que la protection contre les courts-circuits et les hautes temp\u00e9ratures, garantissant leur utilisation en toute s\u00e9curit\u00e9 dans divers environnements. Ils ont des temps de charge plus rapides que les autres technologies de batterie, ce qui en fait un choix id\u00e9al pour les applications qui n\u00e9cessitent des temps de recharge rapides. Les batteries ont \u00e9galement une capacit\u00e9 disponible de 100%, ce qui signifie que les utilisateurs peuvent compter sur la pleine capacit\u00e9 de la batterie pour leurs besoins \u00e9nerg\u00e9tiques. De plus, les batteries disposent d&#039;un BMS de protection de s\u00e9curit\u00e9 int\u00e9gr\u00e9 qui aide \u00e0 pr\u00e9venir les probl\u00e8mes tels que la surcharge ou la d\u00e9charge excessive.<\/div>","protected":false},"featured_media":388,"template":"","meta":{"_kad_post_transparent":"default","_kad_post_title":"","_kad_post_layout":"default","_kad_post_sidebar_id":"","_kad_post_content_style":"default","_kad_post_vertical_padding":"default","_kad_post_feature":"","_kad_post_feature_position":"","_kad_post_header":false,"_kad_post_footer":false},"product_cat":[24],"product_tag":[221,200,203,222,202,223,220,215,224],"class_list":["post-387","product","type-product","status-publish","has-post-thumbnail","hentry","product_cat-battery-cell","product_tag-deep-cycle-3-2v-230ah-lfp","product_tag-lifepo4-battery-cells","product_tag-lifepo4-cells","product_tag-lifepo4-inverter-lithium-iron","product_tag-lithium-battery-cells","product_tag-phosphate-battery-cells-200ah","product_tag-prismatic-battery-cells","product_tag-rechargeable-battery-cells","product_tag-rechargeable-power-wall-ebike-batteries","entry","content-bg","loop-entry"],"_links":{"self":[{"href":"https:\/\/bybatt.com\/fr\/wp-json\/wp\/v2\/product\/387","targetHints":{"allow":["GET"]}}],"collection":[{"href":"https:\/\/bybatt.com\/fr\/wp-json\/wp\/v2\/product"}],"about":[{"href":"https:\/\/bybatt.com\/fr\/wp-json\/wp\/v2\/types\/product"}],"wp:featuredmedia":[{"embeddable":true,"href":"https:\/\/bybatt.com\/fr\/wp-json\/wp\/v2\/media\/388"}],"wp:attachment":[{"href":"https:\/\/bybatt.com\/fr\/wp-json\/wp\/v2\/media?parent=387"}],"wp:term":[{"taxonomy":"product_cat","embeddable":true,"href":"https:\/\/bybatt.com\/fr\/wp-json\/wp\/v2\/product_cat?post=387"},{"taxonomy":"product_tag","embeddable":true,"href":"https:\/\/bybatt.com\/fr\/wp-json\/wp\/v2\/product_tag?post=387"}],"curies":[{"name":"wp","href":"https:\/\/api.w.org\/{rel}","templated":true}]}}