{"id":393,"date":"2023-02-18T15:39:42","date_gmt":"2023-02-18T15:39:42","guid":{"rendered":"https:\/\/bybatt.com\/?post_type=product&#038;p=393"},"modified":"2023-02-19T08:22:15","modified_gmt":"2023-02-19T08:22:15","slug":"36v-48v-52v-electric-bike-lithium-battery-with-charger","status":"publish","type":"product","link":"https:\/\/bybatt.com\/fr\/produit\/36v-48v-52v-electric-bike-lithium-battery-with-charger\/","title":{"rendered":"Batterie au lithium pour v\u00e9lo \u00e9lectrique 36V 48V 52V avec chargeur"},"content":{"rendered":"","protected":false},"excerpt":{"rendered":"<div class=\"A3dMNc\" data-initial-text=\"\">La batterie au lithium pour v\u00e9lo \u00e9lectrique 36V 48V 52V avec chargeur est une batterie de haute qualit\u00e9 con\u00e7ue pour alimenter les v\u00e9los \u00e9lectriques. La batterie utilise 100% de nouvelles cellules Li(NiCoMn)O2 18650 et est disponible dans des options de tension nominale de 36V et 48V avec des options de capacit\u00e9 nominale de 10-20ah. Le bo\u00eetier ext\u00e9rieur est en aluminium, ce qui le rend robuste et durable.<br \/>\nLa batterie a une dimension de 257150147mm et p\u00e8se environ 3.5KG\/4.5Kg. Il est livr\u00e9 avec un chargeur standard qui charge la batterie en utilisant un courant constant de 0,2 C et une tension constante de 42 V. L&#039;option de charge rapide utilise un courant constant de 0,5 CA.<br \/>\nLe taux de d\u00e9charge standard de la batterie est un courant constant de 0,2 C, avec une tension finale de 36,4 V. La batterie a un courant de d\u00e9charge continu de 20 A et un courant de d\u00e9charge de cr\u00eate de 60 A, ce qui la rend capable de fournir une puissance \u00e9lev\u00e9e en cas de besoin.<br \/>\nLa batterie a une dur\u00e9e de vie de 500 fois avec DOD80%, ce qui signifie qu&#039;elle peut \u00eatre charg\u00e9e et d\u00e9charg\u00e9e jusqu&#039;\u00e0 500 fois tout en conservant 80% de sa capacit\u00e9 d&#039;origine. La batterie dispose \u00e9galement d&#039;une fonction BMS qui comprend une protection contre les surintensit\u00e9s, une protection contre les d\u00e9charges excessives, une protection contre les surcharges, une protection contre les courts-circuits et l&#039;\u00e9quilibre. Cela garantit que la batterie est prot\u00e9g\u00e9e contre les dommages et prolonge sa dur\u00e9e de vie.<br \/>\nLa batterie peut \u00eatre stock\u00e9e dans une plage de temp\u00e9rature de -10-40\u2103, avec une plage d&#039;humidit\u00e9 relative de 45-75% et une plage de pression de 86-106KPa. Cela le rend appropri\u00e9 pour une utilisation dans une vari\u00e9t\u00e9 d&#039;environnements. Dans l&#039;ensemble, cette batterie est une option fiable et performante pour alimenter les v\u00e9los \u00e9lectriques.<\/div>","protected":false},"featured_media":394,"template":"","meta":{"_kad_post_transparent":"default","_kad_post_title":"","_kad_post_layout":"default","_kad_post_sidebar_id":"","_kad_post_content_style":"default","_kad_post_vertical_padding":"default","_kad_post_feature":"","_kad_post_feature_position":"","_kad_post_header":false,"_kad_post_footer":false},"product_cat":[19,22],"product_tag":[226,232,231,234,230,229,41,227,40,225,233,228],"class_list":["post-393","product","type-product","status-publish","has-post-thumbnail","hentry","product_cat-custom-ebike-battery","product_cat-rear-ebike-battery","product_tag-36v-10ah-lithium-battery","product_tag-36v-lithium-battery-for-electric-bikes","product_tag-48v-lithium-ion-battery-for-electric-bike","product_tag-e-bike-battery","product_tag-ebike-lithium-battery","product_tag-electric-bicycle-batteries","product_tag-electric-bicycle-battery","product_tag-electric-bike-14ah-24v-electric-bicycle-battery","product_tag-electric-bike-lithium-battery","product_tag-kangaroo-ebike-battery","product_tag-lithium-battery-for-motorcycle","product_tag-lithium-bicycle-battery","entry","content-bg","loop-entry"],"_links":{"self":[{"href":"https:\/\/bybatt.com\/fr\/wp-json\/wp\/v2\/product\/393","targetHints":{"allow":["GET"]}}],"collection":[{"href":"https:\/\/bybatt.com\/fr\/wp-json\/wp\/v2\/product"}],"about":[{"href":"https:\/\/bybatt.com\/fr\/wp-json\/wp\/v2\/types\/product"}],"wp:featuredmedia":[{"embeddable":true,"href":"https:\/\/bybatt.com\/fr\/wp-json\/wp\/v2\/media\/394"}],"wp:attachment":[{"href":"https:\/\/bybatt.com\/fr\/wp-json\/wp\/v2\/media?parent=393"}],"wp:term":[{"taxonomy":"product_cat","embeddable":true,"href":"https:\/\/bybatt.com\/fr\/wp-json\/wp\/v2\/product_cat?post=393"},{"taxonomy":"product_tag","embeddable":true,"href":"https:\/\/bybatt.com\/fr\/wp-json\/wp\/v2\/product_tag?post=393"}],"curies":[{"name":"wp","href":"https:\/\/api.w.org\/{rel}","templated":true}]}}