{"id":400,"date":"2023-02-18T15:48:32","date_gmt":"2023-02-18T15:48:32","guid":{"rendered":"https:\/\/bybatt.com\/?post_type=product&#038;p=400"},"modified":"2023-02-19T08:21:52","modified_gmt":"2023-02-19T08:21:52","slug":"electric-bicycle-rear-rack-battery-pack-with-taillight","status":"publish","type":"product","link":"https:\/\/bybatt.com\/fr\/produit\/electric-bicycle-rear-rack-battery-pack-with-taillight\/","title":{"rendered":"Batterie de porte-bagages arri\u00e8re pour v\u00e9lo \u00e9lectrique avec feu arri\u00e8re"},"content":{"rendered":"","protected":false},"excerpt":{"rendered":"<p>La batterie pour porte-bagages arri\u00e8re pour v\u00e9lo \u00e9lectrique avec feu arri\u00e8re est une batterie lithium-ion rechargeable con\u00e7ue pour \u00eatre mont\u00e9e sur le porte-bagages arri\u00e8re d&#039;un v\u00e9lo \u00e9lectrique. La batterie est livr\u00e9e avec un feu arri\u00e8re int\u00e9gr\u00e9 pour plus de s\u00e9curit\u00e9 pendant les trajets nocturnes.<br \/>\nLa batterie utilise 100% de nouvelles cellules Li(NiCoMn)O2 18650 et est disponible en deux options de tension : 36v et 48v. La capacit\u00e9 nominale de la batterie varie de 10 \u00e0 20 Ah. Le bo\u00eetier ext\u00e9rieur est en aluminium, ce qui offre durabilit\u00e9 et protection contre les chocs et les \u00e9l\u00e9ments. Les dimensions de la batterie sont de 257 x 150 x 147 mm et p\u00e8sent environ 3,5 kg\/4,5 kg.<br \/>\nLa batterie peut \u00eatre charg\u00e9e \u00e0 l&#039;aide d&#039;une m\u00e9thode de charge standard ou rapide. La charge standard implique un courant constant de 0,2C et une tension constante de 42V avec une coupure de 100mA. La charge rapide implique un courant constant de 0,5 CA et une tension constante de 42 V avec une coupure de 100 mA.<br \/>\nLa batterie a un courant de d\u00e9charge continu de 20 A et un courant de d\u00e9charge de cr\u00eate de 60 A, ce qui signifie qu&#039;elle peut fournir des niveaux \u00e9lev\u00e9s de puissance au moteur \u00e9lectrique du v\u00e9lo. La batterie a une dur\u00e9e de vie de 500 fois avec DOD80%, ce qui signifie qu&#039;elle peut \u00eatre recharg\u00e9e et d\u00e9charg\u00e9e jusqu&#039;\u00e0 500 fois avant qu&#039;elle ne commence \u00e0 se d\u00e9grader de mani\u00e8re significative.<br \/>\nLa batterie est \u00e9quip\u00e9e d&#039;un BMS (syst\u00e8me de gestion de la batterie) qui offre une protection contre les surintensit\u00e9s, les d\u00e9charges excessives, les surcharges et les courts-circuits. Le BMS aide \u00e9galement \u00e0 \u00e9quilibrer les cellules individuelles de la batterie pour s&#039;assurer qu&#039;elles sont toutes charg\u00e9es et d\u00e9charg\u00e9es de mani\u00e8re \u00e9gale.<br \/>\nLa batterie peut \u00eatre stock\u00e9e dans une plage de temp\u00e9rature de -10-40\u2103 avec une humidit\u00e9 relative de 45-75% et une plage de pression de 86-106KPa. Dans l&#039;ensemble, la batterie de porte-bagages arri\u00e8re pour v\u00e9lo \u00e9lectrique avec feu arri\u00e8re est une source d&#039;alimentation fiable et de haute qualit\u00e9 pour les v\u00e9los \u00e9lectriques qui offre commodit\u00e9, s\u00e9curit\u00e9 et hautes performances.<\/p>","protected":false},"featured_media":401,"template":"","meta":{"_kad_post_transparent":"default","_kad_post_title":"","_kad_post_layout":"default","_kad_post_sidebar_id":"","_kad_post_content_style":"default","_kad_post_vertical_padding":"default","_kad_post_feature":"","_kad_post_feature_position":"","_kad_post_header":false,"_kad_post_footer":false},"product_cat":[19,22],"product_tag":[240,241,237,238,239,235,236],"class_list":["post-400","product","type-product","status-publish","has-post-thumbnail","hentry","product_cat-custom-ebike-battery","product_cat-rear-ebike-battery","product_tag-akku-48v-36v-20ah-ebike-battery","product_tag-battery-jceb360-13","product_tag-ebike-rear-rack-battery","product_tag-electric-bike-battery-with-rear-rack","product_tag-rear-rack-25-ah-lithium-ion-battery-pack","product_tag-rear-rack-battery","product_tag-rear-rack-ebike-battery","entry","content-bg","loop-entry"],"_links":{"self":[{"href":"https:\/\/bybatt.com\/fr\/wp-json\/wp\/v2\/product\/400","targetHints":{"allow":["GET"]}}],"collection":[{"href":"https:\/\/bybatt.com\/fr\/wp-json\/wp\/v2\/product"}],"about":[{"href":"https:\/\/bybatt.com\/fr\/wp-json\/wp\/v2\/types\/product"}],"wp:featuredmedia":[{"embeddable":true,"href":"https:\/\/bybatt.com\/fr\/wp-json\/wp\/v2\/media\/401"}],"wp:attachment":[{"href":"https:\/\/bybatt.com\/fr\/wp-json\/wp\/v2\/media?parent=400"}],"wp:term":[{"taxonomy":"product_cat","embeddable":true,"href":"https:\/\/bybatt.com\/fr\/wp-json\/wp\/v2\/product_cat?post=400"},{"taxonomy":"product_tag","embeddable":true,"href":"https:\/\/bybatt.com\/fr\/wp-json\/wp\/v2\/product_tag?post=400"}],"curies":[{"name":"wp","href":"https:\/\/api.w.org\/{rel}","templated":true}]}}