{"id":407,"date":"2023-02-19T03:55:38","date_gmt":"2023-02-19T03:55:38","guid":{"rendered":"https:\/\/bybatt.com\/?post_type=product&#038;p=407"},"modified":"2023-02-19T08:21:27","modified_gmt":"2023-02-19T08:21:27","slug":"wholesale-24v-36v-48v-e-bike-rear-rack-lithium-ion-battery","status":"publish","type":"product","link":"https:\/\/bybatt.com\/fr\/produit\/wholesale-24v-36v-48v-e-bike-rear-rack-lithium-ion-battery\/","title":{"rendered":"Vente en gros 24V 36V 48V E-Bike Batterie au lithium-ion pour support arri\u00e8re"},"content":{"rendered":"","protected":false},"excerpt":{"rendered":"<p>La batterie lithium-ion pour porte-v\u00e9los arri\u00e8re 24V 36V 48V en gros est une batterie de haute qualit\u00e9 con\u00e7ue pour les v\u00e9los \u00e9lectriques. Cette batterie utilise des cellules neuves 100% avec une chimie de Li(NiCoMn)O2 18650. Elle a une tension nominale de 36V ou 48V, et une capacit\u00e9 nominale de 10-20ah. Le bo\u00eetier ext\u00e9rieur est en aluminium, ce qui le rend robuste et durable. Les dimensions de la batterie sont de 257 * 150 * 147 mm et p\u00e8sent environ 3,5 kg \/ 4,5 kg.<br \/>\nLa batterie peut \u00eatre charg\u00e9e \u00e0 l&#039;aide d&#039;une charge standard de courant constant 0,2C, coupure de tension constante 42V 100mA, ou d&#039;une charge rapide de courant constant 0,5CA, coupure de tension constante 42V 100mA. Il peut \u00eatre d\u00e9charg\u00e9 \u00e0 l&#039;aide d&#039;une d\u00e9charge standard de courant constant 0,2C\/tension finale 36,4V. La batterie a un courant de d\u00e9charge continu de 20A et un courant de d\u00e9charge de pointe de 60A.<br \/>\nCette batterie a une dur\u00e9e de vie de 500 fois avec DOD80% et comprend un BMS (Battery Management System) avec protection contre les surintensit\u00e9s, protection contre les d\u00e9charges excessives, protection contre les surcharges, protection contre les courts-circuits et fonctions d&#039;\u00e9quilibrage. La batterie peut \u00eatre stock\u00e9e \u00e0 une temp\u00e9rature ambiante de -10-40\u2103 avec une humidit\u00e9 relative de 45-75% et une pression de 86-106KPa. Cette batterie est id\u00e9ale pour les amateurs de v\u00e9los \u00e9lectriques qui souhaitent une source d&#039;alimentation fiable et durable pour leurs v\u00e9los \u00e9lectriques.<\/p>","protected":false},"featured_media":408,"template":"","meta":{"_kad_post_transparent":"default","_kad_post_title":"","_kad_post_layout":"default","_kad_post_sidebar_id":"","_kad_post_content_style":"default","_kad_post_vertical_padding":"default","_kad_post_feature":"","_kad_post_feature_position":"","_kad_post_header":false,"_kad_post_footer":false},"product_cat":[19,22],"product_tag":[246,248,247,249,244,238,245,235,236,243,242],"class_list":["post-407","product","type-product","status-publish","has-post-thumbnail","hentry","product_cat-custom-ebike-battery","product_cat-rear-ebike-battery","product_tag-24v-battery-rack-mount","product_tag-24v-rear-rack-battery","product_tag-36v-rear-rack-battery","product_tag-48v-rear-rack-battery","product_tag-48volt-li-ion-e-bike-akku-ebike-rear-rack","product_tag-electric-bike-battery-with-rear-rack","product_tag-kangaroo-battery","product_tag-rear-rack-battery","product_tag-rear-rack-ebike-battery","product_tag-rear-rack-ebike-lithium-ion-battery","product_tag-rear-rack-lithium-ion-battery","entry","content-bg","loop-entry"],"_links":{"self":[{"href":"https:\/\/bybatt.com\/fr\/wp-json\/wp\/v2\/product\/407","targetHints":{"allow":["GET"]}}],"collection":[{"href":"https:\/\/bybatt.com\/fr\/wp-json\/wp\/v2\/product"}],"about":[{"href":"https:\/\/bybatt.com\/fr\/wp-json\/wp\/v2\/types\/product"}],"wp:featuredmedia":[{"embeddable":true,"href":"https:\/\/bybatt.com\/fr\/wp-json\/wp\/v2\/media\/408"}],"wp:attachment":[{"href":"https:\/\/bybatt.com\/fr\/wp-json\/wp\/v2\/media?parent=407"}],"wp:term":[{"taxonomy":"product_cat","embeddable":true,"href":"https:\/\/bybatt.com\/fr\/wp-json\/wp\/v2\/product_cat?post=407"},{"taxonomy":"product_tag","embeddable":true,"href":"https:\/\/bybatt.com\/fr\/wp-json\/wp\/v2\/product_tag?post=407"}],"curies":[{"name":"wp","href":"https:\/\/api.w.org\/{rel}","templated":true}]}}