{"id":415,"date":"2023-02-19T07:37:27","date_gmt":"2023-02-19T07:37:27","guid":{"rendered":"https:\/\/bybatt.com\/?post_type=product&#038;p=415"},"modified":"2023-02-19T08:21:03","modified_gmt":"2023-02-19T08:21:03","slug":"100-new-cell-li-ion-e-bike-battery-mounted-on-rear-rack","status":"publish","type":"product","link":"https:\/\/bybatt.com\/fr\/produit\/100-new-cell-li-ion-e-bike-battery-mounted-on-rear-rack\/","title":{"rendered":"100% Nouvelle batterie Li-ion pour v\u00e9lo \u00e9lectrique mont\u00e9e sur un porte-bagages arri\u00e8re"},"content":{"rendered":"","protected":false},"excerpt":{"rendered":"<p>La batterie 100% New Cell Li-ion E-Bike mont\u00e9e sur porte-bagages arri\u00e8re est une batterie fiable et de haute qualit\u00e9 con\u00e7ue pour les v\u00e9los \u00e9lectriques. La batterie est fabriqu\u00e9e \u00e0 partir de nouvelles cellules 100% avec une chimie de Li(NiCoMn)O2 18650. Elle est disponible en deux tensions nominales diff\u00e9rentes, 36v et 48v, et a une capacit\u00e9 nominale de 10-20ah.<br \/>\nLe bo\u00eetier ext\u00e9rieur de la batterie est en aluminium durable et ses dimensions sont de 257*150*147mm. La batterie peut \u00eatre charg\u00e9e \u00e0 l&#039;aide d&#039;une m\u00e9thode de charge standard, qui implique un courant constant de 0,2\u00a0C et une tension constante de 42\u00a0V, avec une coupure de 100\u00a0mA. Alternativement, une m\u00e9thode de charge rapide peut \u00eatre utilis\u00e9e, qui implique un courant constant de 0,5 CA, une tension constante de 42 V et une coupure de 100 mA.<br \/>\nPendant l&#039;utilisation, la batterie peut \u00eatre d\u00e9charg\u00e9e en utilisant un courant constant de 0,2 C jusqu&#039;\u00e0 ce que la tension finale atteigne 36,4 V. La batterie p\u00e8se environ 3,5 kg\/4,5 kg et a un courant de d\u00e9charge continu de 20 A, avec un courant de d\u00e9charge de pointe de 60 A. La batterie a une dur\u00e9e de vie de 500 fois avec DOD80%.<br \/>\nLa batterie est \u00e9quip\u00e9e d&#039;un BMS (Battery Management System), qui offre une protection contre les surintensit\u00e9s, les d\u00e9charges excessives, les surcharges et les courts-circuits. Il dispose \u00e9galement d&#039;une fonction d&#039;\u00e9quilibre pour garantir que toutes les cellules de la batterie sont charg\u00e9es et d\u00e9charg\u00e9es de mani\u00e8re uniforme.<br \/>\nLa batterie a une plage de temp\u00e9rature de stockage de -10-40\u2103, une plage d&#039;humidit\u00e9 relative de 45-75% et une plage de pression de 86-106KPa. Cette batterie est un excellent choix pour tous ceux qui cherchent \u00e0 mettre \u00e0 niveau ou \u00e0 remplacer leur batterie actuelle de v\u00e9lo \u00e9lectrique.<\/p>","protected":false},"featured_media":416,"template":"","meta":{"_kad_post_transparent":"default","_kad_post_title":"","_kad_post_layout":"default","_kad_post_sidebar_id":"","_kad_post_content_style":"default","_kad_post_vertical_padding":"default","_kad_post_feature":"","_kad_post_feature_position":"","_kad_post_header":false,"_kad_post_footer":false},"product_cat":[19,22],"product_tag":[248,247,252,253,249,245,250,254,251],"class_list":["post-415","product","type-product","status-publish","has-post-thumbnail","hentry","product_cat-custom-ebike-battery","product_cat-rear-ebike-battery","product_tag-24v-rear-rack-battery","product_tag-36v-rear-rack-battery","product_tag-48-volt-rear-rack-electric-bicycle-battery","product_tag-48v-10ah-ebike-battery-with-carrier","product_tag-48v-rear-rack-battery","product_tag-kangaroo-battery","product_tag-li-ion-e-bike-battery","product_tag-rack-ebike-rear-rack","product_tag-rechargeable-lithium-ion","entry","content-bg","loop-entry"],"_links":{"self":[{"href":"https:\/\/bybatt.com\/fr\/wp-json\/wp\/v2\/product\/415","targetHints":{"allow":["GET"]}}],"collection":[{"href":"https:\/\/bybatt.com\/fr\/wp-json\/wp\/v2\/product"}],"about":[{"href":"https:\/\/bybatt.com\/fr\/wp-json\/wp\/v2\/types\/product"}],"wp:featuredmedia":[{"embeddable":true,"href":"https:\/\/bybatt.com\/fr\/wp-json\/wp\/v2\/media\/416"}],"wp:attachment":[{"href":"https:\/\/bybatt.com\/fr\/wp-json\/wp\/v2\/media?parent=415"}],"wp:term":[{"taxonomy":"product_cat","embeddable":true,"href":"https:\/\/bybatt.com\/fr\/wp-json\/wp\/v2\/product_cat?post=415"},{"taxonomy":"product_tag","embeddable":true,"href":"https:\/\/bybatt.com\/fr\/wp-json\/wp\/v2\/product_tag?post=415"}],"curies":[{"name":"wp","href":"https:\/\/api.w.org\/{rel}","templated":true}]}}