{"id":422,"date":"2023-02-19T08:03:36","date_gmt":"2023-02-19T08:03:36","guid":{"rendered":"https:\/\/bybatt.com\/?post_type=product&#038;p=422"},"modified":"2023-02-19T08:20:43","modified_gmt":"2023-02-19T08:20:43","slug":"electric-bike-tricycle-lithium-battery-pack-rear-rack-type","status":"publish","type":"product","link":"https:\/\/bybatt.com\/fr\/produit\/electric-bike-tricycle-lithium-battery-pack-rear-rack-type\/","title":{"rendered":"Type de support arri\u00e8re de batterie au lithium de tricycle de v\u00e9lo \u00e9lectrique"},"content":{"rendered":"","protected":false},"excerpt":{"rendered":"<p>mont\u00e9 sur le porte-bagages arri\u00e8re d&#039;un v\u00e9lo ou d&#039;un tricycle. La batterie utilise de nouvelles cellules 100% et a une chimie de Li(NiCoMn)O2 18650. Elle est disponible en deux options de tension nominale : 36v et 48v, avec une capacit\u00e9 nominale de 10-20ah. Le bo\u00eetier ext\u00e9rieur de la batterie est en aluminium et ses dimensions sont de 257*150*147 mm.<br \/>\nLa batterie peut \u00eatre charg\u00e9e en utilisant une charge standard de courant constant 0,2C et tension constante 42V avec une coupure de 100mA ou une charge rapide de courant constant 0,5CA, tension constante 42V avec une coupure de 100mA. Son taux de d\u00e9charge standard est un courant constant de 0,2\u00a0C, avec une tension finale de 36,4\u00a0V. La batterie p\u00e8se environ 3,5 kg\/4,5 kg et a un courant de d\u00e9charge continu de 20 A et un courant de d\u00e9charge de pointe de 60 A.<br \/>\nLa batterie a une dur\u00e9e de vie de 500 fois avec DOD80% et comprend la fonctionnalit\u00e9 BMS (syst\u00e8me de gestion de batterie) pour fournir une protection contre les surintensit\u00e9s, une protection contre les d\u00e9charges excessives, une protection contre les surcharges, une protection contre les courts-circuits et un \u00e9quilibre. La batterie peut \u00eatre stock\u00e9e dans une plage de temp\u00e9rature de -10-40\u2103, avec une humidit\u00e9 relative de 45-75% et une pression de 86-106KPa.<br \/>\nDans l&#039;ensemble, cette batterie est con\u00e7ue pour les cyclistes \u00e9lectriques ou les tricycles qui ont besoin d&#039;une source d&#039;alimentation fiable, facile \u00e0 monter et \u00e0 utiliser. Il offre un haut niveau de performance et de s\u00e9curit\u00e9, ce qui en fait un excellent choix pour les amateurs de v\u00e9los ou de tricycles \u00e9lectriques.<\/p>","protected":false},"featured_media":424,"template":"","meta":{"_kad_post_transparent":"default","_kad_post_title":"","_kad_post_layout":"default","_kad_post_sidebar_id":"","_kad_post_content_style":"default","_kad_post_vertical_padding":"default","_kad_post_feature":"","_kad_post_feature_position":"","_kad_post_header":false,"_kad_post_footer":false},"product_cat":[19,22],"product_tag":[258,248,247,256,249,236,257,255],"class_list":["post-422","product","type-product","status-publish","has-post-thumbnail","hentry","product_cat-custom-ebike-battery","product_cat-rear-ebike-battery","product_tag-18650-lithium-ion-battery-pack","product_tag-24v-rear-rack-battery","product_tag-36v-rear-rack-battery","product_tag-48v-32ah-lithium-battery","product_tag-48v-rear-rack-battery","product_tag-rear-rack-ebike-battery","product_tag-recharge-storage-battery","product_tag-tricycle-lithium-battery-pack","entry","content-bg","loop-entry"],"_links":{"self":[{"href":"https:\/\/bybatt.com\/fr\/wp-json\/wp\/v2\/product\/422","targetHints":{"allow":["GET"]}}],"collection":[{"href":"https:\/\/bybatt.com\/fr\/wp-json\/wp\/v2\/product"}],"about":[{"href":"https:\/\/bybatt.com\/fr\/wp-json\/wp\/v2\/types\/product"}],"wp:featuredmedia":[{"embeddable":true,"href":"https:\/\/bybatt.com\/fr\/wp-json\/wp\/v2\/media\/424"}],"wp:attachment":[{"href":"https:\/\/bybatt.com\/fr\/wp-json\/wp\/v2\/media?parent=422"}],"wp:term":[{"taxonomy":"product_cat","embeddable":true,"href":"https:\/\/bybatt.com\/fr\/wp-json\/wp\/v2\/product_cat?post=422"},{"taxonomy":"product_tag","embeddable":true,"href":"https:\/\/bybatt.com\/fr\/wp-json\/wp\/v2\/product_tag?post=422"}],"curies":[{"name":"wp","href":"https:\/\/api.w.org\/{rel}","templated":true}]}}