{"id":430,"date":"2023-02-19T08:26:22","date_gmt":"2023-02-19T08:26:22","guid":{"rendered":"https:\/\/bybatt.com\/?post_type=product&#038;p=430"},"modified":"2023-02-19T09:32:04","modified_gmt":"2023-02-19T09:32:04","slug":"customized-high-capacity-brand-new-e-bike-rack-battery","status":"publish","type":"product","link":"https:\/\/bybatt.com\/fr\/produit\/customized-high-capacity-brand-new-e-bike-rack-battery\/","title":{"rendered":"Nouvelle batterie de support de v\u00e9lo E haute capacit\u00e9 personnalis\u00e9e"},"content":{"rendered":"","protected":false},"excerpt":{"rendered":"<p>Ce produit est une toute nouvelle batterie de porte-v\u00e9lo \u00e9lectrique haute capacit\u00e9 qui peut \u00eatre personnalis\u00e9e pour r\u00e9pondre \u00e0 des besoins sp\u00e9cifiques. La batterie utilise de nouvelles cellules 100% et a une chimie de Li(NiCoMn)O2 18650. Elle a une tension nominale de 36v ou 48v et une capacit\u00e9 nominale de 10-20ah. Le bo\u00eetier ext\u00e9rieur est en aluminium et a des dimensions de 257*150*147mm.<br \/>\nLa batterie peut \u00eatre charg\u00e9e de deux mani\u00e8res : charge standard et charge rapide. La charge standard utilise un courant constant de 0,2\u00a0C, une tension constante de 42\u00a0V et une coupure de 100\u00a0mA. La charge rapide utilise un courant constant de 0,5 CA, une tension constante de 42 V et une coupure de 100 mA.<br \/>\nLors de son utilisation, la batterie a un courant de d\u00e9charge continu de 20A et un courant de d\u00e9charge de cr\u00eate de 60A. La dur\u00e9e de vie est d&#039;environ 500 fois avec une cote DOD80%.<br \/>\nLa batterie dispose d&#039;un BMS (syst\u00e8me de gestion de batterie) int\u00e9gr\u00e9 qui offre une protection contre les surintensit\u00e9s, les d\u00e9charges excessives, les surcharges et les courts-circuits. Le BMS assure \u00e9galement l&#039;\u00e9quilibre entre les cellules de la batterie.<br \/>\nLa plage de temp\u00e9rature de stockage de la batterie est de -10-40\u2103, avec une plage d&#039;humidit\u00e9 relative de 45-75% et une plage de pression de 86-106KPa. Le poids de la batterie est d&#039;environ 3,5 kg ou 4,5 kg, selon la capacit\u00e9.<\/p>","protected":false},"featured_media":431,"template":"","meta":{"_kad_post_transparent":"default","_kad_post_title":"","_kad_post_layout":"default","_kad_post_sidebar_id":"","_kad_post_content_style":"default","_kad_post_vertical_padding":"default","_kad_post_feature":"","_kad_post_feature_position":"","_kad_post_header":false,"_kad_post_footer":false},"product_cat":[19,22],"product_tag":[248,247,249,259,236],"class_list":["post-430","product","type-product","status-publish","has-post-thumbnail","hentry","product_cat-custom-ebike-battery","product_cat-rear-ebike-battery","product_tag-24v-rear-rack-battery","product_tag-36v-rear-rack-battery","product_tag-48v-rear-rack-battery","product_tag-e-bike-rack-battery","product_tag-rear-rack-ebike-battery","entry","content-bg","loop-entry"],"_links":{"self":[{"href":"https:\/\/bybatt.com\/fr\/wp-json\/wp\/v2\/product\/430","targetHints":{"allow":["GET"]}}],"collection":[{"href":"https:\/\/bybatt.com\/fr\/wp-json\/wp\/v2\/product"}],"about":[{"href":"https:\/\/bybatt.com\/fr\/wp-json\/wp\/v2\/types\/product"}],"wp:featuredmedia":[{"embeddable":true,"href":"https:\/\/bybatt.com\/fr\/wp-json\/wp\/v2\/media\/431"}],"wp:attachment":[{"href":"https:\/\/bybatt.com\/fr\/wp-json\/wp\/v2\/media?parent=430"}],"wp:term":[{"taxonomy":"product_cat","embeddable":true,"href":"https:\/\/bybatt.com\/fr\/wp-json\/wp\/v2\/product_cat?post=430"},{"taxonomy":"product_tag","embeddable":true,"href":"https:\/\/bybatt.com\/fr\/wp-json\/wp\/v2\/product_tag?post=430"}],"curies":[{"name":"wp","href":"https:\/\/api.w.org\/{rel}","templated":true}]}}