{"id":437,"date":"2023-02-19T09:32:20","date_gmt":"2023-02-19T09:32:20","guid":{"rendered":"https:\/\/bybatt.com\/?post_type=product&#038;p=437"},"modified":"2023-02-19T09:49:51","modified_gmt":"2023-02-19T09:49:51","slug":"rechargeable-lithium-electric-bike-seat-post-battery-pack","status":"publish","type":"product","link":"https:\/\/bybatt.com\/fr\/produit\/rechargeable-lithium-electric-bike-seat-post-battery-pack\/","title":{"rendered":"Batterie rechargeable au lithium pour tige de selle de v\u00e9lo \u00e9lectrique"},"content":{"rendered":"","protected":false},"excerpt":{"rendered":"<p>Ce produit est une batterie rechargeable au lithium pour tige de selle de v\u00e9lo \u00e9lectrique con\u00e7ue pour alimenter les v\u00e9los \u00e9lectriques. La batterie utilise 100% de nouvelles cellules Li(NiCoMn)O2 18650, qui ont une tension nominale de 36v ou 48v et une capacit\u00e9 nominale de 10-20ah. Le bo\u00eetier ext\u00e9rieur de la batterie est en aluminium et ses dimensions sont de 257*1501*47mm.<br \/>\nLa batterie peut \u00eatre charg\u00e9e \u00e0 l&#039;aide d&#039;une m\u00e9thode de charge standard, qui implique un courant constant de 0,2\u00a0C et une tension constante de 42\u00a0V avec une coupure de 100\u00a0mA. Alternativement, il peut \u00eatre charg\u00e9 en utilisant une m\u00e9thode de charge rapide, qui implique un courant constant de 0,5 CA et une tension constante de 42 V avec une coupure de 100 mA. La batterie peut \u00eatre d\u00e9charg\u00e9e en utilisant un courant constant de 0,2 C avec une tension finale de 36,4 V.<br \/>\nLa batterie p\u00e8se environ 3,5 kg\/4,5 kg, a un courant de d\u00e9charge continu de 20 A et un courant de d\u00e9charge de pointe de 60 A. Il a une dur\u00e9e de vie de 500 fois avec DOD80% et est livr\u00e9 avec une fonction BMS qui fournit une protection contre les surintensit\u00e9s, une protection contre les d\u00e9charges excessives, une protection contre les surcharges, une protection contre les courts-circuits et un \u00e9quilibre.<br \/>\nLa plage de temp\u00e9rature de stockage de la batterie est comprise entre -10 et 40 \u2103 avec une humidit\u00e9 relative de 45-75% et une pression de 86-106KPa. Cette batterie rechargeable au lithium pour tige de selle de v\u00e9lo \u00e9lectrique est une solution id\u00e9ale pour ceux qui recherchent une source d&#039;alimentation fiable et durable pour leurs v\u00e9los \u00e9lectriques.<\/p>","protected":false},"featured_media":438,"template":"","meta":{"_kad_post_transparent":"default","_kad_post_title":"","_kad_post_layout":"default","_kad_post_sidebar_id":"","_kad_post_content_style":"default","_kad_post_vertical_padding":"default","_kad_post_feature":"","_kad_post_feature_position":"","_kad_post_header":false,"_kad_post_footer":false},"product_cat":[19,21],"product_tag":[264,248,266,247,249,262,260,263,261,265],"class_list":["post-437","product","type-product","status-publish","has-post-thumbnail","hentry","product_cat-custom-ebike-battery","product_cat-down-tube-ebike-battery","product_tag-11ah-lithium-battery-for-a2b-kuo","product_tag-24v-rear-rack-battery","product_tag-36v-14ah-li-ion-e-bike-battery","product_tag-36v-rear-rack-battery","product_tag-48v-rear-rack-battery","product_tag-e-bike-seat-post-battery","product_tag-electric-bike-seat-post-battery","product_tag-magnum-36v-seat-post-mounting-frog-batt","product_tag-post-seat-battery","product_tag-taga-2-0-famous-cell","entry","content-bg","loop-entry"],"_links":{"self":[{"href":"https:\/\/bybatt.com\/fr\/wp-json\/wp\/v2\/product\/437","targetHints":{"allow":["GET"]}}],"collection":[{"href":"https:\/\/bybatt.com\/fr\/wp-json\/wp\/v2\/product"}],"about":[{"href":"https:\/\/bybatt.com\/fr\/wp-json\/wp\/v2\/types\/product"}],"wp:featuredmedia":[{"embeddable":true,"href":"https:\/\/bybatt.com\/fr\/wp-json\/wp\/v2\/media\/438"}],"wp:attachment":[{"href":"https:\/\/bybatt.com\/fr\/wp-json\/wp\/v2\/media?parent=437"}],"wp:term":[{"taxonomy":"product_cat","embeddable":true,"href":"https:\/\/bybatt.com\/fr\/wp-json\/wp\/v2\/product_cat?post=437"},{"taxonomy":"product_tag","embeddable":true,"href":"https:\/\/bybatt.com\/fr\/wp-json\/wp\/v2\/product_tag?post=437"}],"curies":[{"name":"wp","href":"https:\/\/api.w.org\/{rel}","templated":true}]}}