{"id":444,"date":"2023-02-19T09:54:39","date_gmt":"2023-02-19T09:54:39","guid":{"rendered":"https:\/\/bybatt.com\/?post_type=product&#038;p=444"},"modified":"2023-02-19T10:24:36","modified_gmt":"2023-02-19T10:24:36","slug":"36v-12ah-lithium-battery-seatpost-frog-ebike-battery-pack","status":"publish","type":"product","link":"https:\/\/bybatt.com\/fr\/produit\/36v-12ah-lithium-battery-seatpost-frog-ebike-battery-pack\/","title":{"rendered":"Batterie au lithium 36V 12Ah pour tige de selle grenouille Ebike"},"content":{"rendered":"","protected":false},"excerpt":{"rendered":"<p>La batterie au lithium 36V 12Ah pour tige de selle Frog Ebike est une batterie de haute qualit\u00e9 et durable con\u00e7ue pour \u00eatre utilis\u00e9e dans les v\u00e9los \u00e9lectriques. La batterie utilise de nouvelles cellules 100% et a une chimie de Li(NiCoMn)O2 18650. Elle est disponible en versions 36v et 48v, avec une capacit\u00e9 nominale de 10-20ah.<br \/>\nLa batterie est log\u00e9e dans un bo\u00eetier en aluminium robuste et a des dimensions de 257*150*147mm. La charge standard de la batterie est un courant constant de 0,2\u00a0C, une tension constante de 42\u00a0V et une coupure de 100\u00a0mA. Pour une charge rapide, la batterie peut g\u00e9rer un courant constant de 0,5 CA, une tension constante de 42 V et une coupure de 100 mA.<br \/>\nLe courant de d\u00e9charge standard pour la batterie est un courant constant de 0,2 C, avec une tension finale de 36,4 V. La batterie p\u00e8se environ 3,5 kg\/4,5 kg et peut supporter un courant de d\u00e9charge continu de 20 A, avec un courant de d\u00e9charge de pointe de 60 A.<br \/>\nLa batterie a une dur\u00e9e de vie de 500 fois avec DOD80% et est \u00e9quip\u00e9e d&#039;une fonction BMS qui comprend une protection contre les surintensit\u00e9s, une protection contre les d\u00e9charges excessives, une protection contre les surcharges, une protection contre les courts-circuits et un \u00e9quilibre. La plage de temp\u00e9rature de stockage de la batterie est de -10-40\u2103, avec une plage d&#039;humidit\u00e9 relative de 45-75% et une plage de pression de 86-106KPa.<\/p>","protected":false},"featured_media":459,"template":"","meta":{"_kad_post_transparent":"default","_kad_post_title":"","_kad_post_layout":"default","_kad_post_sidebar_id":"","_kad_post_content_style":"default","_kad_post_vertical_padding":"default","_kad_post_feature":"","_kad_post_feature_position":"","_kad_post_header":false,"_kad_post_footer":false},"product_cat":[19,21],"product_tag":[248,247,249,262,267],"class_list":["post-444","product","type-product","status-publish","has-post-thumbnail","hentry","product_cat-custom-ebike-battery","product_cat-down-tube-ebike-battery","product_tag-24v-rear-rack-battery","product_tag-36v-rear-rack-battery","product_tag-48v-rear-rack-battery","product_tag-e-bike-seat-post-battery","product_tag-frog-ebike-battery","entry","content-bg","loop-entry"],"_links":{"self":[{"href":"https:\/\/bybatt.com\/fr\/wp-json\/wp\/v2\/product\/444","targetHints":{"allow":["GET"]}}],"collection":[{"href":"https:\/\/bybatt.com\/fr\/wp-json\/wp\/v2\/product"}],"about":[{"href":"https:\/\/bybatt.com\/fr\/wp-json\/wp\/v2\/types\/product"}],"wp:featuredmedia":[{"embeddable":true,"href":"https:\/\/bybatt.com\/fr\/wp-json\/wp\/v2\/media\/459"}],"wp:attachment":[{"href":"https:\/\/bybatt.com\/fr\/wp-json\/wp\/v2\/media?parent=444"}],"wp:term":[{"taxonomy":"product_cat","embeddable":true,"href":"https:\/\/bybatt.com\/fr\/wp-json\/wp\/v2\/product_cat?post=444"},{"taxonomy":"product_tag","embeddable":true,"href":"https:\/\/bybatt.com\/fr\/wp-json\/wp\/v2\/product_tag?post=444"}],"curies":[{"name":"wp","href":"https:\/\/api.w.org\/{rel}","templated":true}]}}