{"id":445,"date":"2023-02-19T10:00:08","date_gmt":"2023-02-19T10:00:08","guid":{"rendered":"https:\/\/bybatt.com\/?post_type=product&#038;p=445"},"modified":"2023-02-19T10:14:35","modified_gmt":"2023-02-19T10:14:35","slug":"e-bike-20amp-reention-battery-rhino-48v-13ah-lithium-battery","status":"publish","type":"product","link":"https:\/\/bybatt.com\/fr\/produit\/e-bike-20amp-reention-battery-rhino-48v-13ah-lithium-battery\/","title":{"rendered":"E-Bike 20Amp Reention Batterie Rhino 48V 13Ah Lithium Batterie"},"content":{"rendered":"","protected":false},"excerpt":{"rendered":"<p>La batterie au lithium E-Bike 20Amp Reention Rhino 48V 13Ah est une batterie rechargeable de haute qualit\u00e9 con\u00e7ue pour \u00eatre utilis\u00e9e avec des v\u00e9los \u00e9lectriques. Il est fabriqu\u00e9 par la marque originale Reention et Rhino et utilise de nouvelles cellules 100%, garantissant sa fiabilit\u00e9 et sa long\u00e9vit\u00e9.<br \/>\nLa batterie utilise la chimie LiNiCoMno2 et est disponible en plusieurs options de tension et de capacit\u00e9, notamment 36V et 48V, et 10,4ah, 11,6ah, 13ah, 13,6ah et 14ah. Le bo\u00eetier ext\u00e9rieur est en mat\u00e9riau EEL, ce qui le rend durable et r\u00e9sistant aux chocs.<br \/>\nLa batterie peut \u00eatre charg\u00e9e en utilisant une m\u00e9thode de charge standard, avec un courant constant de 0,2 C et une tension constante de 54,6 V, avec une coupure de 100 mA. Il peut \u00e9galement \u00eatre charg\u00e9 rapidement en utilisant un courant constant de 0,5 CA et une tension constante de 54,6 V, avec une coupure de 100 mA.<br \/>\nLe courant de d\u00e9charge standard de la batterie est de 0,2\u00a0C, avec une tension finale de 30\u00a0V. Il a une dur\u00e9e de vie de 500 fois avec DOD80% et peut fournir un courant de d\u00e9charge continu de 10 A ou un courant de d\u00e9charge de cr\u00eate de 30 A, qui peut \u00eatre personnalis\u00e9 en fonction des besoins individuels.<br \/>\nLa batterie est livr\u00e9e avec un BMS (Battery Management System) int\u00e9gr\u00e9 qui offre une protection contre les probl\u00e8mes de surintensit\u00e9, de d\u00e9charge excessive, de surcharge et de court-circuit. Il offre \u00e9galement des fonctions d&#039;\u00e9quilibrage, garantissant que les cellules de la batterie sont charg\u00e9es et d\u00e9charg\u00e9es de mani\u00e8re uniforme.<br \/>\nLa plage de temp\u00e9rature de stockage de la batterie est de -10-40\u2103, avec une humidit\u00e9 relative de 45-75% et une plage de pression de 86-106KPa. Avec sa construction et sa fiabilit\u00e9 de haute qualit\u00e9, la batterie au lithium E-Bike 20Amp Reention Rhino 48V 13Ah est un excellent choix pour ceux qui recherchent une batterie de v\u00e9lo \u00e9lectrique longue dur\u00e9e et performante.<\/p>","protected":false},"featured_media":446,"template":"","meta":{"_kad_post_transparent":"default","_kad_post_title":"","_kad_post_layout":"default","_kad_post_sidebar_id":"","_kad_post_content_style":"default","_kad_post_vertical_padding":"default","_kad_post_feature":"","_kad_post_feature_position":"","_kad_post_header":false,"_kad_post_footer":false},"product_cat":[19,23],"product_tag":[269,270,229,268,271],"class_list":["post-445","product","type-product","status-publish","has-post-thumbnail","hentry","product_cat-custom-ebike-battery","product_cat-inner-ebike-battery","product_tag-20amp-reention-battery","product_tag-48v-13ah-lithium-battery","product_tag-electric-bicycle-batteries","product_tag-reention-battery","product_tag-rhino-battery","entry","content-bg","loop-entry"],"_links":{"self":[{"href":"https:\/\/bybatt.com\/fr\/wp-json\/wp\/v2\/product\/445","targetHints":{"allow":["GET"]}}],"collection":[{"href":"https:\/\/bybatt.com\/fr\/wp-json\/wp\/v2\/product"}],"about":[{"href":"https:\/\/bybatt.com\/fr\/wp-json\/wp\/v2\/types\/product"}],"wp:featuredmedia":[{"embeddable":true,"href":"https:\/\/bybatt.com\/fr\/wp-json\/wp\/v2\/media\/446"}],"wp:attachment":[{"href":"https:\/\/bybatt.com\/fr\/wp-json\/wp\/v2\/media?parent=445"}],"wp:term":[{"taxonomy":"product_cat","embeddable":true,"href":"https:\/\/bybatt.com\/fr\/wp-json\/wp\/v2\/product_cat?post=445"},{"taxonomy":"product_tag","embeddable":true,"href":"https:\/\/bybatt.com\/fr\/wp-json\/wp\/v2\/product_tag?post=445"}],"curies":[{"name":"wp","href":"https:\/\/api.w.org\/{rel}","templated":true}]}}