{"id":452,"date":"2023-02-19T10:15:33","date_gmt":"2023-02-19T10:15:33","guid":{"rendered":"https:\/\/bybatt.com\/?post_type=product&#038;p=452"},"modified":"2023-02-19T10:26:45","modified_gmt":"2023-02-19T10:26:45","slug":"cheap-authorized-reention-dorado-mini-batteries-for-e-bike","status":"publish","type":"product","link":"https:\/\/bybatt.com\/fr\/produit\/cheap-authorized-reention-dorado-mini-batteries-for-e-bike\/","title":{"rendered":"Batteries Reention Dorado Mini autoris\u00e9es bon march\u00e9 pour v\u00e9lo \u00e9lectrique"},"content":{"rendered":"","protected":false},"excerpt":{"rendered":"<p>Ce produit est une batterie rechargeable pour un v\u00e9lo \u00e9lectrique, en particulier le Reention Dorado Mini. Les cellules utilis\u00e9es dans la batterie sont toutes neuves et la chimie est LiNiCoMno2. La batterie est disponible en diff\u00e9rentes tensions nominales (36V ou 48V) et capacit\u00e9s (allant de 10,4ah \u00e0 14ah). Le bo\u00eetier ext\u00e9rieur de la batterie est en mat\u00e9riau EEL.<br \/>\nLa batterie peut \u00eatre charg\u00e9e en utilisant un courant constant de 0,2C et une tension constante de 54,6V, avec une coupure de 100mA. Il peut \u00e9galement \u00eatre charg\u00e9 rapidement en utilisant un courant constant de 0,5 CA et la m\u00eame tension et coupure constantes. Le courant de d\u00e9charge standard est de 0,2C, avec une tension finale de 30V.<br \/>\nLa batterie a une dur\u00e9e de vie de 500 fois avec un DOD80% et un poids d&#039;environ 3,5 kg ou 4,5 kg. Il peut fournir un courant de d\u00e9charge continu de 10A, avec un courant de d\u00e9charge de cr\u00eate de 30A. La fonction BMS de la batterie comprend une protection contre les surintensit\u00e9s, les d\u00e9charges excessives, les surcharges et les courts-circuits, ainsi que l&#039;\u00e9quilibrage.<br \/>\nLa batterie peut \u00eatre stock\u00e9e \u00e0 une temp\u00e9rature ambiante de -10-40\u2103, avec une humidit\u00e9 relative de 45-75% et une pression de 86-106KPa. Ce produit offre une option abordable et autoris\u00e9e pour les propri\u00e9taires de v\u00e9los \u00e9lectriques qui ont besoin d&#039;une batterie de remplacement ou suppl\u00e9mentaire pour leur Reention Dorado Mini.<\/p>","protected":false},"featured_media":453,"template":"","meta":{"_kad_post_transparent":"default","_kad_post_title":"","_kad_post_layout":"default","_kad_post_sidebar_id":"","_kad_post_content_style":"default","_kad_post_vertical_padding":"default","_kad_post_feature":"","_kad_post_feature_position":"","_kad_post_header":false,"_kad_post_footer":false},"product_cat":[19,23],"product_tag":[275,274,41,268,273,272],"class_list":["post-452","product","type-product","status-publish","has-post-thumbnail","hentry","product_cat-custom-ebike-battery","product_cat-inner-ebike-battery","product_tag-36v-cheapest-ebike-battery","product_tag-dorado-mini-batteries","product_tag-electric-bicycle-battery","product_tag-reention-battery","product_tag-reention-dorado-battery","product_tag-reention-dorado-mini-batteries","entry","content-bg","loop-entry"],"_links":{"self":[{"href":"https:\/\/bybatt.com\/fr\/wp-json\/wp\/v2\/product\/452","targetHints":{"allow":["GET"]}}],"collection":[{"href":"https:\/\/bybatt.com\/fr\/wp-json\/wp\/v2\/product"}],"about":[{"href":"https:\/\/bybatt.com\/fr\/wp-json\/wp\/v2\/types\/product"}],"wp:featuredmedia":[{"embeddable":true,"href":"https:\/\/bybatt.com\/fr\/wp-json\/wp\/v2\/media\/453"}],"wp:attachment":[{"href":"https:\/\/bybatt.com\/fr\/wp-json\/wp\/v2\/media?parent=452"}],"wp:term":[{"taxonomy":"product_cat","embeddable":true,"href":"https:\/\/bybatt.com\/fr\/wp-json\/wp\/v2\/product_cat?post=452"},{"taxonomy":"product_tag","embeddable":true,"href":"https:\/\/bybatt.com\/fr\/wp-json\/wp\/v2\/product_tag?post=452"}],"curies":[{"name":"wp","href":"https:\/\/api.w.org\/{rel}","templated":true}]}}