{"id":466,"date":"2023-02-19T13:40:46","date_gmt":"2023-02-19T13:40:46","guid":{"rendered":"https:\/\/bybatt.com\/?post_type=product&#038;p=466"},"modified":"2023-02-19T13:48:58","modified_gmt":"2023-02-19T13:48:58","slug":"36v-48v-reention-eel-inner-frame-battery-pack-for-e-bike","status":"publish","type":"product","link":"https:\/\/bybatt.com\/fr\/produit\/36v-48v-reention-eel-inner-frame-battery-pack-for-e-bike\/","title":{"rendered":"Batterie de cadre int\u00e9rieur 36V 48V Reention EEL pour v\u00e9lo \u00e9lectrique"},"content":{"rendered":"","protected":false},"excerpt":{"rendered":"<p>La batterie 36V 48V Reention EEL Inner Frame est une batterie rechargeable de haute qualit\u00e9 con\u00e7ue pour \u00eatre utilis\u00e9e dans les v\u00e9los \u00e9lectriques. Il est construit \u00e0 l&#039;aide de nouvelles cellules 100% avec une chimie de LiNiCoMno2, qui offre des performances et une durabilit\u00e9 fiables.<br \/>\nLa batterie est disponible en diff\u00e9rentes capacit\u00e9s, notamment 10,4 Ah, 11,6 Ah, 13 Ah, 13,6 Ah et 14 Ah, et a une tension nominale de 36 V ou 48 V. Il est log\u00e9 dans un bo\u00eetier EEL robuste et p\u00e8se environ 3,5 kg ou 4,5 kg, selon la capacit\u00e9.<br \/>\nLa batterie peut \u00eatre charg\u00e9e en utilisant une charge standard ou une charge rapide, avec un courant constant de 0,2C ou 0,5CA, respectivement. Le courant de d\u00e9charge standard est de 0,2\u00a0C et la tension finale est de 30\u00a0V. La batterie a une dur\u00e9e de vie de 500 fois avec DOD80% et peut fournir un courant de d\u00e9charge continu de 10 A ou un courant de d\u00e9charge de cr\u00eate de 30 A, selon la personnalisation.<br \/>\nLa batterie dispose d&#039;un BMS (Battery Management System) int\u00e9gr\u00e9, qui offre une protection contre les surintensit\u00e9s, les d\u00e9charges excessives, les surcharges et les courts-circuits. Il a \u00e9galement une fonction d&#039;\u00e9quilibre pour s&#039;assurer que toutes les cellules sont charg\u00e9es et d\u00e9charg\u00e9es de mani\u00e8re \u00e9gale.<br \/>\nLa batterie peut \u00eatre stock\u00e9e \u00e0 une temp\u00e9rature ambiante de -10-40\u2103 avec une humidit\u00e9 relative de 45-75% et une pression de 86-106KPa. Dans l&#039;ensemble, la batterie \u00e0 cadre int\u00e9rieur Reention EEL 36V 48V est une batterie haute performance et fiable, id\u00e9ale pour les amateurs de v\u00e9los \u00e9lectriques qui recherchent une source d&#039;alimentation durable et durable pour leurs trajets.<\/p>","protected":false},"featured_media":467,"template":"","meta":{"_kad_post_transparent":"default","_kad_post_title":"","_kad_post_layout":"default","_kad_post_sidebar_id":"","_kad_post_content_style":"default","_kad_post_vertical_padding":"default","_kad_post_feature":"","_kad_post_feature_position":"","_kad_post_header":false,"_kad_post_footer":false},"product_cat":[19,23],"product_tag":[275,52,274,278,41,268,273,272,277,276],"class_list":["post-466","product","type-product","status-publish","has-post-thumbnail","hentry","product_cat-custom-ebike-battery","product_cat-inner-ebike-battery","product_tag-36v-cheapest-ebike-battery","product_tag-battery","product_tag-dorado-mini-batteries","product_tag-electric-bicycle-36volt","product_tag-electric-bicycle-battery","product_tag-reention-battery","product_tag-reention-dorado-battery","product_tag-reention-dorado-mini-batteries","product_tag-reention-eel-inner-battery-pack","product_tag-reention-eel-inner-frame-battery","entry","content-bg","loop-entry"],"_links":{"self":[{"href":"https:\/\/bybatt.com\/fr\/wp-json\/wp\/v2\/product\/466","targetHints":{"allow":["GET"]}}],"collection":[{"href":"https:\/\/bybatt.com\/fr\/wp-json\/wp\/v2\/product"}],"about":[{"href":"https:\/\/bybatt.com\/fr\/wp-json\/wp\/v2\/types\/product"}],"wp:featuredmedia":[{"embeddable":true,"href":"https:\/\/bybatt.com\/fr\/wp-json\/wp\/v2\/media\/467"}],"wp:attachment":[{"href":"https:\/\/bybatt.com\/fr\/wp-json\/wp\/v2\/media?parent=466"}],"wp:term":[{"taxonomy":"product_cat","embeddable":true,"href":"https:\/\/bybatt.com\/fr\/wp-json\/wp\/v2\/product_cat?post=466"},{"taxonomy":"product_tag","embeddable":true,"href":"https:\/\/bybatt.com\/fr\/wp-json\/wp\/v2\/product_tag?post=466"}],"curies":[{"name":"wp","href":"https:\/\/api.w.org\/{rel}","templated":true}]}}