{"id":473,"date":"2023-02-19T13:50:46","date_gmt":"2023-02-19T13:50:46","guid":{"rendered":"https:\/\/bybatt.com\/?post_type=product&#038;p=473"},"modified":"2023-02-19T13:55:44","modified_gmt":"2023-02-19T13:55:44","slug":"li-ion-36v-14ah-reention-thunder-downtube-battery-for-e-bike","status":"publish","type":"product","link":"https:\/\/bybatt.com\/fr\/produit\/li-ion-36v-14ah-reention-thunder-downtube-battery-for-e-bike\/","title":{"rendered":"Batterie Li-ion 36V 14Ah Reention Thunder Downtube pour E-Bike"},"content":{"rendered":"","protected":false},"excerpt":{"rendered":"<p>La batterie Li-ion 36V 14Ah Reention Thunder Downtube est une batterie de haute qualit\u00e9 con\u00e7ue pour les v\u00e9los \u00e9lectriques. La batterie est compos\u00e9e de cellules neuves 100% et a une tension nominale de 36V, 48V, 52V ou 72V, avec une capacit\u00e9 nominale de 20Ah. Les options de cellule de batterie incluent 2500 mAh, 3000 mAh, 3200 mAh ou 3500 mAh, avec une configuration de 8P14S.<br \/>\nLe syst\u00e8me de gestion de la batterie (BMS) a une capacit\u00e9 de 30 A et peut \u00eatre personnalis\u00e9 selon les besoins de l&#039;utilisateur. Le courant de charge standard est de 3 A, avec un courant de charge maximum de 5 A, les deux pouvant \u00eatre personnalis\u00e9s. La tension de coupure de d\u00e9charge de la batterie est de 39 V et la tension de charge est de 58,8 V.<br \/>\nLa batterie a une dur\u00e9e de vie de 80% apr\u00e8s 600 \u00e0 1000 cycles. Cela signifie que la batterie est capable de fournir 80% de sa capacit\u00e9 d&#039;origine apr\u00e8s avoir \u00e9t\u00e9 compl\u00e8tement charg\u00e9e et d\u00e9charg\u00e9e pendant 600 \u00e0 1000 cycles. Dans l&#039;ensemble, la batterie Li-ion 36V 14Ah Reention Thunder Downtube est une batterie fiable et performante qui convient aux v\u00e9los \u00e9lectriques.<\/p>","protected":false},"featured_media":474,"template":"","meta":{"_kad_post_transparent":"default","_kad_post_title":"","_kad_post_layout":"default","_kad_post_sidebar_id":"","_kad_post_content_style":"default","_kad_post_vertical_padding":"default","_kad_post_feature":"","_kad_post_feature_position":"","_kad_post_header":false,"_kad_post_footer":false},"product_cat":[19,23],"product_tag":[41,268,273,272,277,276,279],"class_list":["post-473","product","type-product","status-publish","has-post-thumbnail","hentry","product_cat-custom-ebike-battery","product_cat-inner-ebike-battery","product_tag-electric-bicycle-battery","product_tag-reention-battery","product_tag-reention-dorado-battery","product_tag-reention-dorado-mini-batteries","product_tag-reention-eel-inner-battery-pack","product_tag-reention-eel-inner-frame-battery","product_tag-reention-thunder-downtube-battery","entry","content-bg","loop-entry"],"_links":{"self":[{"href":"https:\/\/bybatt.com\/fr\/wp-json\/wp\/v2\/product\/473","targetHints":{"allow":["GET"]}}],"collection":[{"href":"https:\/\/bybatt.com\/fr\/wp-json\/wp\/v2\/product"}],"about":[{"href":"https:\/\/bybatt.com\/fr\/wp-json\/wp\/v2\/types\/product"}],"wp:featuredmedia":[{"embeddable":true,"href":"https:\/\/bybatt.com\/fr\/wp-json\/wp\/v2\/media\/474"}],"wp:attachment":[{"href":"https:\/\/bybatt.com\/fr\/wp-json\/wp\/v2\/media?parent=473"}],"wp:term":[{"taxonomy":"product_cat","embeddable":true,"href":"https:\/\/bybatt.com\/fr\/wp-json\/wp\/v2\/product_cat?post=473"},{"taxonomy":"product_tag","embeddable":true,"href":"https:\/\/bybatt.com\/fr\/wp-json\/wp\/v2\/product_tag?post=473"}],"curies":[{"name":"wp","href":"https:\/\/api.w.org\/{rel}","templated":true}]}}