{"id":480,"date":"2023-02-19T13:56:47","date_gmt":"2023-02-19T13:56:47","guid":{"rendered":"https:\/\/bybatt.com\/?post_type=product&#038;p=480"},"modified":"2023-02-19T14:05:06","modified_gmt":"2023-02-19T14:05:06","slug":"48v-52v-rechargeable-lithium-ion-triangular-e-bike-battery","status":"publish","type":"product","link":"https:\/\/bybatt.com\/fr\/produit\/48v-52v-rechargeable-lithium-ion-triangular-e-bike-battery\/","title":{"rendered":"Batterie de v\u00e9lo triangulaire rechargeable au lithium-ion 48V 52V"},"content":{"rendered":"","protected":false},"excerpt":{"rendered":"<p>La batterie de v\u00e9lo \u00e9lectrique triangulaire rechargeable au lithium-ion 48V 52V est une batterie haute performance et durable con\u00e7ue pour alimenter les v\u00e9los \u00e9lectriques. Cette batterie est disponible en diff\u00e9rentes tensions nominales, notamment 36 V, 48 V, 52 V et 72 V, et a une capacit\u00e9 nominale de 20 Ah. Les cellules de batterie utilis\u00e9es sont soit 2500mAh, 3000mAh, les fameux 3200mAh, soit 3500mAh, selon la configuration choisie.<br \/>\nLa configuration de la batterie est 8P14S et le syst\u00e8me de gestion de la batterie (BMS) a une capacit\u00e9 de 30 A ou peut \u00eatre personnalis\u00e9 pour r\u00e9pondre \u00e0 des exigences sp\u00e9cifiques. Le courant de charge standard est de 3 A, mais il peut \u00e9galement \u00eatre personnalis\u00e9 pour r\u00e9pondre \u00e0 des exigences de charge sp\u00e9cifiques. Le courant de charge maximum est de 5A, ce qui assure une charge rapide de la batterie.<br \/>\nLa tension de coupure de d\u00e9charge est de 39 V et la tension de charge est de 58,8 V. Avec une dur\u00e9e de vie allant jusqu&#039;\u00e0 600-1000 cycles, la batterie peut fournir jusqu&#039;\u00e0 80% de sa puissance, ce qui en fait une source d&#039;alimentation fiable et durable pour les v\u00e9los \u00e9lectriques. Cette batterie lithium-ion rechargeable est con\u00e7ue pour \u00eatre s\u00fbre, fiable et efficace, offrant aux utilisateurs une source d&#039;alimentation de haute qualit\u00e9 pour leurs v\u00e9los \u00e9lectriques.<\/p>","protected":false},"featured_media":481,"template":"","meta":{"_kad_post_transparent":"default","_kad_post_title":"","_kad_post_layout":"default","_kad_post_sidebar_id":"","_kad_post_content_style":"default","_kad_post_vertical_padding":"default","_kad_post_feature":"","_kad_post_feature_position":"","_kad_post_header":false,"_kad_post_footer":false},"product_cat":[19,21],"product_tag":[289,287,293,281,291,288,285,290,292,286,282,283,280,284],"class_list":["post-480","product","type-product","status-publish","has-post-thumbnail","hentry","product_cat-custom-ebike-battery","product_cat-down-tube-ebike-battery","product_tag-52v-30ah-triangle-battery","product_tag-52v-triangle-battery","product_tag-72v-triangle-battery","product_tag-ebike-triangle-battery","product_tag-ebike-triangle-battery-hard-case","product_tag-em3ev-triangle-battery","product_tag-large-triangle-batteries","product_tag-triangle-battery-case","product_tag-triangle-ebike-battery-36v","product_tag-triangle-ebike-battery-48v","product_tag-triangle-electric-bike-battery","product_tag-triangle-lithium-battery","product_tag-triangular-e-bike-battery","product_tag-triangular-ebike-battery","entry","content-bg","loop-entry"],"_links":{"self":[{"href":"https:\/\/bybatt.com\/fr\/wp-json\/wp\/v2\/product\/480","targetHints":{"allow":["GET"]}}],"collection":[{"href":"https:\/\/bybatt.com\/fr\/wp-json\/wp\/v2\/product"}],"about":[{"href":"https:\/\/bybatt.com\/fr\/wp-json\/wp\/v2\/types\/product"}],"wp:featuredmedia":[{"embeddable":true,"href":"https:\/\/bybatt.com\/fr\/wp-json\/wp\/v2\/media\/481"}],"wp:attachment":[{"href":"https:\/\/bybatt.com\/fr\/wp-json\/wp\/v2\/media?parent=480"}],"wp:term":[{"taxonomy":"product_cat","embeddable":true,"href":"https:\/\/bybatt.com\/fr\/wp-json\/wp\/v2\/product_cat?post=480"},{"taxonomy":"product_tag","embeddable":true,"href":"https:\/\/bybatt.com\/fr\/wp-json\/wp\/v2\/product_tag?post=480"}],"curies":[{"name":"wp","href":"https:\/\/api.w.org\/{rel}","templated":true}]}}