{"id":488,"date":"2023-02-19T14:10:59","date_gmt":"2023-02-19T14:10:59","guid":{"rendered":"https:\/\/bybatt.com\/?post_type=product&#038;p=488"},"modified":"2023-02-19T14:20:29","modified_gmt":"2023-02-19T14:20:29","slug":"36v-water-bottle-battery-pack-mini-bottle-ebike-battery","status":"publish","type":"product","link":"https:\/\/bybatt.com\/fr\/produit\/36v-water-bottle-battery-pack-mini-bottle-ebike-battery\/","title":{"rendered":"Batterie de bouteille d&#039;eau 36V Mini batterie Ebike de bouteille"},"content":{"rendered":"","protected":false},"excerpt":{"rendered":"<p>La batterie pour bouteille d&#039;eau 36V Mini Bottle Ebike Battery est une batterie de taille mini con\u00e7ue pour les v\u00e9los \u00e9lectriques (e-bikes). Il a une tension nominale de 24 V ou 36 V et est disponible en quatre capacit\u00e9s nominales diff\u00e9rentes : 5,2 Ah, 5,8 Ah, 6,8 Ah et 10 Ah. La chimie de la batterie est Li(NiCoMn)O2 18650, qui offre un bon \u00e9quilibre entre densit\u00e9 d&#039;\u00e9nergie et s\u00e9curit\u00e9.<br \/>\nLa batterie est log\u00e9e dans un bo\u00eetier de bouteille de seiche aux dimensions de 63 * 75 * 325 mm (21 cellules 18650) ou 86 * 86 * 347 mm (20 cellules 21700). Il p\u00e8se environ 3,5 kg.<br \/>\nLa batterie peut \u00eatre charg\u00e9e \u00e0 l&#039;aide de m\u00e9thodes de charge standard ou rapides. La charge standard est effectu\u00e9e \u00e0 un courant constant de 0,2\u00a0C, une tension constante de 54,6\u00a0V et une coupure de 100\u00a0mA. La charge rapide est effectu\u00e9e \u00e0 un courant constant de 0,5 CA, une tension constante de 54,6 V et une coupure de 100 mA.<br \/>\nLa batterie peut \u00eatre d\u00e9charg\u00e9e \u00e0 un courant continu de 20 A ou personnalis\u00e9e pour r\u00e9pondre \u00e0 des exigences sp\u00e9cifiques. Il a un courant de d\u00e9charge de cr\u00eate de 60A ou personnalis\u00e9. La batterie a une dur\u00e9e de vie de 500 cycles avec un DOD80% et est \u00e9quip\u00e9e de la fonction BMS qui offre une protection contre les surintensit\u00e9s, une protection contre les d\u00e9charges excessives, une protection contre les surcharges, une protection contre les courts-circuits et un \u00e9quilibre.<br \/>\nLa plage de temp\u00e9rature de stockage de la batterie est de -10-40\u2103, avec une humidit\u00e9 relative de 45-75% et une pression de 86-106KPa.<\/p>","protected":false},"featured_media":489,"template":"","meta":{"_kad_post_transparent":"default","_kad_post_title":"","_kad_post_layout":"default","_kad_post_sidebar_id":"","_kad_post_content_style":"default","_kad_post_vertical_padding":"default","_kad_post_feature":"","_kad_post_feature_position":"","_kad_post_header":false,"_kad_post_footer":false},"product_cat":[19,21],"product_tag":[298,294,296,297,299,295],"class_list":["post-488","product","type-product","status-publish","has-post-thumbnail","hentry","product_cat-custom-ebike-battery","product_cat-down-tube-ebike-battery","product_tag-bottle-battery","product_tag-mini-bottle-ebike-battery","product_tag-mini-bottle-lithium-battery","product_tag-mini-ebike-battery-pack","product_tag-protable-water-bottle-battery","product_tag-water-bottle-battery-pack","entry","content-bg","loop-entry"],"_links":{"self":[{"href":"https:\/\/bybatt.com\/fr\/wp-json\/wp\/v2\/product\/488","targetHints":{"allow":["GET"]}}],"collection":[{"href":"https:\/\/bybatt.com\/fr\/wp-json\/wp\/v2\/product"}],"about":[{"href":"https:\/\/bybatt.com\/fr\/wp-json\/wp\/v2\/types\/product"}],"wp:featuredmedia":[{"embeddable":true,"href":"https:\/\/bybatt.com\/fr\/wp-json\/wp\/v2\/media\/489"}],"wp:attachment":[{"href":"https:\/\/bybatt.com\/fr\/wp-json\/wp\/v2\/media?parent=488"}],"wp:term":[{"taxonomy":"product_cat","embeddable":true,"href":"https:\/\/bybatt.com\/fr\/wp-json\/wp\/v2\/product_cat?post=488"},{"taxonomy":"product_tag","embeddable":true,"href":"https:\/\/bybatt.com\/fr\/wp-json\/wp\/v2\/product_tag?post=488"}],"curies":[{"name":"wp","href":"https:\/\/api.w.org\/{rel}","templated":true}]}}