{"id":493,"date":"2023-02-19T14:23:38","date_gmt":"2023-02-19T14:23:38","guid":{"rendered":"https:\/\/bybatt.com\/?post_type=product&#038;p=493"},"modified":"2023-02-19T14:31:49","modified_gmt":"2023-02-19T14:31:49","slug":"36v-7ah-252wh-downtube-mini-water-bottle-ebike-battery","status":"publish","type":"product","link":"https:\/\/bybatt.com\/fr\/produit\/36v-7ah-252wh-downtube-mini-water-bottle-ebike-battery\/","title":{"rendered":"36V 7Ah 252Wh Downtube Mini Bouteille d&#039;Eau Batterie eBike"},"content":{"rendered":"","protected":false},"excerpt":{"rendered":"<p>La batterie 36V 7Ah 252Wh Downtube Mini Water Bottle eBike est une batterie durable de haute qualit\u00e9 sp\u00e9cialement con\u00e7ue pour les v\u00e9los \u00e9lectriques. Il est dot\u00e9 de nouvelles cellules Li(NiCoMn)O2 18650 100%, qui offrent d&#039;excellentes performances et fiabilit\u00e9.<br \/>\nAvec une tension nominale de 24 V ou 36 V et une capacit\u00e9 nominale de 5,2 Ah, 5,8 Ah, 6,8 Ah ou 10 Ah, cette batterie offre une bonne autonomie et une bonne puissance de sortie pour divers mod\u00e8les de v\u00e9los \u00e9lectriques. Il existe en deux tailles avec diff\u00e9rents types de cellules : 63*75*325mm avec 21 cellules 18650, ou 86*86*347mm avec 20 cellules 21700.<br \/>\nL&#039;\u00e9tui ext\u00e9rieur est fait d&#039;un \u00e9tui \u00e0 bouteille de seiche, qui est robuste et r\u00e9sistant \u00e0 l&#039;usure. La batterie a une charge standard de courant constant de 0,2 C, une tension constante de 54,6 V et une coupure de 100 mA, et elle peut \u00eatre charg\u00e9e rapidement avec un courant constant de 0,5 CA, une tension constante de 54,6 V et une coupure de 100 mA.<br \/>\nLa batterie a une d\u00e9charge standard de courant constant de 0,2 C et une tension finale de 36,4 V, et elle peut g\u00e9rer un courant de d\u00e9charge continu de 20 A ou une valeur personnalis\u00e9e. Le courant de d\u00e9charge maximal est de 60 A ou une valeur personnalis\u00e9e. La dur\u00e9e de vie de la batterie est d&#039;environ 500 fois avec un DOD80% et elle dispose de fonctions BMS, y compris la protection contre les surintensit\u00e9s, la protection contre les d\u00e9charges excessives, la protection contre les surcharges, la protection contre les courts-circuits et l&#039;\u00e9quilibre.<br \/>\nLa batterie peut \u00eatre stock\u00e9e dans une plage de temp\u00e9rature de -10-40\u2103, une humidit\u00e9 relative de 45-75% et une pression de 86-106KPa. Dans l&#039;ensemble, la batterie 36V 7Ah 252Wh Downtube Mini Water Bottle eBike est une option fiable et performante pour les amateurs de v\u00e9los \u00e9lectriques.<\/p>","protected":false},"featured_media":494,"template":"","meta":{"_kad_post_transparent":"default","_kad_post_title":"","_kad_post_layout":"default","_kad_post_sidebar_id":"","_kad_post_content_style":"default","_kad_post_vertical_padding":"default","_kad_post_feature":"","_kad_post_feature_position":"","_kad_post_header":false,"_kad_post_footer":false},"product_cat":[19,21],"product_tag":[302,304,303,294,300,299,301],"class_list":["post-493","product","type-product","status-publish","has-post-thumbnail","hentry","product_cat-custom-ebike-battery","product_cat-down-tube-ebike-battery","product_tag-bottle-battery-ebike","product_tag-downtube-ebike-battery","product_tag-micro-bottle-ebike-battery","product_tag-mini-bottle-ebike-battery","product_tag-mini-water-bottle-ebike-battery","product_tag-protable-water-bottle-battery","product_tag-water-bottle-ebike-battery","entry","content-bg","loop-entry"],"_links":{"self":[{"href":"https:\/\/bybatt.com\/fr\/wp-json\/wp\/v2\/product\/493","targetHints":{"allow":["GET"]}}],"collection":[{"href":"https:\/\/bybatt.com\/fr\/wp-json\/wp\/v2\/product"}],"about":[{"href":"https:\/\/bybatt.com\/fr\/wp-json\/wp\/v2\/types\/product"}],"wp:featuredmedia":[{"embeddable":true,"href":"https:\/\/bybatt.com\/fr\/wp-json\/wp\/v2\/media\/494"}],"wp:attachment":[{"href":"https:\/\/bybatt.com\/fr\/wp-json\/wp\/v2\/media?parent=493"}],"wp:term":[{"taxonomy":"product_cat","embeddable":true,"href":"https:\/\/bybatt.com\/fr\/wp-json\/wp\/v2\/product_cat?post=493"},{"taxonomy":"product_tag","embeddable":true,"href":"https:\/\/bybatt.com\/fr\/wp-json\/wp\/v2\/product_tag?post=493"}],"curies":[{"name":"wp","href":"https:\/\/api.w.org\/{rel}","templated":true}]}}