{"id":500,"date":"2023-02-19T14:42:35","date_gmt":"2023-02-19T14:42:35","guid":{"rendered":"https:\/\/bybatt.com\/?post_type=product&#038;p=500"},"modified":"2023-02-19T15:00:42","modified_gmt":"2023-02-19T15:00:42","slug":"rechargeable-lithium-ion-seatpost-electric-bicycle-battery","status":"publish","type":"product","link":"https:\/\/bybatt.com\/fr\/produit\/rechargeable-lithium-ion-seatpost-electric-bicycle-battery\/","title":{"rendered":"Batterie de v\u00e9lo \u00e9lectrique rechargeable au lithium-ion pour tige de selle"},"content":{"rendered":"","protected":false},"excerpt":{"rendered":"<p>La batterie de v\u00e9lo \u00e9lectrique rechargeable au lithium-ion pour tige de selle est une source d&#039;alimentation de haute qualit\u00e9, fiable et durable pour les v\u00e9los \u00e9lectriques. Il comporte de nouvelles cellules 100% et un bo\u00eetier ext\u00e9rieur en plastique. La batterie est disponible en deux options de tension nominale diff\u00e9rentes, 36V ou 48V, avec une capacit\u00e9 nominale de 10-21Ah, selon l&#039;option choisie.<br \/>\nLa batterie est con\u00e7ue pour \u00eatre charg\u00e9e \u00e0 l&#039;aide d&#039;une m\u00e9thode de charge standard, qui implique un courant constant de 0,2 C et une tension constante de 54,6 V, avec une coupure de 100 mA. Il peut \u00e9galement \u00eatre charg\u00e9 rapidement en utilisant une m\u00e9thode de charge rapide, qui implique un courant constant de 0,5 CA et une tension constante de 54,6 V, avec une coupure de 100 mA.<br \/>\nLa batterie a un taux de d\u00e9charge standard de 0,2 C, avec une tension finale de 36,4 V. Il a un poids d&#039;environ 3,5 kg\/4,5 kg, selon la capacit\u00e9 choisie. La batterie peut fournir un courant de d\u00e9charge continu de 20 A ou peut \u00eatre personnalis\u00e9e pour r\u00e9pondre \u00e0 des besoins sp\u00e9cifiques. Il peut \u00e9galement fournir un courant de d\u00e9charge de cr\u00eate de 60 A ou peut \u00eatre personnalis\u00e9 pour r\u00e9pondre \u00e0 des besoins sp\u00e9cifiques.<br \/>\nLa batterie a une dur\u00e9e de vie de 500 fois avec DOD80% et est \u00e9quip\u00e9e d&#039;une fonction BMS qui fournit une protection contre les surintensit\u00e9s, une protection contre les d\u00e9charges excessives, une protection contre les surcharges, une protection contre les courts-circuits et un \u00e9quilibre. Il peut \u00eatre stock\u00e9 dans une plage de temp\u00e9rature de -10-40\u2103, une humidit\u00e9 relative de 45-75% et une pression de 86-106KPa. Dans l&#039;ensemble, la batterie de v\u00e9lo \u00e9lectrique rechargeable au lithium-ion pour tige de selle est une source d&#039;alimentation de haute qualit\u00e9 et durable pour les v\u00e9los \u00e9lectriques.<\/p>","protected":false},"featured_media":501,"template":"","meta":{"_kad_post_transparent":"default","_kad_post_title":"","_kad_post_layout":"default","_kad_post_sidebar_id":"","_kad_post_content_style":"default","_kad_post_vertical_padding":"default","_kad_post_feature":"","_kad_post_feature_position":"","_kad_post_header":false,"_kad_post_footer":false},"product_cat":[19,21],"product_tag":[307,306,262,43,308,309,305],"class_list":["post-500","product","type-product","status-publish","has-post-thumbnail","hentry","product_cat-custom-ebike-battery","product_cat-down-tube-ebike-battery","product_tag-36v-13ah-ebike-battery","product_tag-e-bike-phylion-battery","product_tag-e-bike-seat-post-battery","product_tag-ebike-battery","product_tag-rechargeable-electric-battery","product_tag-seat-post-battery","product_tag-seatpost-electric-bicycle-battery","entry","content-bg","loop-entry"],"_links":{"self":[{"href":"https:\/\/bybatt.com\/fr\/wp-json\/wp\/v2\/product\/500","targetHints":{"allow":["GET"]}}],"collection":[{"href":"https:\/\/bybatt.com\/fr\/wp-json\/wp\/v2\/product"}],"about":[{"href":"https:\/\/bybatt.com\/fr\/wp-json\/wp\/v2\/types\/product"}],"wp:featuredmedia":[{"embeddable":true,"href":"https:\/\/bybatt.com\/fr\/wp-json\/wp\/v2\/media\/501"}],"wp:attachment":[{"href":"https:\/\/bybatt.com\/fr\/wp-json\/wp\/v2\/media?parent=500"}],"wp:term":[{"taxonomy":"product_cat","embeddable":true,"href":"https:\/\/bybatt.com\/fr\/wp-json\/wp\/v2\/product_cat?post=500"},{"taxonomy":"product_tag","embeddable":true,"href":"https:\/\/bybatt.com\/fr\/wp-json\/wp\/v2\/product_tag?post=500"}],"curies":[{"name":"wp","href":"https:\/\/api.w.org\/{rel}","templated":true}]}}