{"id":507,"date":"2023-02-19T15:01:23","date_gmt":"2023-02-19T15:01:23","guid":{"rendered":"https:\/\/bybatt.com\/?post_type=product&#038;p=507"},"modified":"2023-02-19T15:10:49","modified_gmt":"2023-02-19T15:10:49","slug":"24v-10ah-lithium-little-frog-style-battery-for-e-bike","status":"publish","type":"product","link":"https:\/\/bybatt.com\/fr\/produit\/24v-10ah-lithium-little-frog-style-battery-for-e-bike\/","title":{"rendered":"Batterie de style petite grenouille au lithium 24V 10Ah pour v\u00e9lo \u00e9lectrique"},"content":{"rendered":"","protected":false},"excerpt":{"rendered":"<p>La batterie 24V 10Ah Lithium Little Frog Style est une batterie de haute qualit\u00e9 con\u00e7ue pour \u00eatre utilis\u00e9e dans les v\u00e9los \u00e9lectriques. La batterie utilise de nouvelles cellules 100% et dispose d&#039;une chimie LiNiCoMno2. Il est disponible en diff\u00e9rentes options de tension et de capacit\u00e9, y compris 36V et 48V, avec une capacit\u00e9 nominale allant de 10,4ah \u00e0 14ah. Le bo\u00eetier ext\u00e9rieur est fabriqu\u00e9 en mat\u00e9riau de bo\u00eetier EEL, ce qui le rend durable et r\u00e9sistant aux dommages.<br \/>\nLa batterie peut \u00eatre charg\u00e9e en utilisant une m\u00e9thode de charge standard avec un courant constant de 0,2 C et une tension constante de 54,6 V, avec une coupure de 100 mA. Il peut \u00e9galement \u00eatre charg\u00e9 rapidement en utilisant un courant constant de 0,5 CA, une tension constante de 54,6 V et une coupure de 100 mA. La m\u00e9thode de d\u00e9charge standard utilise un courant constant de 0,2\u00a0C et une tension finale de 30\u00a0V.<br \/>\nLa batterie a une dur\u00e9e de vie de 500 fois avec DOD80%, ce qui signifie qu&#039;elle peut \u00eatre recharg\u00e9e et d\u00e9charg\u00e9e jusqu&#039;\u00e0 500 fois avec une profondeur de d\u00e9charge 80%. Le courant de d\u00e9charge continu est de 10 A ou peut \u00eatre personnalis\u00e9, et le courant de d\u00e9charge de pointe est de 30 A ou peut \u00eatre personnalis\u00e9 pour r\u00e9pondre \u00e0 des exigences sp\u00e9cifiques. La batterie dispose \u00e9galement de fonctions BMS, y compris la protection contre les surintensit\u00e9s, la protection contre les d\u00e9charges excessives, la protection contre les surcharges, la protection contre les courts-circuits et l&#039;\u00e9quilibre.<br \/>\nLa plage de temp\u00e9rature de stockage de la batterie est de -10-40\u2103, avec une humidit\u00e9 relative de 45-75% et une pression de 86-106KPa. La batterie a un poids approximatif de 3,5 kg\/4,5 kg, selon le mod\u00e8le sp\u00e9cifique. Cette batterie est un choix fiable et efficace pour tous ceux qui cherchent \u00e0 alimenter leur v\u00e9lo \u00e9lectrique avec une batterie lithium-ion de haute qualit\u00e9.<\/p>","protected":false},"featured_media":508,"template":"","meta":{"_kad_post_transparent":"default","_kad_post_title":"","_kad_post_layout":"default","_kad_post_sidebar_id":"","_kad_post_content_style":"default","_kad_post_vertical_padding":"default","_kad_post_feature":"","_kad_post_feature_position":"","_kad_post_header":false,"_kad_post_footer":false},"product_cat":[19,21],"product_tag":[262,43,313,311,267,310,312],"class_list":["post-507","product","type-product","status-publish","has-post-thumbnail","hentry","product_cat-custom-ebike-battery","product_cat-down-tube-ebike-battery","product_tag-e-bike-seat-post-battery","product_tag-ebike-battery","product_tag-ebike-frog-battery","product_tag-frog-battery","product_tag-frog-ebike-battery","product_tag-frog-style-battery","product_tag-little-frog-battery-pack","entry","content-bg","loop-entry"],"_links":{"self":[{"href":"https:\/\/bybatt.com\/fr\/wp-json\/wp\/v2\/product\/507","targetHints":{"allow":["GET"]}}],"collection":[{"href":"https:\/\/bybatt.com\/fr\/wp-json\/wp\/v2\/product"}],"about":[{"href":"https:\/\/bybatt.com\/fr\/wp-json\/wp\/v2\/types\/product"}],"wp:featuredmedia":[{"embeddable":true,"href":"https:\/\/bybatt.com\/fr\/wp-json\/wp\/v2\/media\/508"}],"wp:attachment":[{"href":"https:\/\/bybatt.com\/fr\/wp-json\/wp\/v2\/media?parent=507"}],"wp:term":[{"taxonomy":"product_cat","embeddable":true,"href":"https:\/\/bybatt.com\/fr\/wp-json\/wp\/v2\/product_cat?post=507"},{"taxonomy":"product_tag","embeddable":true,"href":"https:\/\/bybatt.com\/fr\/wp-json\/wp\/v2\/product_tag?post=507"}],"curies":[{"name":"wp","href":"https:\/\/api.w.org\/{rel}","templated":true}]}}