{"id":514,"date":"2023-02-19T15:13:45","date_gmt":"2023-02-19T15:13:45","guid":{"rendered":"https:\/\/bybatt.com\/?post_type=product&#038;p=514"},"modified":"2023-02-19T15:22:48","modified_gmt":"2023-02-19T15:22:48","slug":"48v-downtube-reention-eel-inner-frame-electric-bike-battery","status":"publish","type":"product","link":"https:\/\/bybatt.com\/fr\/produit\/48v-downtube-reention-eel-inner-frame-electric-bike-battery\/","title":{"rendered":"48V Downtube Reention EEL Batterie de v\u00e9lo \u00e9lectrique \u00e0 cadre int\u00e9rieur"},"content":{"rendered":"","protected":false},"excerpt":{"rendered":"<p>La batterie de v\u00e9lo \u00e9lectrique 48V Downtube Reention EEL Inner Frame est une batterie rechargeable de haute qualit\u00e9 con\u00e7ue pour les v\u00e9los \u00e9lectriques. Il est fabriqu\u00e9 \u00e0 partir de nouvelles cellules 100% et a une chimie de LiNiCoMno2. La batterie est livr\u00e9e dans un bo\u00eetier EEL durable et est disponible en plusieurs capacit\u00e9s nominales, notamment 10,4 ah, 11,6 ah, 13 ah, 13,6 ah et 14 ah.<br \/>\nPour charger la batterie, une charge standard est utilis\u00e9e, qui implique un courant constant de 0,2C et une tension constante de 54,6V avec une coupure de 100mA. La batterie peut \u00e9galement \u00eatre charg\u00e9e rapidement en utilisant un courant constant de 0,5 CA et une tension constante de 54,6 V avec une coupure de 100 mA.<br \/>\nLa batterie a un courant de d\u00e9charge continu de 10A ou peut \u00eatre personnalis\u00e9e pour r\u00e9pondre \u00e0 des besoins sp\u00e9cifiques. Il a \u00e9galement un courant de d\u00e9charge de cr\u00eate de 30 A ou peut \u00eatre personnalis\u00e9 pour r\u00e9pondre \u00e0 des besoins sp\u00e9cifiques. La batterie est con\u00e7ue pour effectuer jusqu&#039;\u00e0 500 cycles avec un DOD80% et dispose d&#039;une fonction BMS qui comprend une protection contre les surintensit\u00e9s, une protection contre les d\u00e9charges excessives, une protection contre les surcharges, une protection contre les courts-circuits et un \u00e9quilibre.<br \/>\nLa batterie est con\u00e7ue pour fonctionner dans une plage de temp\u00e9rature de -10-40\u2103, une humidit\u00e9 relative de 45-75% et une pression de 86-106KPa. Il p\u00e8se environ 3,5 kg\/4,5 kg et constitue une excellente option pour les amateurs de v\u00e9los \u00e9lectriques \u00e0 la recherche d&#039;une batterie fiable et efficace pour alimenter leur v\u00e9lo.<\/p>","protected":false},"featured_media":515,"template":"","meta":{"_kad_post_transparent":"default","_kad_post_title":"","_kad_post_layout":"default","_kad_post_sidebar_id":"","_kad_post_content_style":"default","_kad_post_vertical_padding":"default","_kad_post_feature":"","_kad_post_feature_position":"","_kad_post_header":false,"_kad_post_footer":false},"product_cat":[19,23],"product_tag":[317,52,318,315,316,314],"class_list":["post-514","product","type-product","status-publish","has-post-thumbnail","hentry","product_cat-custom-ebike-battery","product_cat-inner-ebike-battery","product_tag-48v-10-4ah-14ah-ebike-batteries","product_tag-battery","product_tag-electric-bike-battery","product_tag-electric-bike-frame-battery-inside","product_tag-frame-electric-bike-battery","product_tag-inner-frame-electric-bike-battery","entry","content-bg","loop-entry"],"_links":{"self":[{"href":"https:\/\/bybatt.com\/fr\/wp-json\/wp\/v2\/product\/514","targetHints":{"allow":["GET"]}}],"collection":[{"href":"https:\/\/bybatt.com\/fr\/wp-json\/wp\/v2\/product"}],"about":[{"href":"https:\/\/bybatt.com\/fr\/wp-json\/wp\/v2\/types\/product"}],"wp:featuredmedia":[{"embeddable":true,"href":"https:\/\/bybatt.com\/fr\/wp-json\/wp\/v2\/media\/515"}],"wp:attachment":[{"href":"https:\/\/bybatt.com\/fr\/wp-json\/wp\/v2\/media?parent=514"}],"wp:term":[{"taxonomy":"product_cat","embeddable":true,"href":"https:\/\/bybatt.com\/fr\/wp-json\/wp\/v2\/product_cat?post=514"},{"taxonomy":"product_tag","embeddable":true,"href":"https:\/\/bybatt.com\/fr\/wp-json\/wp\/v2\/product_tag?post=514"}],"curies":[{"name":"wp","href":"https:\/\/api.w.org\/{rel}","templated":true}]}}