{"id":536,"date":"2023-02-20T01:47:15","date_gmt":"2023-02-20T01:47:15","guid":{"rendered":"https:\/\/bybatt.com\/?post_type=product&#038;p=536"},"modified":"2023-02-20T01:55:19","modified_gmt":"2023-02-20T01:55:19","slug":"48v-14ah-reention-eel-pro-electric-bicycle-lithium-batteries","status":"publish","type":"product","link":"https:\/\/bybatt.com\/fr\/produit\/48v-14ah-reention-eel-pro-electric-bicycle-lithium-batteries\/","title":{"rendered":"Batteries au lithium pour v\u00e9lo \u00e9lectrique 48V 14Ah Reention EEL Pro"},"content":{"rendered":"","protected":false},"excerpt":{"rendered":"<p>Les batteries au lithium pour v\u00e9lo \u00e9lectrique 48V 14Ah Reention EEL Pro sont une batterie de haute qualit\u00e9 con\u00e7ue sp\u00e9cifiquement pour les v\u00e9los \u00e9lectriques. Les batteries sont fabriqu\u00e9es \u00e0 l&#039;aide de nouvelles cellules 100% avec une chimie LiNiCoMno2, offrant d&#039;excellentes performances et une longue dur\u00e9e de vie. Les batteries sont disponibles en diff\u00e9rentes tensions et capacit\u00e9s, y compris 36 V et 48 V avec des capacit\u00e9s allant de 10,4 Ah \u00e0 14 Ah.<br \/>\nLe bo\u00eetier ext\u00e9rieur des batteries est fabriqu\u00e9 en mat\u00e9riau EEL durable, qui offre une excellente protection contre les chocs et autres types de dommages. Les batteries sont con\u00e7ues pour \u00eatre charg\u00e9es \u00e0 l&#039;aide d&#039;un courant constant standard de 0,2 C et d&#039;une tension constante de 54,6 V, avec une coupure de 100 mA. Une charge rapide est \u00e9galement possible en utilisant un courant constant de 0,5 CA et la m\u00eame tension et coupure constantes.<br \/>\nLes batteries peuvent \u00eatre d\u00e9charg\u00e9es en utilisant un courant constant de 0,2C jusqu&#039;\u00e0 ce que la tension finale atteigne 30V. Les batteries ont une dur\u00e9e de vie de 500 fois avec une profondeur de d\u00e9charge (DOD) de 80%. Les batteries ont un courant de d\u00e9charge continu de 10A, avec un courant de d\u00e9charge de cr\u00eate de 30A. Le syst\u00e8me de gestion de la batterie (BMS) offre une protection contre les conditions de surintensit\u00e9, de d\u00e9charge excessive, de surcharge et de court-circuit, et garantit \u00e9galement que les cellules sont \u00e9quilibr\u00e9es.<br \/>\nLes batteries peuvent \u00eatre stock\u00e9es \u00e0 des temp\u00e9ratures allant de -10\u2103 \u00e0 40\u2103, avec une humidit\u00e9 relative de 45-75% et une pression de 86-106KPa. Ces batteries sont un excellent choix pour tous ceux qui cherchent \u00e0 mettre \u00e0 niveau ou \u00e0 remplacer la batterie de leur v\u00e9lo \u00e9lectrique, fournissant une alimentation fiable et performante pour votre trajet.<\/p>","protected":false},"featured_media":537,"template":"","meta":{"_kad_post_transparent":"default","_kad_post_title":"","_kad_post_layout":"default","_kad_post_sidebar_id":"","_kad_post_content_style":"default","_kad_post_vertical_padding":"default","_kad_post_feature":"","_kad_post_feature_position":"","_kad_post_header":false,"_kad_post_footer":false},"product_cat":[19,23],"product_tag":[322,325,324,323,319,320,321],"class_list":["post-536","product","type-product","status-publish","has-post-thumbnail","hentry","product_cat-custom-ebike-battery","product_cat-inner-ebike-battery","product_tag-48v-14ah-li-ion-electric-bike-battery","product_tag-48v-14ah-reention-eel-battery","product_tag-8-volt-lithium-bike-battery","product_tag-bike-battery-12-8ah","product_tag-electric-bicycle-lithium-batteries","product_tag-reention-eel-pro","product_tag-reention-eel-pro-electric-bicycle-batteries","entry","content-bg","loop-entry"],"_links":{"self":[{"href":"https:\/\/bybatt.com\/fr\/wp-json\/wp\/v2\/product\/536","targetHints":{"allow":["GET"]}}],"collection":[{"href":"https:\/\/bybatt.com\/fr\/wp-json\/wp\/v2\/product"}],"about":[{"href":"https:\/\/bybatt.com\/fr\/wp-json\/wp\/v2\/types\/product"}],"wp:featuredmedia":[{"embeddable":true,"href":"https:\/\/bybatt.com\/fr\/wp-json\/wp\/v2\/media\/537"}],"wp:attachment":[{"href":"https:\/\/bybatt.com\/fr\/wp-json\/wp\/v2\/media?parent=536"}],"wp:term":[{"taxonomy":"product_cat","embeddable":true,"href":"https:\/\/bybatt.com\/fr\/wp-json\/wp\/v2\/product_cat?post=536"},{"taxonomy":"product_tag","embeddable":true,"href":"https:\/\/bybatt.com\/fr\/wp-json\/wp\/v2\/product_tag?post=536"}],"curies":[{"name":"wp","href":"https:\/\/api.w.org\/{rel}","templated":true}]}}