{"id":543,"date":"2023-02-20T01:56:32","date_gmt":"2023-02-20T01:56:32","guid":{"rendered":"https:\/\/bybatt.com\/?post_type=product&#038;p=543"},"modified":"2023-02-20T02:03:31","modified_gmt":"2023-02-20T02:03:31","slug":"36v-24-5ah-reention-kirin-electric-bicycle-battery-pack","status":"publish","type":"product","link":"https:\/\/bybatt.com\/fr\/produit\/36v-24-5ah-reention-kirin-electric-bicycle-battery-pack\/","title":{"rendered":"Batterie de v\u00e9lo \u00e9lectrique Reention Kirin 36V 24.5Ah"},"content":{"rendered":"","protected":false},"excerpt":{"rendered":"<p>La batterie de v\u00e9lo \u00e9lectrique Reention Kirin est une batterie de haute qualit\u00e9 con\u00e7ue pour les v\u00e9los \u00e9lectriques. Il a une tension de 36V et une capacit\u00e9 de 24,5Ah, fournissant un total de 696-910Wh de puissance selon la configuration. La batterie est compos\u00e9e de cellules 13S5P ou 14S5P, qui ont une capacit\u00e9 de 3000mAh-3500mAh chacune. Le syst\u00e8me de gestion de la batterie (BMS) est \u00e9valu\u00e9 \u00e0 30 A et la batterie peut g\u00e9rer un courant de charge de 2 \u00e0 5 A.<br \/>\nLa batterie est con\u00e7ue pour fonctionner avec des moteurs \u00e9lectriques qui ont une plage de puissance de 48V 250-1000W ou 48V&amp;52V 250-1000W. Il a une plage de temp\u00e9rature de charge de 0 \u00e0 45 \u00b0C et une plage de temp\u00e9rature de d\u00e9charge de -20 \u00e0 65 \u00b0C. La batterie a une dur\u00e9e de vie d&#039;au moins 800 cycles, avec un taux de r\u00e9tention de capacit\u00e9 \u226580%.<br \/>\nLa batterie p\u00e8se entre 4,5 et 5 kg et a des dimensions de 526 mm x 79 mm x 104 mm. Toutes les cellules utilis\u00e9es dans la batterie sont neuves, garantissant des performances et une long\u00e9vit\u00e9 de haute qualit\u00e9.<\/p>","protected":false},"featured_media":544,"template":"","meta":{"_kad_post_transparent":"default","_kad_post_title":"","_kad_post_layout":"default","_kad_post_sidebar_id":"","_kad_post_content_style":"default","_kad_post_vertical_padding":"default","_kad_post_feature":"","_kad_post_feature_position":"","_kad_post_header":false,"_kad_post_footer":false},"product_cat":[19,23],"product_tag":[330,51,328,326,331,327,329],"class_list":["post-543","product","type-product","status-publish","has-post-thumbnail","hentry","product_cat-custom-ebike-battery","product_cat-inner-ebike-battery","product_tag-21ah-36v","product_tag-battery-electric-bike","product_tag-bosch-ebike-battery-replacement","product_tag-electric-bicycle-battery-pack","product_tag-reention-kirin-battery","product_tag-reention-kirin-ebike-battery","product_tag-reention-kirin-electric-bicycle-battery-pack","entry","content-bg","loop-entry"],"_links":{"self":[{"href":"https:\/\/bybatt.com\/fr\/wp-json\/wp\/v2\/product\/543","targetHints":{"allow":["GET"]}}],"collection":[{"href":"https:\/\/bybatt.com\/fr\/wp-json\/wp\/v2\/product"}],"about":[{"href":"https:\/\/bybatt.com\/fr\/wp-json\/wp\/v2\/types\/product"}],"wp:featuredmedia":[{"embeddable":true,"href":"https:\/\/bybatt.com\/fr\/wp-json\/wp\/v2\/media\/544"}],"wp:attachment":[{"href":"https:\/\/bybatt.com\/fr\/wp-json\/wp\/v2\/media?parent=543"}],"wp:term":[{"taxonomy":"product_cat","embeddable":true,"href":"https:\/\/bybatt.com\/fr\/wp-json\/wp\/v2\/product_cat?post=543"},{"taxonomy":"product_tag","embeddable":true,"href":"https:\/\/bybatt.com\/fr\/wp-json\/wp\/v2\/product_tag?post=543"}],"curies":[{"name":"wp","href":"https:\/\/api.w.org\/{rel}","templated":true}]}}