{"id":550,"date":"2023-02-20T02:15:50","date_gmt":"2023-02-20T02:15:50","guid":{"rendered":"https:\/\/bybatt.com\/?post_type=product&#038;p=550"},"modified":"2023-02-20T02:24:42","modified_gmt":"2023-02-20T02:24:42","slug":"tiger-shark-48v-lithium-ion-downtube-mounted-e-bike-battery","status":"publish","type":"product","link":"https:\/\/bybatt.com\/fr\/produit\/tiger-shark-48v-lithium-ion-downtube-mounted-e-bike-battery\/","title":{"rendered":"Batterie de v\u00e9lo \u00e9lectrique mont\u00e9e sur tube diagonal Tiger Shark 48 V au lithium-ion"},"content":{"rendered":"","protected":false},"excerpt":{"rendered":"<p>La batterie de v\u00e9lo \u00e9lectrique Tiger Shark 48V Lithium ion Downtube est une batterie de haute qualit\u00e9 con\u00e7ue pour les v\u00e9los \u00e9lectriques. La batterie utilise de nouvelles cellules 100% et est disponible en trois options de tension diff\u00e9rentes : 36V, 48V et 52V. La capacit\u00e9 nominale de la batterie varie de 13 Ah \u00e0 20,4 Ah, fournissant une puissance suffisante pour les trajets prolong\u00e9s.<br \/>\nLes cellules de batterie utilis\u00e9es dans la batterie de v\u00e9lo \u00e9lectrique mont\u00e9e sur tube diagonal Tiger Shark 48V Lithium ion sont des cellules 18650 3.7V 2500mah. Le courant de charge standard est de 2A, mais il peut \u00eatre personnalis\u00e9, et le courant de d\u00e9charge maximum est de 20A, \u00e9galement personnalisable. La dur\u00e9e de vie de la batterie est plus de 1000 fois sup\u00e9rieure, ce qui en fait une option durable et \u00e9conomique.<br \/>\nLa batterie de v\u00e9lo \u00e9lectrique Tiger Shark 48V Lithium ion Downtube est disponible en six tailles diff\u00e9rentes, chacune avec une configuration unique de cellules. La batterie est mont\u00e9e sur tube diagonal, ce qui lui permet d&#039;\u00eatre facilement install\u00e9e sur la plupart des v\u00e9los \u00e9lectriques. Le poids de la batterie est d&#039;environ 5 kg, ce qui en fait une option relativement l\u00e9g\u00e8re.<br \/>\nLa batterie comporte divers m\u00e9canismes de protection, notamment une protection contre les surcharges, une protection contre les d\u00e9charges excessives, une protection contre les surintensit\u00e9s, une protection contre les courts-circuits, etc. La plage de temp\u00e9rature de charge est de 045\u00b0C et la plage de temp\u00e9rature de d\u00e9charge est de -2060\u00b0C. La plage de temp\u00e9rature de stockage est de 20 ~ 35 \u00b0 C, garantissant que la batterie peut \u00eatre stock\u00e9e en toute s\u00e9curit\u00e9 et efficacement.<br \/>\nDans l&#039;ensemble, la batterie de v\u00e9lo \u00e9lectrique mont\u00e9e sur tube diagonal Tiger Shark 48V Lithium ion est une option de haute qualit\u00e9, durable et fiable pour tous ceux qui cherchent \u00e0 alimenter leur v\u00e9lo \u00e9lectrique.<\/p>","protected":false},"featured_media":551,"template":"","meta":{"_kad_post_transparent":"default","_kad_post_title":"","_kad_post_layout":"default","_kad_post_sidebar_id":"","_kad_post_content_style":"default","_kad_post_vertical_padding":"default","_kad_post_feature":"","_kad_post_feature_position":"","_kad_post_header":false,"_kad_post_footer":false},"product_cat":[19,21],"product_tag":[335,336,304,332,43,333,334,337],"class_list":["post-550","product","type-product","status-publish","has-post-thumbnail","hentry","product_cat-custom-ebike-battery","product_cat-down-tube-ebike-battery","product_tag-bosch-ebike-battery","product_tag-downtube-battery","product_tag-downtube-ebike-battery","product_tag-downtube-mounted-e-bike-battery","product_tag-ebike-battery","product_tag-ebike-battery-parts","product_tag-tiger-shark-48v10ah","product_tag-tiger-shark-ebike-battery","entry","content-bg","loop-entry"],"_links":{"self":[{"href":"https:\/\/bybatt.com\/fr\/wp-json\/wp\/v2\/product\/550","targetHints":{"allow":["GET"]}}],"collection":[{"href":"https:\/\/bybatt.com\/fr\/wp-json\/wp\/v2\/product"}],"about":[{"href":"https:\/\/bybatt.com\/fr\/wp-json\/wp\/v2\/types\/product"}],"wp:featuredmedia":[{"embeddable":true,"href":"https:\/\/bybatt.com\/fr\/wp-json\/wp\/v2\/media\/551"}],"wp:attachment":[{"href":"https:\/\/bybatt.com\/fr\/wp-json\/wp\/v2\/media?parent=550"}],"wp:term":[{"taxonomy":"product_cat","embeddable":true,"href":"https:\/\/bybatt.com\/fr\/wp-json\/wp\/v2\/product_cat?post=550"},{"taxonomy":"product_tag","embeddable":true,"href":"https:\/\/bybatt.com\/fr\/wp-json\/wp\/v2\/product_tag?post=550"}],"curies":[{"name":"wp","href":"https:\/\/api.w.org\/{rel}","templated":true}]}}