{"id":557,"date":"2023-02-20T02:27:51","date_gmt":"2023-02-20T02:27:51","guid":{"rendered":"https:\/\/bybatt.com\/?post_type=product&#038;p=557"},"modified":"2023-02-20T02:36:38","modified_gmt":"2023-02-20T02:36:38","slug":"52v-50amp-8-4ah-rechargeable-21700-lithium-e-bike-battery","status":"publish","type":"product","link":"https:\/\/bybatt.com\/fr\/produit\/52v-50amp-8-4ah-rechargeable-21700-lithium-e-bike-battery\/","title":{"rendered":"Batterie de v\u00e9lo \u00e9lectrique au lithium rechargeable 52V 50AMP 8.4AH 21700"},"content":{"rendered":"","protected":false},"excerpt":{"rendered":"<p>La batterie 52V 50AMP 8.4AH Lithium E-Bike rechargeable 21700 est une batterie lithium-ion haute performance con\u00e7ue pour \u00eatre utilis\u00e9e dans les v\u00e9los \u00e9lectriques. Il est fabriqu\u00e9 \u00e0 partir de nouvelles cellules 100% et est disponible en plusieurs configurations diff\u00e9rentes, avec des tensions nominales de 36V, 48V et 52V et des capacit\u00e9s nominales allant de 13ah \u00e0 20,4ah. La batterie est construite \u00e0 l&#039;aide de cellules 18650 3.7V 2500mah et dispose d&#039;un courant de charge standard de 2A, bien que cela puisse \u00eatre personnalis\u00e9 pour r\u00e9pondre \u00e0 des exigences sp\u00e9cifiques.<br \/>\nLa batterie est capable de fournir un courant de d\u00e9charge maximum de 51A et a une dur\u00e9e de vie de plus de 1000 fois. Il peut \u00eatre charg\u00e9 \u00e0 l&#039;aide de la m\u00e9thode de charge \u00e0 courant constant et tension constante et est disponible en trois tailles diff\u00e9rentes : Polly DP-9 367 mm x 141 mm x 90 mm, Polly DP-5\/5C 368 mm x 96 mm x 90 mm et Polly DP-6\/ 6C 368 mm x 112 mm x 90 mm. La batterie p\u00e8se environ 5 kg et peut \u00eatre charg\u00e9e \u00e0 des temp\u00e9ratures comprises entre 045 \u00b0C, tandis que la temp\u00e9rature de d\u00e9charge varie entre -2060 \u00b0C. La batterie est \u00e9galement prot\u00e9g\u00e9e contre les surcharges, les d\u00e9charges excessives, les surintensit\u00e9s, les courts-circuits et autres dangers.<\/p>","protected":false},"featured_media":558,"template":"","meta":{"_kad_post_transparent":"default","_kad_post_title":"","_kad_post_layout":"default","_kad_post_sidebar_id":"","_kad_post_content_style":"default","_kad_post_vertical_padding":"default","_kad_post_feature":"","_kad_post_feature_position":"","_kad_post_header":false,"_kad_post_footer":false},"product_cat":[19,21],"product_tag":[341,338,342,343,340,339],"class_list":["post-557","product","type-product","status-publish","has-post-thumbnail","hentry","product_cat-custom-ebike-battery","product_cat-down-tube-ebike-battery","product_tag-21700-cell-rechargeable-ebike-battery","product_tag-21700-lithium-e-bike-battery","product_tag-52v-ebike-battery","product_tag-e-bike-battery-replacement","product_tag-electric-bike-battery-36v","product_tag-lithium-ion-e-bike-battery","entry","content-bg","loop-entry"],"_links":{"self":[{"href":"https:\/\/bybatt.com\/fr\/wp-json\/wp\/v2\/product\/557","targetHints":{"allow":["GET"]}}],"collection":[{"href":"https:\/\/bybatt.com\/fr\/wp-json\/wp\/v2\/product"}],"about":[{"href":"https:\/\/bybatt.com\/fr\/wp-json\/wp\/v2\/types\/product"}],"wp:featuredmedia":[{"embeddable":true,"href":"https:\/\/bybatt.com\/fr\/wp-json\/wp\/v2\/media\/558"}],"wp:attachment":[{"href":"https:\/\/bybatt.com\/fr\/wp-json\/wp\/v2\/media?parent=557"}],"wp:term":[{"taxonomy":"product_cat","embeddable":true,"href":"https:\/\/bybatt.com\/fr\/wp-json\/wp\/v2\/product_cat?post=557"},{"taxonomy":"product_tag","embeddable":true,"href":"https:\/\/bybatt.com\/fr\/wp-json\/wp\/v2\/product_tag?post=557"}],"curies":[{"name":"wp","href":"https:\/\/api.w.org\/{rel}","templated":true}]}}