{"id":564,"date":"2023-02-20T03:00:52","date_gmt":"2023-02-20T03:00:52","guid":{"rendered":"https:\/\/bybatt.com\/?post_type=product&#038;p=564"},"modified":"2023-02-20T03:06:21","modified_gmt":"2023-02-20T03:06:21","slug":"48v-14ah-lithium-ion-e-bike-batteries-in-aluminum-case","status":"publish","type":"product","link":"https:\/\/bybatt.com\/fr\/produit\/48v-14ah-lithium-ion-e-bike-batteries-in-aluminum-case\/","title":{"rendered":"Batteries de v\u00e9lo \u00e9lectrique au lithium-ion 48V 14Ah dans un bo\u00eetier en aluminium"},"content":{"rendered":"","protected":false},"excerpt":{"rendered":"<p>Ce produit est une batterie de v\u00e9lo \u00e9lectrique lithium-ion 48V contenue dans un bo\u00eetier en aluminium. Les cellules de batterie utilis\u00e9es sont 100% neuves et ont une chimie Li(NiCoMn)O2 18650. Elle a une tension nominale de 36V ou 48V et une capacit\u00e9 nominale de 15Ah, 17.5ah, 12.8ah ou 14ah. La cellule de batterie utilis\u00e9e est une c\u00e9l\u00e8bre cellule 18650 d&#039;une capacit\u00e9 de 3200mAh ou 3400mAh. La configuration de la batterie est 13S5P et le syst\u00e8me de gestion de la batterie (BMS) est 16A ou peut \u00eatre personnalis\u00e9. La batterie a une taille de 40 mm x 100 mm x 430 mm et contient 52 cellules 18650, avec un poids de 4,5 kg. La tension de coupure de d\u00e9charge est de 30V et la tension de charge est de 42,6V. La batterie peut maintenir 80% de sa puissance apr\u00e8s 800 cycles, avec une plage de temp\u00e9rature de fonctionnement de 20 ~ 60 Celsius.<\/p>","protected":false},"featured_media":565,"template":"","meta":{"_kad_post_transparent":"default","_kad_post_title":"","_kad_post_layout":"default","_kad_post_sidebar_id":"","_kad_post_content_style":"default","_kad_post_vertical_padding":"default","_kad_post_feature":"","_kad_post_feature_position":"","_kad_post_header":false,"_kad_post_footer":false},"product_cat":[19,21],"product_tag":[345,346,344,318],"class_list":["post-564","product","type-product","status-publish","has-post-thumbnail","hentry","product_cat-custom-ebike-battery","product_cat-down-tube-ebike-battery","product_tag-48v-14ah-lithium-pack","product_tag-bike-battery","product_tag-e-bike-batteries-in-aluminum-case","product_tag-electric-bike-battery","entry","content-bg","loop-entry"],"_links":{"self":[{"href":"https:\/\/bybatt.com\/fr\/wp-json\/wp\/v2\/product\/564","targetHints":{"allow":["GET"]}}],"collection":[{"href":"https:\/\/bybatt.com\/fr\/wp-json\/wp\/v2\/product"}],"about":[{"href":"https:\/\/bybatt.com\/fr\/wp-json\/wp\/v2\/types\/product"}],"wp:featuredmedia":[{"embeddable":true,"href":"https:\/\/bybatt.com\/fr\/wp-json\/wp\/v2\/media\/565"}],"wp:attachment":[{"href":"https:\/\/bybatt.com\/fr\/wp-json\/wp\/v2\/media?parent=564"}],"wp:term":[{"taxonomy":"product_cat","embeddable":true,"href":"https:\/\/bybatt.com\/fr\/wp-json\/wp\/v2\/product_cat?post=564"},{"taxonomy":"product_tag","embeddable":true,"href":"https:\/\/bybatt.com\/fr\/wp-json\/wp\/v2\/product_tag?post=564"}],"curies":[{"name":"wp","href":"https:\/\/api.w.org\/{rel}","templated":true}]}}