{"id":579,"date":"2023-02-20T03:58:05","date_gmt":"2023-02-20T03:58:05","guid":{"rendered":"https:\/\/bybatt.com\/?post_type=product&#038;p=579"},"modified":"2023-02-20T04:04:26","modified_gmt":"2023-02-20T04:04:26","slug":"hailong-battery-52v-17-5ah-electric-bicycle-battery-pack","status":"publish","type":"product","link":"https:\/\/bybatt.com\/fr\/produit\/hailong-battery-52v-17-5ah-electric-bicycle-battery-pack\/","title":{"rendered":"Batterie Hailong 52V 17.5Ah Batterie pour v\u00e9lo \u00e9lectrique"},"content":{"rendered":"","protected":false},"excerpt":{"rendered":"<p>La batterie de v\u00e9lo d&#039;origine 48V 17.5Ah Reention Dorado E est con\u00e7ue pour \u00eatre utilis\u00e9e dans les v\u00e9los \u00e9lectriques et a une tension nominale de 36V ou 48V et une capacit\u00e9 nominale de 10,4Ah, 11,6Ah, 13,6Ah, 13Ah, 14,5Ah ou 17,5Ah. La batterie utilise la chimie LiNiCoMnO2 et des cellules 18650 3.7V 2500mAh.<br \/>\nLe style de bo\u00eetier ext\u00e9rieur de la batterie est un bo\u00eetier de batterie interne et le nombre de cellules utilis\u00e9es dans la batterie varie en fonction du mod\u00e8le. Le Dorado Mini utilise 30 ou 40 cellules, le Dorado Pro utilise 40 ou 50 cellules, le Dorado Plus utilise 52 ou 65 cellules et le Dorado Max utilise 64 ou 80 cellules. Le poids de la batterie est de 5,5 kg.<br \/>\nLa batterie peut \u00eatre charg\u00e9e en utilisant une charge standard avec un courant constant de 0,2C et une tension constante de 54,6V avec une coupure de 100mA, ou une charge rapide avec un courant constant de 0,5CA et une tension constante de 54,6V avec un coupure 100mA. La batterie peut \u00eatre d\u00e9charg\u00e9e en utilisant un courant constant de 0,2C et une tension finale de 39V.<br \/>\nLa batterie a une dur\u00e9e de vie de 500 cycles avec DOD80% et un courant de d\u00e9charge continu de 17A ou personnalis\u00e9. Le courant de d\u00e9charge de pointe est de 51A ou personnalis\u00e9. Le syst\u00e8me de gestion de la batterie (BMS) offre une protection contre les surintensit\u00e9s, une protection contre les d\u00e9charges excessives, une protection contre les surcharges, une protection contre les courts-circuits et un \u00e9quilibre. La batterie peut \u00eatre stock\u00e9e \u00e0 des temp\u00e9ratures entre -10-40\u2103 avec une humidit\u00e9 relative de 45-75% et une pression de 86-106KPa.<\/p>","protected":false},"featured_media":580,"template":"","meta":{"_kad_post_transparent":"default","_kad_post_title":"","_kad_post_layout":"default","_kad_post_sidebar_id":"","_kad_post_content_style":"default","_kad_post_vertical_padding":"default","_kad_post_feature":"","_kad_post_feature_position":"","_kad_post_header":false,"_kad_post_footer":false},"product_cat":[19,21],"product_tag":[354,353,326,351,355,356,352],"class_list":["post-579","product","type-product","status-publish","has-post-thumbnail","hentry","product_cat-custom-ebike-battery","product_cat-down-tube-ebike-battery","product_tag-battery-pack","product_tag-electric-bicycle-52v-20ah-battery","product_tag-electric-bicycle-battery-pack","product_tag-hailong-battery-52v-17-5ah","product_tag-hailong-s039-3-battery","product_tag-hailong-s039-3-electric-bicycle-battery","product_tag-lithium-ion-battery-pack","entry","content-bg","loop-entry"],"_links":{"self":[{"href":"https:\/\/bybatt.com\/fr\/wp-json\/wp\/v2\/product\/579","targetHints":{"allow":["GET"]}}],"collection":[{"href":"https:\/\/bybatt.com\/fr\/wp-json\/wp\/v2\/product"}],"about":[{"href":"https:\/\/bybatt.com\/fr\/wp-json\/wp\/v2\/types\/product"}],"wp:featuredmedia":[{"embeddable":true,"href":"https:\/\/bybatt.com\/fr\/wp-json\/wp\/v2\/media\/580"}],"wp:attachment":[{"href":"https:\/\/bybatt.com\/fr\/wp-json\/wp\/v2\/media?parent=579"}],"wp:term":[{"taxonomy":"product_cat","embeddable":true,"href":"https:\/\/bybatt.com\/fr\/wp-json\/wp\/v2\/product_cat?post=579"},{"taxonomy":"product_tag","embeddable":true,"href":"https:\/\/bybatt.com\/fr\/wp-json\/wp\/v2\/product_tag?post=579"}],"curies":[{"name":"wp","href":"https:\/\/api.w.org\/{rel}","templated":true}]}}