{"id":586,"date":"2023-02-20T04:07:10","date_gmt":"2023-02-20T04:07:10","guid":{"rendered":"https:\/\/bybatt.com\/?post_type=product&#038;p=586"},"modified":"2023-02-20T04:11:38","modified_gmt":"2023-02-20T04:11:38","slug":"52v-48v-hailong-ebike-battery-electric-bike-lithium-battery","status":"publish","type":"product","link":"https:\/\/bybatt.com\/fr\/produit\/52v-48v-hailong-ebike-battery-electric-bike-lithium-battery\/","title":{"rendered":"Batterie au lithium de v\u00e9lo \u00e9lectrique de batterie de Hailong Ebike de 52V 48V"},"content":{"rendered":"","protected":false},"excerpt":{"rendered":"<p>La batterie 52V\/48V Hailong Ebike est une batterie au lithium pour v\u00e9lo \u00e9lectrique con\u00e7ue pour alimenter un v\u00e9lo \u00e9lectrique. La batterie est compos\u00e9e de nouvelles cellules 100% provenant de fabricants de cellules de classe A au Japon ou en Cor\u00e9e, garantissant que la batterie a une construction de haute qualit\u00e9.<br \/>\nLa batterie est disponible en diff\u00e9rentes puissances, avec une tension nominale de 36\u00a0V\/48\u00a0V\/52\u00a0V et une capacit\u00e9 nominale de 17,4\u00a0Ah\/12\u00a0Ah\/13\u00a0Ah\/14,5\u00a0Ah\/17,5\u00a0Ah\/13\u00a0Ah, ce qui vous permet de choisir parmi diff\u00e9rentes options en fonction de votre exigences.<br \/>\nLes dimensions de la batterie sont de 365 mm x 90 mm x 110 mm, ce qui en fait une taille adapt\u00e9e \u00e0 la plupart des v\u00e9los \u00e9lectriques. La batterie est \u00e9quip\u00e9e d&#039;un BMS (Battery Management System) d&#039;un calibre de 25A\/30A, qui assure la s\u00e9curit\u00e9 et la long\u00e9vit\u00e9 de la batterie.<br \/>\nLa batterie est livr\u00e9e avec un chargeur, qui est disponible en trois puissances diff\u00e9rentes : 42 V 2 A\/54,6 V 2 A\/58,8 V 2 A, et la batterie a une tension de coupure de charge de 42 V\/54,6 V\/58,8 V et une coupure de d\u00e9charge tension de 28V\/36.4V\/39.2V.<br \/>\nLa batterie a une dur\u00e9e de vie de 80% apr\u00e8s 800 cycles, ce qui signifie qu&#039;elle peut \u00eatre charg\u00e9e et d\u00e9charg\u00e9e jusqu&#039;\u00e0 800 fois avant de perdre 20% de sa capacit\u00e9 d&#039;origine. Le type de batterie est Li (NiCoMn) O2 18650, qui est une chimie de batterie lithium-ion courante utilis\u00e9e dans les batteries de v\u00e9los \u00e9lectriques.<br \/>\nDans l&#039;ensemble, la batterie 52V\/48V Hailong Ebike est une batterie au lithium de haute qualit\u00e9 con\u00e7ue pour durer et fournir une source d&#039;alimentation fiable pour votre v\u00e9lo \u00e9lectrique.<\/p>","protected":false},"featured_media":587,"template":"","meta":{"_kad_post_transparent":"default","_kad_post_title":"","_kad_post_layout":"default","_kad_post_sidebar_id":"","_kad_post_content_style":"default","_kad_post_vertical_padding":"default","_kad_post_feature":"","_kad_post_feature_position":"","_kad_post_header":false,"_kad_post_footer":false},"product_cat":[19,21],"product_tag":[354,353,326,351,357,355,356,352],"class_list":["post-586","product","type-product","status-publish","has-post-thumbnail","hentry","product_cat-custom-ebike-battery","product_cat-down-tube-ebike-battery","product_tag-battery-pack","product_tag-electric-bicycle-52v-20ah-battery","product_tag-electric-bicycle-battery-pack","product_tag-hailong-battery-52v-17-5ah","product_tag-hailong-ebike-battery","product_tag-hailong-s039-3-battery","product_tag-hailong-s039-3-electric-bicycle-battery","product_tag-lithium-ion-battery-pack","entry","content-bg","loop-entry"],"_links":{"self":[{"href":"https:\/\/bybatt.com\/fr\/wp-json\/wp\/v2\/product\/586","targetHints":{"allow":["GET"]}}],"collection":[{"href":"https:\/\/bybatt.com\/fr\/wp-json\/wp\/v2\/product"}],"about":[{"href":"https:\/\/bybatt.com\/fr\/wp-json\/wp\/v2\/types\/product"}],"wp:featuredmedia":[{"embeddable":true,"href":"https:\/\/bybatt.com\/fr\/wp-json\/wp\/v2\/media\/587"}],"wp:attachment":[{"href":"https:\/\/bybatt.com\/fr\/wp-json\/wp\/v2\/media?parent=586"}],"wp:term":[{"taxonomy":"product_cat","embeddable":true,"href":"https:\/\/bybatt.com\/fr\/wp-json\/wp\/v2\/product_cat?post=586"},{"taxonomy":"product_tag","embeddable":true,"href":"https:\/\/bybatt.com\/fr\/wp-json\/wp\/v2\/product_tag?post=586"}],"curies":[{"name":"wp","href":"https:\/\/api.w.org\/{rel}","templated":true}]}}