{"id":593,"date":"2023-02-20T04:17:45","date_gmt":"2023-02-20T04:17:45","guid":{"rendered":"https:\/\/bybatt.com\/?post_type=product&#038;p=593"},"modified":"2023-03-05T16:17:11","modified_gmt":"2023-03-05T16:17:11","slug":"authorized-hailong-downtube-lithium-battery-pack-for-e-bike","status":"publish","type":"product","link":"https:\/\/bybatt.com\/fr\/produit\/pack-batterie-au-lithium-hailong-downtube-autorise-pour-e-bike\/","title":{"rendered":"Batterie au lithium Hailong Downtube autoris\u00e9e pour v\u00e9lo \u00e9lectrique"},"content":{"rendered":"","protected":false},"excerpt":{"rendered":"<p>La batterie au lithium Hailong Downtube autoris\u00e9e pour v\u00e9lo \u00e9lectrique est une batterie de haute qualit\u00e9 con\u00e7ue pour les v\u00e9los \u00e9lectriques. Il utilise de nouvelles cellules 100% et est disponible dans une gamme de tensions et de capacit\u00e9s pour s&#039;adapter \u00e0 diff\u00e9rents mod\u00e8les et applications de v\u00e9los \u00e9lectriques.<br \/>\nLes options de tension disponibles sont 72 V, 60 V, 36 V, 48 V et 52 V, tandis que les options de capacit\u00e9 disponibles sont 28,8 Ah, 24 Ah, 13 Ah, 15 Ah, 20 Ah et 18 Ah. La batterie est compos\u00e9e de G2500 Cell\/Samsung 35E, G2500 Cell, G2500 Cell, G2500 Cell.<br \/>\nCette batterie peut \u00eatre appliqu\u00e9e aux moteurs de v\u00e9lo \u00e9lectrique avec une plage de puissance de 200-1000W, 200-1500W, 200-1800W et 200-2200W. Les options BMS (Battery Management System) disponibles sont 30A, 40A et 50A, offrant une gestion de batterie efficace et fiable.<br \/>\nDans l&#039;ensemble, cette batterie au lithium Hailong Downtube est une source d&#039;alimentation fiable et performante pour les v\u00e9los \u00e9lectriques, ce qui en fait un excellent choix pour les amateurs de v\u00e9los \u00e9lectriques qui exigent le meilleur de leurs v\u00e9los \u00e9lectriques.<\/p>","protected":false},"featured_media":594,"template":"","meta":{"_kad_post_transparent":"default","_kad_post_title":"","_kad_post_layout":"default","_kad_post_sidebar_id":"","_kad_post_content_style":"default","_kad_post_vertical_padding":"default","_kad_post_feature":"","_kad_post_feature_position":"","_kad_post_header":false,"_kad_post_footer":false},"product_cat":[19,21],"product_tag":[354,353,326,351,358,357,355,356,352],"class_list":["post-593","product","type-product","status-publish","has-post-thumbnail","hentry","product_cat-custom-ebike-battery","product_cat-down-tube-ebike-battery","product_tag-battery-pack","product_tag-electric-bicycle-52v-20ah-battery","product_tag-electric-bicycle-battery-pack","product_tag-hailong-battery-52v-17-5ah","product_tag-hailong-downtube-lithium-battery","product_tag-hailong-ebike-battery","product_tag-hailong-s039-3-battery","product_tag-hailong-s039-3-electric-bicycle-battery","product_tag-lithium-ion-battery-pack","entry","content-bg","loop-entry"],"_links":{"self":[{"href":"https:\/\/bybatt.com\/fr\/wp-json\/wp\/v2\/product\/593","targetHints":{"allow":["GET"]}}],"collection":[{"href":"https:\/\/bybatt.com\/fr\/wp-json\/wp\/v2\/product"}],"about":[{"href":"https:\/\/bybatt.com\/fr\/wp-json\/wp\/v2\/types\/product"}],"wp:featuredmedia":[{"embeddable":true,"href":"https:\/\/bybatt.com\/fr\/wp-json\/wp\/v2\/media\/594"}],"wp:attachment":[{"href":"https:\/\/bybatt.com\/fr\/wp-json\/wp\/v2\/media?parent=593"}],"wp:term":[{"taxonomy":"product_cat","embeddable":true,"href":"https:\/\/bybatt.com\/fr\/wp-json\/wp\/v2\/product_cat?post=593"},{"taxonomy":"product_tag","embeddable":true,"href":"https:\/\/bybatt.com\/fr\/wp-json\/wp\/v2\/product_tag?post=593"}],"curies":[{"name":"wp","href":"https:\/\/api.w.org\/{rel}","templated":true}]}}