{"id":601,"date":"2023-02-20T04:24:12","date_gmt":"2023-02-20T04:24:12","guid":{"rendered":"https:\/\/bybatt.com\/?post_type=product&#038;p=601"},"modified":"2023-02-20T04:36:07","modified_gmt":"2023-02-20T04:36:07","slug":"24v-10ah-rechargeable-18650-battery-cells-battery-pack","status":"publish","type":"product","link":"https:\/\/bybatt.com\/fr\/produit\/24v-10ah-rechargeable-18650-battery-cells-battery-pack\/","title":{"rendered":"Batterie rechargeable 24V 10Ah 18650 cellules de batterie"},"content":{"rendered":"","protected":false},"excerpt":{"rendered":"<p>Le produit d\u00e9crit est une batterie rechargeable 24V 10Ah compos\u00e9e de 18650 cellules de batterie. La batterie se compose de 28 cellules, dispos\u00e9es dans une configuration \u00e0 7 s\u00e9ries 4 parall\u00e8les, chaque cellule ayant une capacit\u00e9 nominale de 2500 mAh et une tension nominale de 3,7 V.<br \/>\nLa batterie a une r\u00e9sistance de source inf\u00e9rieure \u00e0 40 m\u03a9, une tension de coupure de d\u00e9charge de 41 +\/- 1 V et une tension de coupure de charge de 29,4 V. Il a un courant de d\u00e9charge nominal de 10 A, un courant de d\u00e9charge maximal instantan\u00e9 de 30 A et un courant de d\u00e9charge continu maximal de 20 A. Le courant de charge continu maximum est de 5 A, et le mode de charge est CC\/CV, avec un courant de charge standard de 2 A et un temps de charge de 5 heures sous courant de charge standard. La charge rapide est \u00e9galement disponible avec un courant de charge rapide de 5A et un temps de charge de 2 heures sous courant de charge rapide.<br \/>\nLa batterie peut fonctionner dans une large plage de temp\u00e9ratures de -20 \u00e0 60 \u00b0C pour la charge et la d\u00e9charge. La taille de la batterie est de 225 x 130 x 85 mm, avec un poids net de 2 kg et un poids brut de 2,5 kg. Le fabricant confirme que toutes les cellules utilis\u00e9es dans la batterie sont 100% neuves.<\/p>","protected":false},"featured_media":602,"template":"","meta":{"_kad_post_transparent":"default","_kad_post_title":"","_kad_post_layout":"default","_kad_post_sidebar_id":"","_kad_post_content_style":"default","_kad_post_vertical_padding":"default","_kad_post_feature":"","_kad_post_feature_position":"","_kad_post_header":false,"_kad_post_footer":false},"product_cat":[19,21],"product_tag":[360,359,361,362,352,363],"class_list":["post-601","product","type-product","status-publish","has-post-thumbnail","hentry","product_cat-custom-ebike-battery","product_cat-down-tube-ebike-battery","product_tag-18650-battery-cells","product_tag-18650-battery-cells-battery-pack","product_tag-24v-10ah-silver-battery","product_tag-battery-rechargeable","product_tag-lithium-ion-battery-pack","product_tag-lithium-ion-e-bike-batteries-in-aluminum-cases","entry","content-bg","loop-entry"],"_links":{"self":[{"href":"https:\/\/bybatt.com\/fr\/wp-json\/wp\/v2\/product\/601","targetHints":{"allow":["GET"]}}],"collection":[{"href":"https:\/\/bybatt.com\/fr\/wp-json\/wp\/v2\/product"}],"about":[{"href":"https:\/\/bybatt.com\/fr\/wp-json\/wp\/v2\/types\/product"}],"wp:featuredmedia":[{"embeddable":true,"href":"https:\/\/bybatt.com\/fr\/wp-json\/wp\/v2\/media\/602"}],"wp:attachment":[{"href":"https:\/\/bybatt.com\/fr\/wp-json\/wp\/v2\/media?parent=601"}],"wp:term":[{"taxonomy":"product_cat","embeddable":true,"href":"https:\/\/bybatt.com\/fr\/wp-json\/wp\/v2\/product_cat?post=601"},{"taxonomy":"product_tag","embeddable":true,"href":"https:\/\/bybatt.com\/fr\/wp-json\/wp\/v2\/product_tag?post=601"}],"curies":[{"name":"wp","href":"https:\/\/api.w.org\/{rel}","templated":true}]}}