{"id":608,"date":"2023-02-20T04:38:46","date_gmt":"2023-02-20T04:38:46","guid":{"rendered":"https:\/\/bybatt.com\/?post_type=product&#038;p=608"},"modified":"2023-03-05T16:17:06","modified_gmt":"2023-03-05T16:17:06","slug":"24v-8ah-silverfish-ebike-battery-electric-bike-battery","status":"publish","type":"product","link":"https:\/\/bybatt.com\/fr\/produit\/24v-8ah-silverfish-ebike-battery-electric-bike-battery\/","title":{"rendered":"Batterie de v\u00e9lo \u00e9lectrique de batterie de Silverfish Ebike de 24V 8Ah"},"content":{"rendered":"","protected":false},"excerpt":{"rendered":"<p>La batterie 24V 8Ah Silverfish Ebike est une batterie de v\u00e9lo \u00e9lectrique fabriqu\u00e9e avec de nouvelles cellules de batterie Li-ion 100%. Il a une tension nominale de 24V ou 36V et une capacit\u00e9 nominale de 8Ah, 10Ah, 15Ah ou 20Ah, selon la configuration choisie. Les configurations disponibles sont 7S4P, 7S6P ou 7S8P, et les cellules de batterie utilis\u00e9es sont des cellules de qualit\u00e9 18650 A.<br \/>\nLa batterie est livr\u00e9e avec un BMS 15A adapt\u00e9 \u00e0 une utilisation avec un moteur 250W et un chargeur avec une sortie de 29,4V 2A. La tension de coupure de d\u00e9charge est fix\u00e9e \u00e0 19,6 V, et la batterie a une taille de 425*77*85 mm et un poids de 2,5 kg, 3 kg ou 3,8 kg, selon la configuration choisie.<br \/>\nLa batterie a une dur\u00e9e de vie d&#039;au moins 800 fois et peut fonctionner \u00e0 des temp\u00e9ratures allant de -10 \u00e0 45 degr\u00e9s Celsius. Il peut \u00eatre utilis\u00e9 comme batterie de v\u00e9lo \u00e9lectrique, pour une utilisation dans les pousse-pousse, les tricycles et les motos. La batterie a une protection contre les surcharges, une protection contre les d\u00e9charges excessives, une protection contre les surintensit\u00e9s, une protection contre les courts-circuits et une protection contre la r\u00e9sistance.<br \/>\nLa tension de charge est \u00e9quilibr\u00e9e pour la charge d&#039;une seule cellule, et le courant de charge continu maximal et le courant de d\u00e9charge continu maximal d\u00e9pendent de la configuration choisie. Dans l&#039;ensemble, cette batterie est une option de haute qualit\u00e9 pour ceux qui cherchent \u00e0 alimenter leurs v\u00e9los \u00e9lectriques et autres v\u00e9hicules.<\/p>","protected":false},"featured_media":609,"template":"","meta":{"_kad_post_transparent":"default","_kad_post_title":"","_kad_post_layout":"default","_kad_post_sidebar_id":"","_kad_post_content_style":"default","_kad_post_vertical_padding":"default","_kad_post_feature":"","_kad_post_feature_position":"","_kad_post_header":false,"_kad_post_footer":false},"product_cat":[19,21],"product_tag":[365,52,41,366,364],"class_list":["post-608","product","type-product","status-publish","has-post-thumbnail","hentry","product_cat-custom-ebike-battery","product_cat-down-tube-ebike-battery","product_tag-24v-8ah-lithium-ion-batteries","product_tag-battery","product_tag-electric-bicycle-battery","product_tag-lithium-battery","product_tag-silverfish-ebike-battery","entry","content-bg","loop-entry"],"_links":{"self":[{"href":"https:\/\/bybatt.com\/fr\/wp-json\/wp\/v2\/product\/608","targetHints":{"allow":["GET"]}}],"collection":[{"href":"https:\/\/bybatt.com\/fr\/wp-json\/wp\/v2\/product"}],"about":[{"href":"https:\/\/bybatt.com\/fr\/wp-json\/wp\/v2\/types\/product"}],"wp:featuredmedia":[{"embeddable":true,"href":"https:\/\/bybatt.com\/fr\/wp-json\/wp\/v2\/media\/609"}],"wp:attachment":[{"href":"https:\/\/bybatt.com\/fr\/wp-json\/wp\/v2\/media?parent=608"}],"wp:term":[{"taxonomy":"product_cat","embeddable":true,"href":"https:\/\/bybatt.com\/fr\/wp-json\/wp\/v2\/product_cat?post=608"},{"taxonomy":"product_tag","embeddable":true,"href":"https:\/\/bybatt.com\/fr\/wp-json\/wp\/v2\/product_tag?post=608"}],"curies":[{"name":"wp","href":"https:\/\/api.w.org\/{rel}","templated":true}]}}