{"id":205,"date":"2023-02-15T13:30:02","date_gmt":"2023-02-15T13:30:02","guid":{"rendered":"https:\/\/bybatt.com\/?post_type=product&#038;p=205"},"modified":"2023-02-15T15:11:20","modified_gmt":"2023-02-15T15:11:20","slug":"rechargeable-36-volt-lithium-battery-for-electric-bike","status":"publish","type":"product","link":"https:\/\/bybatt.com\/hr\/proizvod\/rechargeable-36-volt-lithium-battery-for-electric-bike\/","title":{"rendered":"Punjiva litijska baterija od 36 V za elektri\u010dni bicikl"},"content":{"rendered":"","protected":false},"excerpt":{"rendered":"<p>Predstavljamo na\u0161u punjivu litij-ionsku bateriju od 36 V, savr\u0161enu za razne primjene. S nominalnim naponom od 36 V i naponom punjenja od 42,5 V, ova baterija pru\u017ea pouzdano i dugotrajno napajanje. Dostupna u dva nominalna kapaciteta, 10,5 Ah i 17,5 Ah, ova baterija je prikladna za niz potreba.<br \/>\nBaterija ima standardnu struju punjenja od 4A i kontinuiranu struju pra\u017enjenja od 20A, s vr\u0161nom strujom pra\u017enjenja od 25A. Napon prekida pra\u017enjenja je 27,5 V, \u0161to osigurava sigurno i pouzdano pra\u017enjenje.<br \/>\nNa\u0161a baterija koristi pametno UART BMS rje\u0161enje, osiguravaju\u0107i da su sve kori\u0161tene \u0107elije nove 100%. Tako\u0111er ima balans napona punjenja za pojedina\u010dne \u0107elije, kao i za\u0161titu od prekomjernog punjenja, prekomjernog pra\u017enjenja, prekostrujne i kratke za\u0161tite. Baterija je dizajnirana da ima \u017eivotni ciklus od preko 500 puta i dostupna je u crnoj boji.<br \/>\nOva baterija je lagana, te\u017ei otprilike 3 kg, \u0161to ju \u010dini lakom za transport i kori\u0161tenje u nizu aplikacija. Na\u010din punjenja je putem DC napajanja\/punja\u010da, a baterija ima raspon temperature punjenja od 10\u00b0C do 45\u00b0C, te raspon temperature pra\u017enjenja od -20\u00b0C do 60\u00b0C.<br \/>\nOdaberite na\u0161u punjivu litij-ionsku bateriju od 36 V za pouzdano rje\u0161enje za napajanje visokih performansi koje zadovoljava sve va\u0161e potrebe.<\/p>","protected":false},"featured_media":208,"template":"","meta":{"_kad_post_transparent":"default","_kad_post_title":"","_kad_post_layout":"default","_kad_post_sidebar_id":"","_kad_post_content_style":"default","_kad_post_vertical_padding":"default","_kad_post_feature":"","_kad_post_feature_position":"","_kad_post_header":false,"_kad_post_footer":false},"product_cat":[20,19],"product_tag":[38,43,44,41,40,42,39],"class_list":["post-205","product","type-product","status-publish","has-post-thumbnail","hentry","product_cat-smart-ebike-battery","product_cat-custom-ebike-battery","product_tag-36-volt-lithium-battery","product_tag-ebike-battery","product_tag-ebike-conversion-kit","product_tag-electric-bicycle-battery","product_tag-electric-bike-lithium-battery","product_tag-lithium-ion-battery","product_tag-rechargeable-lithium-battery","entry","content-bg","loop-entry"],"_links":{"self":[{"href":"https:\/\/bybatt.com\/hr\/wp-json\/wp\/v2\/product\/205","targetHints":{"allow":["GET"]}}],"collection":[{"href":"https:\/\/bybatt.com\/hr\/wp-json\/wp\/v2\/product"}],"about":[{"href":"https:\/\/bybatt.com\/hr\/wp-json\/wp\/v2\/types\/product"}],"wp:featuredmedia":[{"embeddable":true,"href":"https:\/\/bybatt.com\/hr\/wp-json\/wp\/v2\/media\/208"}],"wp:attachment":[{"href":"https:\/\/bybatt.com\/hr\/wp-json\/wp\/v2\/media?parent=205"}],"wp:term":[{"taxonomy":"product_cat","embeddable":true,"href":"https:\/\/bybatt.com\/hr\/wp-json\/wp\/v2\/product_cat?post=205"},{"taxonomy":"product_tag","embeddable":true,"href":"https:\/\/bybatt.com\/hr\/wp-json\/wp\/v2\/product_tag?post=205"}],"curies":[{"name":"wp","href":"https:\/\/api.w.org\/{rel}","templated":true}]}}